{"id":148,"date":"2011-07-23T16:54:02","date_gmt":"2011-07-23T16:54:02","guid":{"rendered":"http:\/\/localhost\/swagh\/?page_id=148"},"modified":"2026-02-27T08:33:05","modified_gmt":"2026-02-27T07:33:05","slug":"sprawozdanie","status":"publish","type":"page","link":"https:\/\/swagh.agh.edu.pl\/?page_id=148","title":{"rendered":"Sprawozdania"},"content":{"rendered":"\n<h2 class=\"wp-block-heading\">2025<\/h2>\n\n\n\n<p><a href=\"https:\/\/swagh.agh.edu.pl\/wp-content\/uploads\/2026\/02\/Sprawozdanie-finansowe-SW-AGH-2025.pdf\" target=\"_blank\" rel=\"noreferrer noopener\">Sprawozdanie finansowe za 2025 rok. <\/a><\/p>\n\n\n\n<p><a href=\"https:\/\/swagh.agh.edu.pl\/wp-content\/uploads\/2026\/02\/Sprawozdanie-z-pracy-Zarzadu-SW-AGH-w-2025-roku.pdf\" target=\"_blank\" rel=\"noreferrer noopener\">Sprawozdanie z pracy Zarz\u0105du G\u0142\u00f3wnego SW AGH w 2025 roku.<\/a><\/p>\n\n\n\n<p><a href=\"https:\/\/swagh.agh.edu.pl\/wp-content\/uploads\/2026\/02\/sprawozdanie-AZ-2025.pdf\">Sprawozdanie z dzia\u0142alno\u015bci Zespo\u0142u ds. Akcji Zapom\u00f3g SW AGH w 2025 roku.<\/a><\/p>\n\n\n\n<h2 class=\"wp-block-heading\">2024<\/h2>\n\n\n\n<p><a href=\"https:\/\/swagh.agh.edu.pl\/wp-content\/uploads\/2025\/02\/Sprawozdanie-finansowe-Notax-2024.pdf\" target=\"_blank\" rel=\"noreferrer noopener\">Sprawozdanie finansowe za 2024 rok. <\/a><\/p>\n\n\n\n<p><a href=\"https:\/\/swagh.agh.edu.pl\/wp-content\/uploads\/2025\/02\/Sprawozdanie-merytoryczne_2024.pdf\">Sprawozdanie z pracy Zarz\u0105du G\u0142\u00f3wnego SW AGH w 2024 roku.<\/a><\/p>\n\n\n\n<p><a href=\"https:\/\/swagh.agh.edu.pl\/wp-content\/uploads\/2025\/02\/sprawozdanie-AZ-2024.pdf\">Sprawozdanie z dzia\u0142alno\u015bci Zespo\u0142u ds. Akcji Zapom\u00f3g SW AGH w 2024 roku.<\/a><\/p>\n\n\n\n<h2 class=\"wp-block-heading\">2023<\/h2>\n\n\n\n<p><a href=\"https:\/\/swagh.agh.edu.pl\/wp-content\/uploads\/2024\/03\/Image130324101245.pdf\" target=\"_blank\" rel=\"noreferrer noopener\">Sprawozdanie finansowe za 2023 rok. <\/a><\/p>\n\n\n\n<p><a href=\"https:\/\/swagh.agh.edu.pl\/wp-content\/uploads\/2024\/03\/ost_Sprawozdanie-merytoryczne_2023_TN-PC.pdf\" target=\"_blank\" rel=\"noreferrer noopener\">Sprawozdanie z pracy Zarz\u0105du G\u0142\u00f3wnego SW AGH w 2023 roku.<\/a> <\/p>\n\n\n\n<p><a href=\"https:\/\/swagh.agh.edu.pl\/wp-content\/uploads\/2024\/03\/Image130324101834.pdf\" target=\"_blank\" rel=\"noreferrer noopener\">Sprawozdanie z dzia\u0142alno\u015bci Zespo\u0142u ds. Akcji Zapom\u00f3g SW AGH w 2023 roku. <\/a> <\/p>\n\n\n\n<h2 class=\"wp-block-heading\">2022<\/h2>\n\n\n\n<p><a href=\"https:\/\/swagh.agh.edu.pl\/wp-content\/uploads\/2023\/02\/SNotax_KRK_23020614140.pdf\" target=\"_blank\" rel=\"noreferrer noopener\">Sprawozdanie finansowe za 2022 rok. <\/a><\/p>\n\n\n\n<p><a href=\"https:\/\/swagh.agh.edu.pl\/wp-content\/uploads\/2023\/02\/Sprawozdanie-merytoryczne_2022.pdf\" target=\"_blank\" rel=\"noreferrer noopener\">Sprawozdanie z pracy Zarz\u0105du G\u0142\u00f3wnego SW AGH w 2022 roku.<\/a>  <\/p>\n\n\n\n<p><a href=\"https:\/\/swagh.agh.edu.pl\/wp-content\/uploads\/2023\/02\/sprawozdanie-AZ-2022.pdf\" target=\"_blank\" rel=\"noreferrer noopener\">Sprawozdanie z dzia\u0142alno\u015bci Zespo\u0142u ds. Akcji Zapom\u00f3g SW AGH w 2022 roku. <\/a> <\/p>\n\n\n\n<h2 class=\"wp-block-heading\">2021<\/h2>\n\n\n\n<p><a rel=\"noreferrer noopener\" href=\"https:\/\/swagh.agh.edu.pl\/wp-content\/uploads\/2022\/03\/Sprawozdanie-finansowe-2021-Notax.pdf\" target=\"_blank\">Sprawozdanie finansowe za 2021 rok.<\/a><\/p>\n\n\n\n<p> <a href=\"https:\/\/swagh.agh.edu.pl\/wp-content\/uploads\/2022\/03\/Sprawozdanie-merytoryczne-z-dzialalnosci-SW-AGH-2021.pdf\" target=\"_blank\" rel=\"noreferrer noopener\">Sprawozdanie z pracy Zarz\u0105du G\u0142\u00f3wnego SW AGH w 2021 roku.<\/a> <\/p>\n\n\n\n<p> <a rel=\"noreferrer noopener\" href=\"https:\/\/swagh.agh.edu.pl\/wp-content\/uploads\/2022\/03\/sprawozdanie-AZ-2021.pdf\" target=\"_blank\">Sprawozdanie z dzia\u0142alno\u015bci Zespo\u0142u ds. Akcji Zapom\u00f3g SW AGH w 2021 roku. <\/a><\/p>\n\n\n\n<h2 class=\"wp-block-heading\">2020<\/h2>\n\n\n\n<p><a href=\"http:\/\/galaxy.agh.edu.pl\/~swagh\/wp-content\/uploads\/2021\/04\/SPRAWOZDANIE-FINANSOWE-2020-PRAWID\u0141OWE.pdf\" target=\"_blank\" rel=\"noreferrer noopener\" aria-label=\" (otwiera si\u0119 na nowej zak\u0142adce)\">Sprawozdanie finansowe za 2020 rok.<\/a><\/p>\n\n\n\n<p><a href=\"http:\/\/galaxy.agh.edu.pl\/~swagh\/wp-content\/uploads\/2021\/03\/Sprawozdanie_merytoryczne_2020-v-PC_09_02-21.pdf\" target=\"_blank\" rel=\"noreferrer noopener\" aria-label=\" (otwiera si\u0119 na nowej zak\u0142adce)\">Sprawozdanie z pracy Zarz\u0105du G\u0142\u00f3wnego SW AGH w 2020 roku.<\/a><\/p>\n\n\n\n<p><a href=\"http:\/\/galaxy.agh.edu.pl\/~swagh\/wp-content\/uploads\/2021\/03\/Sprawozdanie-AZ-2020.pdf\" target=\"_blank\" rel=\"noreferrer noopener\" aria-label=\" (otwiera si\u0119 na nowej zak\u0142adce)\">Sprawozdanie z dzia\u0142alno\u015bci Zespo\u0142u ds. Akcji Zapom\u00f3g SW AGH w 2020 roku.<\/a><\/p>\n\n\n<h2>2019<\/h2>\n<p><a href=\"http:\/\/galaxy.agh.edu.pl\/~swagh\/pdf\/sprawozdanie\/2020\/2019_sprawozdanie_finansowe__SW__AGH.pdf\" target=\"_blank\" rel=\"noopener noreferrer\">Sprawozdanie finansowe za 2019 rok<\/a><\/p>\n<p><a href=\"http:\/\/galaxy.agh.edu.pl\/~swagh\/pdf\/sprawozdanie\/2020\/2019_sprawozdanie_merytoryczne__SW__AGH.pdf\" target=\"_blank\" rel=\"noopener noreferrer\">Sprawozdanie z pracy Zarz\u0105du G\u0142\u00f3wnego SW AGH w 2019 roku<\/a><\/p>\n<h2>2018<\/h2>\n<p><a href=\"http:\/\/galaxy.agh.edu.pl\/~swagh\/pdf\/sprawozdanie\/2019\/2018_sprawozdanie_finansowe__SW__AGH.pdf\" target=\"_blank\" rel=\"noopener noreferrer\">Sprawozdanie finansowe za 2018 rok<\/a><\/p>\n<p><a href=\"http:\/\/galaxy.agh.edu.pl\/~swagh\/pdf\/sprawozdanie\/2019\/2018_sprawozdanie_merytoryczne__SW__AGH.pdf\" target=\"_blank\" rel=\"noopener noreferrer\">Sprawozdanie z pracy Zarz\u0105du G\u0142\u00f3wnego SW AGH w 2018 roku<\/a><\/p>\n<p><a href=\"http:\/\/galaxy.agh.edu.pl\/~swagh\/pdf\/sprawozdanie\/2019\/2018__sprawozdanie__AZ__SW__AGH.pdf\" target=\"_blank\" rel=\"noopener noreferrer\">Sprawozdanie z dzia\u0142alno\u015bci Zespo\u0142u ds. Akacji Zapom\u00f3g SW AGH w 2018 roku<\/a><\/p>\n<h2>2017<\/h2>\n<p><a href=\"http:\/\/galaxy.agh.edu.pl\/~swagh\/pdf\/sprawozdanie\/2018\/2017_rok_SW_AGH_sprawozdanie_finansowe.pdf\" target=\"_blank\" rel=\"noopener noreferrer\">Sprawozdanie finansowe za 2017 rok<\/a><\/p>\n<p><a href=\"http:\/\/galaxy.agh.edu.pl\/~swagh\/pdf\/sprawozdanie\/2018\/2017_rok_SW_AGH_sprawozdanie_merytoryczne.PDF\" target=\"_blank\" rel=\"noopener noreferrer\">Sprawozdanie z pracy Zarz\u0105du G\u0142\u00f3wnego SW AGH w 2017 roku<\/a><\/p>\n<h2>2016<\/h2>\n<p><a href=\"http:\/\/galaxy.agh.edu.pl\/~swagh\/pdf\/sprawozdanie\/2017\/Sprawozdanie merytoryczne za 2016 rok.pdf\" target=\"_blank\" rel=\"noopener noreferrer\">Sprawozdanie z dzia\u0142alno\u015bci&nbsp;<\/a><\/p>\n<p><a href=\"http:\/\/galaxy.agh.edu.pl\/~swagh\/pdf\/sprawozdanie\/2017\/sprawozdanie finansowe za rok 2016 (1).pdf\" target=\"_blank\" rel=\"noopener noreferrer\">Bilans 2016 &#8211; cz\u0119\u015b\u0107 I<\/a><\/p>\n<p><a href=\"http:\/\/galaxy.agh.edu.pl\/~swagh\/pdf\/sprawozdanie\/2017\/sprawozdanie finansowe za rok 2016 (2).pdf\" target=\"_blank\" rel=\"noopener noreferrer\">Informacja dodatkowa<\/a><\/p>\n<h2>2015<\/h2>\n<p><a href=\"http:\/\/galaxy.agh.edu.pl\/~swagh\/pdf\/sprawozdanie\/2016\/Sprawozdanie_merytoryczne_2015.pdf\" target=\"_blank\" rel=\"noopener noreferrer\">Sprawozdanie z dzia\u0142alno\u015bci<\/a><br \/><a href=\"http:\/\/galaxy.agh.edu.pl\/~swagh\/pdf\/sprawozdanie\/2016\/Sprawozdanie_finansowe_za_2015.pdf\" target=\"_blank\" rel=\"noopener noreferrer\">Bilans 2015<\/a><\/p>\n<h2>2014<\/h2>\n<p><a href=\"http:\/\/galaxy.agh.edu.pl\/~swagh\/pdf\/sprawozdanie\/2015\/sprawozdanie merytoryczne_2014.pdf\" target=\"_blank\" rel=\"noopener noreferrer\">Sprawozdanie z dzia\u0142alno\u015bci<\/a><\/p>\n<p><a href=\"http:\/\/galaxy.agh.edu.pl\/~swagh\/pdf\/sprawozdanie\/2015\/Bilans_i_RZiS_2014.pdf\" target=\"_blank\" rel=\"noopener noreferrer\">Bilans 2014<\/a><\/p>\n<p><a href=\"http:\/\/galaxy.agh.edu.pl\/~swagh\/pdf\/sprawozdanie\/2015\/informacja dodatkowa_2014.pdf\" target=\"_blank\" rel=\"noopener noreferrer\">Informacja dodatkowa za 2014 r.<\/a><\/p>\n<h2>2013<\/h2>\n<p><a href=\"\/swagh\/pdf\/sprawozdanie\/2014\/sprawozdanie.pdf\" target=\"_blank\" rel=\"noopener noreferrer\">Sprawozdanie z dzia\u0142alno\u015bci<\/a><\/p>\n<p><a href=\"http:\/\/galaxy.agh.edu.pl\/~swagh\/pdf\/sprawozdanie\/2014\/Rachunek.pdf\" target=\"_blank\" rel=\"noopener noreferrer\">Bilans 2013<\/a><\/p>\n<p><a href=\"http:\/\/galaxy.agh.edu.pl\/~swagh\/pdf\/sprawozdanie\/2014\/Informacja.pdf\" target=\"_blank\" rel=\"noopener noreferrer\">Informacja dodatkowa za 2013 r.<\/a><\/p>\n<\/p>\n<h2>2012<\/h2>\n<p><a href=\"\/swagh\/pdf\/sprawozdanie\/2013\/Sprawozdanie meryt_2012.pdf\" target=\"_blank\" rel=\"noopener noreferrer\">Sprawozdanie z dzia\u0142alno\u015bci<\/a><\/p>\n<p><a href=\"http:\/\/galaxy.agh.edu.pl\/~swagh\/pdf\/sprawozdanie\/2013\/Sprawozdanie_z_dzialalnosci_2012.pdf\" target=\"_blank\" rel=\"noopener noreferrer\">Sprawozdanie z pracy Zarz\u0105du G\u0142\u00f3wnego SW AGH w 2012 roku<\/a><\/p>\n<p><a href=\"http:\/\/galaxy.agh.edu.pl\/~swagh\/pdf\/sprawozdanie\/2013\/Bilans2012.pdf\" target=\"_blank\" rel=\"noopener noreferrer\">Bilans 2012<\/a><\/p>\n<p><a href=\"http:\/\/galaxy.agh.edu.pl\/~swagh\/pdf\/sprawozdanie\/2013\/Informacja_dodatkowa_2012.pdf\" target=\"_blank\" rel=\"noopener noreferrer\">Informacja dodatkowa za 2012 r.<\/a><\/p>\n<p><a href=\"http:\/\/galaxy.agh.edu.pl\/~swagh\/pdf\/sprawozdanie\/2013\/Rachunek_wynikow_2012.pdf\" target=\"_blank\" rel=\"noopener noreferrer\">Rachunek wynikow 2012<\/a><\/p>\n<p><a href=\"http:\/\/galaxy.agh.edu.pl\/~swagh\/pdf\/sprawozdanie\/2013\/Wprowadzenie_do_ sprawozdania_finans_2012.pdf\" target=\"_blank\" rel=\"noopener noreferrer\">Wprowadzenie do sprawozdania finansowego za 2012 rok<\/a><\/p>\n<\/p>\n<h2>2011<\/h2>\n<p><a href=\"\/swagh\/pdf\/sprawozdanie\/2012\/sprawozdanie merytoryczne_2011.pdf\" target=\"_blank\" rel=\"noopener noreferrer\">Sprawozdanie z dzia\u0142alno\u015bci merytorycznej SWAGH za 2011r.<\/a><\/p>\n<p><a href=\"http:\/\/galaxy.agh.edu.pl\/~swagh\/pdf\/sprawozdanie\/2012\/Bilans_ RZiS_ SWAGH.pdf\" target=\"_blank\" rel=\"noopener noreferrer\">Sprawozdanie finansowe za 2011r<\/a><\/p>\n<p><a href=\"http:\/\/galaxy.agh.edu.pl\/~swagh\/pdf\/sprawozdanie\/2012\/Materialy Zjazdowe.zip\" target=\"_blank\" rel=\"noopener noreferrer\">Materia\u0142y zjazdowe<\/a><\/p>\n<\/p>\n<h2>2010<\/h2>\n<p><a href=\"\/swagh\/pdf\/sprawozdanie\/2011\/meryt_2011.pdf\" target=\"_blank\" rel=\"noopener noreferrer\">Sprawozdanie z dzia\u0142alno\u015bci SWAGH za 2010r.<\/a><\/p>\n<p><a href=\"\/swagh\/pdf\/sprawozdanie\/2011\/zal12011.pdf\" target=\"_blank\" rel=\"noopener noreferrer\">Za\u0142\u0105cznik do sprawozdania<\/a><\/p>\n<p><a href=\"\/swagh\/pdf\/sprawozdanie\/2011\/inf_dod_2011.pdf\" target=\"_blank\" rel=\"noopener noreferrer\">informacje dodatkowe<\/a><\/p>\n<p><a href=\"\/swagh\/pdf\/sprawozdanie\/2011\/bilans2011.pdf\" target=\"_blank\" rel=\"noopener noreferrer\">Sprawozdanie finansowe za 2010r<\/a><\/p>\n<\/p>\n<h2>2009<\/h2>\n<p><a title=\"Wprowadzenie do sprawozdania finansowego 2009\" href=\"\/swagh\/pdf\/sprawozdanie\/2010\/wprowadzenie2009.pdf\" target=\"_blank\" rel=\"noopener noreferrer\">Wprowadzenie do sprawozdania finansowego za 2009r<\/a><\/p>\n<p><a title=\"Sprawozdanie z dzia\u0142alosci SWAGH\" href=\"\/swagh\/pdf\/sprawozdanie\/2010\/Spr2009c.pdf\" target=\"_blank\" rel=\"noopener noreferrer\">Sprawozdanie z dzia\u0142alosci SWAGH<\/a><\/p>\n<p><a title=\"Sprawozdanie finansowe za rok 2009\" href=\"\/swagh\/pdf\/sprawozdanie\/2010\/bilans2009.pdf\" target=\"_blank\" rel=\"noopener noreferrer\">Sprawozdanie finansowe<\/a><\/p>\n<p><a title=\"Informacje dodatkowe\" href=\"\/swagh\/pdf\/sprawozdanie\/2010\/inf_dod2009.pdf\" target=\"_blank\" rel=\"noopener noreferrer\">Sprawozdanie dodatkowe<\/a><\/p>\n<p><a title=\"Uchwala w sprawie zatwierdzenia wyniku finansowego za 2009\" href=\"\/swagh\/pdf\/sprawozdanie\/2010\/Uchwaly2009.pdf\" target=\"_blank\" rel=\"noopener noreferrer\">Uchwa\u0142a w sprawie zatwierdzenia wyniku finansowego za rok 2009<\/a><\/p>\n<p><a title=\"Protok\u00f3\u0142 Zjazdu\" href=\"\/swagh\/pdf\/sprawozdanie\/2010\/protok_NZK2009.pdf\" target=\"_blank\" rel=\"noopener noreferrer\">Protok\u00f3\u0142 obrad Nadzwyczajnego Zjazdu SWAGH<\/a><\/p>\n<h2>2008<\/h2>\n<p><a title=\"Sprawozdanie z dzia\u0142alosci SWAGH\" href=\"\/swagh\/pdf\/sprawozdanie\/2009\/sprawozdanie_dzialalnosc.pdf\" target=\"_blank\" rel=\"noopener noreferrer\">Sprawozdanie z dzia\u0142alosci SWAGH<\/a><\/p>\n<p><a title=\"Sprawozdanie finansowe za rok 2008\" href=\"\/swagh\/pdf\/sprawozdanie\/2009\/sprawozdanie_finansowe.pdf\" target=\"_blank\" rel=\"noopener noreferrer\">Sprawozdanie finansowe<\/a><\/p>\n<p><a title=\"Uchwala w sprawie zatwierdzenia wyniku finansowego za 2008\" href=\"\/swagh\/pdf\/sprawozdanie\/2009\/\/uchwala_nr3_2009.pdf\" target=\"_blank\" rel=\"noopener noreferrer\">Sprawozdanie dodatkowe<\/a><\/p>\n<p><a title=\"Uchwala w sprawie zatwierdzenia wyniku finansowego za 2008\" href=\"\/swagh\/pdf\/sprawozdanie\/2009\/\/uchwala_nr3_2009.pdf\" target=\"_blank\" rel=\"noopener noreferrer\">Uchwa\u0142a w sprawie zatwierdzenia wyniku finansowego za rok 2008<\/a><\/p>","protected":false},"excerpt":{"rendered":"<p>2025 Sprawozdanie finansowe za 2025 rok. Sprawozdanie z pracy Zarz\u0105du G\u0142\u00f3wnego SW AGH w 2025 roku. Sprawozdanie z dzia\u0142alno\u015bci Zespo\u0142u ds. Akcji Zapom\u00f3g SW AGH w 2025 roku. 2024 Sprawozdanie finansowe za 2024 rok. Sprawozdanie<\/p>\n","protected":false},"author":1,"featured_media":0,"parent":0,"menu_order":0,"comment_status":"closed","ping_status":"open","template":"","meta":{"footnotes":"","_links_to":"","_links_to_target":""},"class_list":["post-148","page","type-page","status-publish","hentry"],"_links":{"self":[{"href":"https:\/\/swagh.agh.edu.pl\/index.php?rest_route=\/wp\/v2\/pages\/148","targetHints":{"allow":["GET"]}}],"collection":[{"href":"https:\/\/swagh.agh.edu.pl\/index.php?rest_route=\/wp\/v2\/pages"}],"about":[{"href":"https:\/\/swagh.agh.edu.pl\/index.php?rest_route=\/wp\/v2\/types\/page"}],"author":[{"embeddable":true,"href":"https:\/\/swagh.agh.edu.pl\/index.php?rest_route=\/wp\/v2\/users\/1"}],"replies":[{"embeddable":true,"href":"https:\/\/swagh.agh.edu.pl\/index.php?rest_route=%2Fwp%2Fv2%2Fcomments&post=148"}],"version-history":[{"count":62,"href":"https:\/\/swagh.agh.edu.pl\/index.php?rest_route=\/wp\/v2\/pages\/148\/revisions"}],"predecessor-version":[{"id":7918,"href":"https:\/\/swagh.agh.edu.pl\/index.php?rest_route=\/wp\/v2\/pages\/148\/revisions\/7918"}],"wp:attachment":[{"href":"https:\/\/swagh.agh.edu.pl\/index.php?rest_route=%2Fwp%2Fv2%2Fmedia&parent=148"}],"curies":[{"name":"wp","href":"https:\/\/api.w.org\/{rel}","templated":true}]}}