{"id":159,"date":"2011-07-23T17:13:43","date_gmt":"2011-07-23T17:13:43","guid":{"rendered":"http:\/\/localhost\/swagh\/?page_id=159"},"modified":"2026-03-23T14:08:02","modified_gmt":"2026-03-23T13:08:02","slug":"159-2","status":"publish","type":"page","link":"https:\/\/swagh.agh.edu.pl\/?page_id=159","title":{"rendered":"Publikacje"},"content":{"rendered":"\n<figure class=\"wp-block-table\"><table><tbody><tr><td><a href=\"https:\/\/swagh.agh.edu.pl\/pdf\/publikacje\/Sprawozdanie_SW_2021_2025.pdf\"><img loading=\"lazy\" decoding=\"async\" width=\"150\" height=\"212\" class=\"wp-image-7982\" style=\"width: 150px;\" src=\"https:\/\/swagh.agh.edu.pl\/wp-content\/uploads\/2026\/03\/sprawozdanie_2021_2025_okladka.jpg\" alt=\"\" srcset=\"https:\/\/swagh.agh.edu.pl\/wp-content\/uploads\/2026\/03\/sprawozdanie_2021_2025_okladka.jpg 786w, https:\/\/swagh.agh.edu.pl\/wp-content\/uploads\/2026\/03\/sprawozdanie_2021_2025_okladka-212x300.jpg 212w, https:\/\/swagh.agh.edu.pl\/wp-content\/uploads\/2026\/03\/sprawozdanie_2021_2025_okladka-724x1024.jpg 724w, https:\/\/swagh.agh.edu.pl\/wp-content\/uploads\/2026\/03\/sprawozdanie_2021_2025_okladka-768x1086.jpg 768w\" sizes=\"auto, (max-width: 150px) 100vw, 150px\" \/><\/a><\/td><td><a href=\"https:\/\/swagh.agh.edu.pl\/pdf\/publikacje\/Sprawozdanie_SW_2021_2025.pdf\">Sprawozdanie Zarz\u0105du G\u0142\u00f3wnego i G\u0142\u00f3wnej Komisji Rewizyjnej z dzia\u0142alno\u015bci w kadencji 2021\u20132025<\/a><\/td><\/tr><tr><td><img loading=\"lazy\" decoding=\"async\" width=\"150\" height=\"144\" class=\"wp-image-7706\" style=\"width: 150px;\" src=\"https:\/\/swagh.agh.edu.pl\/wp-content\/uploads\/2025\/10\/Kronika_SW_2016_2025__okladka-scaled.jpg\" alt=\"\" srcset=\"https:\/\/swagh.agh.edu.pl\/wp-content\/uploads\/2025\/10\/Kronika_SW_2016_2025__okladka-scaled.jpg 2560w, https:\/\/swagh.agh.edu.pl\/wp-content\/uploads\/2025\/10\/Kronika_SW_2016_2025__okladka-300x287.jpg 300w, https:\/\/swagh.agh.edu.pl\/wp-content\/uploads\/2025\/10\/Kronika_SW_2016_2025__okladka-1024x981.jpg 1024w, https:\/\/swagh.agh.edu.pl\/wp-content\/uploads\/2025\/10\/Kronika_SW_2016_2025__okladka-768x736.jpg 768w, https:\/\/swagh.agh.edu.pl\/wp-content\/uploads\/2025\/10\/Kronika_SW_2016_2025__okladka-1536x1472.jpg 1536w, https:\/\/swagh.agh.edu.pl\/wp-content\/uploads\/2025\/10\/Kronika_SW_2016_2025__okladka-2048x1962.jpg 2048w\" sizes=\"auto, (max-width: 150px) 100vw, 150px\" \/><\/td><td><a href=\"https:\/\/swagh.agh.edu.pl\/pdf\/Kronika_SW_2016_2025.pdf\">Kronika Stowarzyszenia Wychowank\u00f3w AGH 2016\u20132025<\/a><br><br><a href=\"https:\/\/biuletyn.agh.edu.pl\/home\/biuletyn\/wydania\/2025\/2025_PDF\/211__10__2025.pdf\">O jubileuszu 80-lecia SW w Biuletynie AGH \u2013 strony 37\u201342<\/a><\/td><\/tr><tr><td><img loading=\"lazy\" decoding=\"async\" width=\"150\" height=\"220\" class=\"wp-image-6252\" style=\"width: 150px;\" src=\"https:\/\/swagh.agh.edu.pl\/wp-content\/uploads\/2023\/07\/Najpierw-oddech.png\" alt=\"\" srcset=\"https:\/\/swagh.agh.edu.pl\/wp-content\/uploads\/2023\/07\/Najpierw-oddech.png 612w, https:\/\/swagh.agh.edu.pl\/wp-content\/uploads\/2023\/07\/Najpierw-oddech-205x300.png 205w\" sizes=\"auto, (max-width: 150px) 100vw, 150px\" \/><\/td><td>Ewa El\u017cbieta Nowakowska<br>NAJPIERW ODDECH<br>Eseje, recenzje, szkice<\/td><\/tr><tr><td><img loading=\"lazy\" decoding=\"async\" width=\"150\" height=\"218\" class=\"wp-image-6241\" style=\"width: 150px;\" src=\"https:\/\/swagh.agh.edu.pl\/wp-content\/uploads\/2023\/07\/Obraz11.jpg\" alt=\"\" srcset=\"https:\/\/swagh.agh.edu.pl\/wp-content\/uploads\/2023\/07\/Obraz11.jpg 211w, https:\/\/swagh.agh.edu.pl\/wp-content\/uploads\/2023\/07\/Obraz11-206x300.jpg 206w\" sizes=\"auto, (max-width: 150px) 100vw, 150px\" \/><\/td><td><a rel=\"noreferrer noopener\" href=\"https:\/\/swagh.agh.edu.pl\/wp-content\/uploads\/2023\/07\/Spis-tresci-pdf.pdf\" target=\"_blank\">Magdalena Bernacka, Piotr Czaja<br>CZYTELNIO POLSKA, CZE\u015a\u0106 CI, CZE\u015a\u0106&#8221;- Dorobek polskich s\u0142uchaczy Akademii G\u00f3rniczej w Leoben.<\/a><br><br><a href=\"https:\/\/swagh.agh.edu.pl\/wp-content\/uploads\/2023\/07\/CZYTELNIO-POLSKA-CZESC-CI-CZESC-informacje-ogolne-\u2014-kopia.pdf\" target=\"_blank\" rel=\"noreferrer noopener\">O KSI\u0104\u017bCE<\/a><\/td><\/tr><tr><td><img decoding=\"async\" class=\"wp-image-6000\" style=\"width: 150px;\" src=\"https:\/\/swagh.agh.edu.pl\/wp-content\/uploads\/2023\/03\/NON-OMNIS-2022.png\" alt=\"\"><\/td><td><a href=\"https:\/\/swagh.agh.edu.pl\/wp-content\/uploads\/2023\/03\/2022_groby_profesorow_sw_agh_Zeszyt_V.pdf\" target=\"_blank\" rel=\"noreferrer noopener\">Hieronim Sie\u0144ski<br>NON OMNIS MORIAR&#8230;<br>Groby Profesor\u00f3w- Zeszyt 5- 2022<\/a><\/td><\/tr><tr><td><img decoding=\"async\" src=\"https:\/\/swagh.agh.edu.pl\/wp-content\/uploads\/2022\/03\/2021_groby_rektorow__okladka__010.jpg\"><\/td><td><a href=\"https:\/\/swagh.agh.edu.pl\/wp-content\/uploads\/2022\/03\/2021_groby_rektorow_non_omnis_moriar.pdf\" target=\"_blank\" rel=\"noreferrer noopener\">Hieronim Sie\u0144ski<br>NON OMNIS MORIAR&#8230;<br>Groby Rektor\u00f3w Akademii G\u00f3rniczej i Akademii G\u00f3rniczo- Hutniczej- Zeszyt 2021<\/a><\/td><\/tr><tr><td><a href=\"https:\/\/swagh.agh.edu.pl\/wp-content\/uploads\/2021\/11\/historia-kol.png\"><img loading=\"lazy\" decoding=\"async\" width=\"116\" height=\"167\" src=\"https:\/\/swagh.agh.edu.pl\/wp-content\/uploads\/2021\/11\/historia-kol-208x300.png\" alt=\"\"><\/a><\/td><td><a href=\"https:\/\/swagh.agh.edu.pl\/wp-content\/uploads\/2021\/11\/Historia_Kol_SW_AGH_do_2019_roku.pdf\" target=\"_blank\" rel=\"noreferrer noopener\">Kazimierz Matl, Teresa Nosal<br>Historia_K\u00f3\u0142_SW_AGH_<\/a><\/td><\/tr><tr><td><a href=\"https:\/\/swagh.agh.edu.pl\/wp-content\/uploads\/2021\/11\/groby-2020.png\"><img loading=\"lazy\" decoding=\"async\" width=\"141\" height=\"207\" src=\"https:\/\/swagh.agh.edu.pl\/wp-content\/uploads\/2021\/11\/groby-2020-204x300.png\" alt=\"\"><\/a><\/td><td><a href=\"https:\/\/swagh.agh.edu.pl\/wp-content\/uploads\/2021\/11\/2020_groby_profesorow_sw_agh.pdf\" target=\"_blank\" rel=\"noreferrer noopener\">Hieronim Sie\u0144ski <\/a><br><a href=\"https:\/\/swagh.agh.edu.pl\/wp-content\/uploads\/2021\/11\/2020_groby_profesorow_sw_agh.pdf\" target=\"_blank\" rel=\"noreferrer noopener\">NON OMNIS MORIAR&#8230; <\/a><br><a href=\"https:\/\/swagh.agh.edu.pl\/wp-content\/uploads\/2021\/11\/2020_groby_profesorow_sw_agh.pdf\" target=\"_blank\" rel=\"noreferrer noopener\">Groby Profesorow- Zeszyt 2020<\/a><\/td><\/tr><tr><td><a href=\"https:\/\/swagh.agh.edu.pl\/wp-content\/uploads\/2021\/10\/01-1-1.jpg\"><img loading=\"lazy\" decoding=\"async\" width=\"113\" height=\"164\" src=\"https:\/\/swagh.agh.edu.pl\/wp-content\/uploads\/2021\/10\/01-1-1-206x300.jpg\" alt=\"\"><\/a><\/td><td><a rel=\"noreferrer noopener\" href=\"https:\/\/swagh.agh.edu.pl\/wp-content\/uploads\/2021\/10\/2019_groby_profesorow_sw_agh.pdf\" target=\"_blank\">Hieronim Sie\u0144ski<br>NON OMNIS MORIAR\u2026<br>Groby profesor\u00f3w AGH<br>Cmentarz Rakowicki \u2013 ZESZYT 2019<\/a><\/td><\/tr><tr><td><a href=\"https:\/\/swagh.agh.edu.pl\/wp-content\/uploads\/2021\/10\/01-1.jpg\"><img loading=\"lazy\" decoding=\"async\" width=\"115\" height=\"168\" src=\"https:\/\/swagh.agh.edu.pl\/wp-content\/uploads\/2021\/10\/01-1-206x300.jpg\" alt=\"\"><\/a><\/td><td><br><a rel=\"noreferrer noopener\" href=\"https:\/\/swagh.agh.edu.pl\/wp-content\/uploads\/2021\/10\/2018_groby_profesorow_sw_agh_zeszyt__01.pdf\" target=\"_blank\">Hieronim Sie\u0144ski<br>NON OMNIS MORIAR\u2026<br>Groby profesor\u00f3w AGH<br>Cmentarz Rakowicki<\/a><\/td><\/tr><tr><td><a href=\"https:\/\/swagh.agh.edu.pl\/wp-content\/uploads\/2021\/10\/2015_kronika_70_lecia_SW_AGH.pdf\"><img loading=\"lazy\" decoding=\"async\" width=\"128\" height=\"185\" src=\"https:\/\/swagh.agh.edu.pl\/wp-content\/uploads\/2021\/10\/201604290912_0001_3_p2-710x1024-1-208x300.jpg\" alt=\"\"><\/a><\/td><td><a rel=\"noreferrer noopener\" href=\"https:\/\/swagh.agh.edu.pl\/wp-content\/uploads\/2021\/10\/2015_kronika_70_lecia_SW_AGH.pdf\" target=\"_blank\">Kazimierz Matl, Kronika Stowarzyszenia Wychowank\u00f3w Akademii G\u00f3rniczo-Hutniczej im. Stanis\u0142awa Staszica w Krakowie 1945-2015<\/a><\/td><\/tr><tr><td><a href=\"https:\/\/swagh.agh.edu.pl\/wp-content\/uploads\/2021\/10\/vivat_okl_024-1.jpg\"><img loading=\"lazy\" decoding=\"async\" width=\"126\" height=\"180\" src=\"https:\/\/swagh.agh.edu.pl\/wp-content\/uploads\/2021\/10\/vivat_okl_024-1.jpg\" alt=\"\"><\/a><\/td><td><a href=\"http:\/\/vivat.agh.edu.pl\/\">Vivat Akademia &#8211; Periodyk Akademii G\u00f3rniczo-Hutniczej dla absolwent\u00f3w<\/a><\/td><\/tr><tr><td><a href=\"https:\/\/swagh.agh.edu.pl\/wp-content\/uploads\/2021\/10\/wspomnienia_II-707x1024-1.jpg\"><img loading=\"lazy\" decoding=\"async\" width=\"111\" height=\"161\" src=\"https:\/\/swagh.agh.edu.pl\/wp-content\/uploads\/2021\/10\/wspomnienia_II-707x1024-1-207x300.jpg\" alt=\"\"><\/a><\/td><td>&nbsp;<a rel=\"noreferrer noopener\" href=\"https:\/\/swagh.agh.edu.pl\/wp-content\/uploads\/2021\/10\/2016_SW_wspomnienia_zeszyt_02.pdf\" target=\"_blank\">Wspomnienia Wychowank\u00f3w Akademii G\u00f3rniczo-Hutniczej, 2016, Zeszyt II<\/a><\/td><\/tr><tr><td><a href=\"https:\/\/swagh.agh.edu.pl\/wp-content\/uploads\/2021\/10\/wspomnienia-I.png\"><img loading=\"lazy\" decoding=\"async\" width=\"122\" height=\"177\" src=\"https:\/\/swagh.agh.edu.pl\/wp-content\/uploads\/2021\/10\/wspomnienia-I-206x300.png\" alt=\"\"><\/a><\/td><td><a rel=\"noreferrer noopener\" href=\"https:\/\/swagh.agh.edu.pl\/wp-content\/uploads\/2021\/10\/2015_SW_wspomnienia_zeszyt_01.pdf\" target=\"_blank\">Wspomnienia wychowank\u00f3w Akademii G\u00f3rniczo-Hutniczej, zeszyt I<\/a><\/td><\/tr><tr><td><a href=\"https:\/\/swagh.agh.edu.pl\/wp-content\/uploads\/2021\/10\/unnamed-4.jpg\"><img loading=\"lazy\" decoding=\"async\" width=\"129\" height=\"188\" src=\"https:\/\/swagh.agh.edu.pl\/wp-content\/uploads\/2021\/10\/unnamed-4-206x300.jpg\" alt=\"\"><\/a><\/td><td>Janusz Tadeusz Panasiewicz, Cz\u0142owiek i dzie\u0142o, Stanis\u0142aw Staszic i Towarzystwo Rolnicze Hrubieszowskie<\/td><\/tr><tr><td><a href=\"https:\/\/swagh.agh.edu.pl\/wp-content\/uploads\/2021\/10\/71325c7f4f03891d6eb03de40c2b.jpg\"><img loading=\"lazy\" decoding=\"async\" width=\"128\" height=\"183\" src=\"https:\/\/swagh.agh.edu.pl\/wp-content\/uploads\/2021\/10\/71325c7f4f03891d6eb03de40c2b-210x300.jpg\" alt=\"\"><\/a><\/td><td>Stanis\u0142aw Staszic organizator nauki i gospodarki<\/td><\/tr><tr><td><a href=\"https:\/\/swagh.agh.edu.pl\/wp-content\/uploads\/2021\/10\/Kronika-60-lecia.png\"><img loading=\"lazy\" decoding=\"async\" width=\"136\" height=\"198\" src=\"https:\/\/swagh.agh.edu.pl\/wp-content\/uploads\/2021\/10\/Kronika-60-lecia-206x300.png\" alt=\"\"><\/a><\/td><td><a rel=\"noreferrer noopener\" href=\"\/swagh\/pdf\/publikacje\/kronika\/Kronika_SWAGH.pdf\" target=\"_blank\">Kazimierz Matl, &#8222;Kronika 60-lecia Stowarzyszenia Wychowank\u00f3w Akademii&nbsp;<\/a><br><a rel=\"noreferrer noopener\" href=\"https:\/\/swagh.agh.edu.pl\/wp-content\/uploads\/2021\/10\/Kronika_SWAGH.pdf\" target=\"_blank\">G\u00f3rniczo-Hutniczej im. Stanis\u0142awa Staszica w Krakowie, 1945-2005<\/a><\/td><\/tr><tr><td><a href=\"https:\/\/swagh.agh.edu.pl\/wp-content\/uploads\/2021\/10\/unnamed-2.jpg\"><img loading=\"lazy\" decoding=\"async\" width=\"122\" height=\"177\" src=\"https:\/\/swagh.agh.edu.pl\/wp-content\/uploads\/2021\/10\/unnamed-2-206x300.jpg\" alt=\"\"><\/a><\/td><td>J\u00f3zef Morozewicz uczony i wsp\u00f3\u0142organizator Akademii G\u00f3rniczej w Krakowie<\/td><\/tr><tr><td><a href=\"https:\/\/swagh.agh.edu.pl\/wp-content\/uploads\/2021\/10\/8c6bbc334a43b783c966f305f0d8.jpg\"><img loading=\"lazy\" decoding=\"async\" width=\"123\" height=\"202\" src=\"https:\/\/swagh.agh.edu.pl\/wp-content\/uploads\/2021\/10\/8c6bbc334a43b783c966f305f0d8-183x300.jpg\" alt=\"\"><\/a><\/td><td>G\u00f3rnicza lampa si\u0119 pali \u2026<\/td><\/tr><tr><td><a href=\"https:\/\/swagh.agh.edu.pl\/wp-content\/uploads\/2021\/10\/unnamed-3.jpg\"><img loading=\"lazy\" decoding=\"async\" width=\"125\" height=\"194\" src=\"https:\/\/swagh.agh.edu.pl\/wp-content\/uploads\/2021\/10\/unnamed-3-193x300.jpg\" alt=\"\"><\/a><\/td><td>W zgodzie z g\u00f3rnicz\u0105 tradycj\u0105 &#8211; AGH pe\u0142na historii<\/td><\/tr><tr><td><a href=\"https:\/\/swagh.agh.edu.pl\/wp-content\/uploads\/2021\/10\/unnamed-1.jpg\"><img loading=\"lazy\" decoding=\"async\" width=\"78\" height=\"117\" src=\"https:\/\/swagh.agh.edu.pl\/wp-content\/uploads\/2021\/10\/unnamed-1-201x300.jpg\" alt=\"\"><\/a><a href=\"https:\/\/swagh.agh.edu.pl\/wp-content\/uploads\/2021\/10\/unnamed.jpg\"><img loading=\"lazy\" decoding=\"async\" width=\"75\" height=\"109\" src=\"https:\/\/swagh.agh.edu.pl\/wp-content\/uploads\/2021\/10\/unnamed-207x300.jpg\" alt=\"\"><\/a><\/td><td>Nasi olimpijczycy z Akademii G\u00f3rniczo-Hutniczej i Politechniki Krakowskiej<\/td><\/tr><tr><td><a href=\"https:\/\/swagh.agh.edu.pl\/wp-content\/uploads\/2021\/10\/20150507095745422_00011-724x1024-1.jpg\"><img loading=\"lazy\" decoding=\"async\" width=\"134\" height=\"190\" src=\"https:\/\/swagh.agh.edu.pl\/wp-content\/uploads\/2021\/10\/20150507095745422_00011-724x1024-1-212x300.jpg\" alt=\"\"><\/a><\/td><td>Osada kultury p\u00f3l popielnicowych w Grzybianach ko\u0142o Legnicy<\/td><\/tr><tr><td><a href=\"https:\/\/swagh.agh.edu.pl\/wp-content\/uploads\/2021\/10\/20150507101211624_0001_-721x1024-1.jpg\"><img loading=\"lazy\" decoding=\"async\" width=\"128\" height=\"182\" src=\"https:\/\/swagh.agh.edu.pl\/wp-content\/uploads\/2021\/10\/20150507101211624_0001_-721x1024-1-211x300.jpg\" alt=\"\"><\/a><\/td><td>W poszukiwaniu w\u0142a\u015bciwej drogi<\/td><\/tr><tr><td><a href=\"https:\/\/swagh.agh.edu.pl\/wp-content\/uploads\/2021\/10\/201604290912_0001_5_p_-723x1024-1.jpg\"><img loading=\"lazy\" decoding=\"async\" width=\"128\" height=\"181\" src=\"https:\/\/swagh.agh.edu.pl\/wp-content\/uploads\/2021\/10\/201604290912_0001_5_p_-723x1024-1-212x300.jpg\" alt=\"\"><\/a><\/td><td>Terenowe Ko\u0142o Grodzkie SW AGH &#8222;Czeczott&#8221; w Tychach, Kronika 2004-2014, tom 1<\/td><\/tr><\/tbody><\/table><\/figure>\n\n\n\n<p><\/p>\n","protected":false},"excerpt":{"rendered":"<p>Sprawozdanie Zarz\u0105du G\u0142\u00f3wnego i G\u0142\u00f3wnej Komisji Rewizyjnej z dzia\u0142alno\u015bci w kadencji 2021\u20132025 Kronika Stowarzyszenia Wychowank\u00f3w AGH 2016\u20132025 O jubileuszu 80-lecia SW w Biuletynie AGH \u2013 strony 37\u201342 Ewa El\u017cbieta NowakowskaNAJPIERW ODDECHEseje, recenzje, szkice Magdalena Bernacka,<\/p>\n","protected":false},"author":1,"featured_media":0,"parent":0,"menu_order":0,"comment_status":"closed","ping_status":"open","template":"","meta":{"footnotes":"","_links_to":"","_links_to_target":""},"class_list":["post-159","page","type-page","status-publish","hentry"],"_links":{"self":[{"href":"https:\/\/swagh.agh.edu.pl\/index.php?rest_route=\/wp\/v2\/pages\/159","targetHints":{"allow":["GET"]}}],"collection":[{"href":"https:\/\/swagh.agh.edu.pl\/index.php?rest_route=\/wp\/v2\/pages"}],"about":[{"href":"https:\/\/swagh.agh.edu.pl\/index.php?rest_route=\/wp\/v2\/types\/page"}],"author":[{"embeddable":true,"href":"https:\/\/swagh.agh.edu.pl\/index.php?rest_route=\/wp\/v2\/users\/1"}],"replies":[{"embeddable":true,"href":"https:\/\/swagh.agh.edu.pl\/index.php?rest_route=%2Fwp%2Fv2%2Fcomments&post=159"}],"version-history":[{"count":80,"href":"https:\/\/swagh.agh.edu.pl\/index.php?rest_route=\/wp\/v2\/pages\/159\/revisions"}],"predecessor-version":[{"id":7986,"href":"https:\/\/swagh.agh.edu.pl\/index.php?rest_route=\/wp\/v2\/pages\/159\/revisions\/7986"}],"wp:attachment":[{"href":"https:\/\/swagh.agh.edu.pl\/index.php?rest_route=%2Fwp%2Fv2%2Fmedia&parent=159"}],"curies":[{"name":"wp","href":"https:\/\/api.w.org\/{rel}","templated":true}]}}