{"id":183,"date":"2011-07-23T18:07:29","date_gmt":"2011-07-23T18:07:29","guid":{"rendered":"http:\/\/localhost\/swagh\/?page_id=183"},"modified":"2025-04-04T11:52:25","modified_gmt":"2025-04-04T09:52:25","slug":"ankieta-absolwenta","status":"publish","type":"page","link":"https:\/\/swagh.agh.edu.pl\/?page_id=183","title":{"rendered":"Zapisz si\u0119 do SW AGH"},"content":{"rendered":"<h2>Jeste\u015b Absolwentem AGH<br \/>\nwst\u0105p do Stowarzyszenia Wychowank\u00f3w naszej uczelni<\/h2>\n<hr \/>\n<p><strong>Zanim klikniesz przycisk<\/strong><\/p>\n<p><a href=\"https:\/\/sw.agh.edu.pl\/admin\/login\" target=\"_blank\" rel=\"noopener\"><span style=\"color: white; background-color: #a71930; padding: 3px 10px 3px 10px; font-weight: bold;\">Zapisz si\u0119 do SW AGH<\/span><\/a><\/p>\n<p><strong>przeczytaj i upewnij si\u0119, \u017ce warto<\/strong><\/p>\n<hr \/>\n<p><strong>Organizacje absolwenckie na \u015bwiecie \u2013 \u017ar\u00f3d\u0142em wielkiej satysfakcji wychowank\u00f3w uczelni<\/strong><\/p>\n<p>Wi\u0119kszo\u015b\u0107 uczelni na \u015bwiecie posiada organizacje i stowarzyszenia zrzeszaj\u0105ce swoich absolwent\u00f3w. W niekt\u00f3rych krajach, jak USA, Francja, czy Niemcy przynale\u017cno\u015b\u0107 do stowarzyszenia absolwent\u00f3w jest traktowana jako wielki honor i wyr\u00f3\u017cnienie. Absolwenci, kt\u00f3rzy dzi\u0119ki dyplomowi swojej uczelni osi\u0105gn\u0119li sukces ekonomiczny i nie rzadko zdobyli s\u0142aw\u0119 na \u015bwiecie przekazuj\u0105 do stowarzysze\u0144 wielkie fortuny, kt\u00f3re pozwalaj\u0105 tym instytucjom funkcjonowa\u0107 bardzo efektywnie i\u00a0nawet w niekt\u00f3rych sprawach badawczych liderowa\u0107 przy realizacji niekt\u00f3rych ambitnych program\u00f3w badawczych.<\/p>\n<p><strong>Stowarzyszenie Wychowank\u00f3w AGH<\/strong><\/p>\n<p>jest najstarsz\u0105 tego typu organizacj\u0105 w Polsce. Powsta\u0142a ona z\u00a0potrzeby serca, z potrzeby pomagania tym, kt\u00f3rzy w czasie II Wojny \u015awiatowej ucierpieli, stracili swoich wsp\u00f3\u0142ma\u0142\u017conk\u00f3w, czy z jakichkolwiek innych powod\u00f3w znale\u017ali si\u0119 w trudnych warunkach materialnych.<\/p>\n<p>Stowarzyszenie Wychowank\u00f3w AGH powsta\u0142o w 1945 roku, kiedy zniszczony dzia\u0142aniami wojennymi kraj oczekiwa\u0142 m\u0105drych umys\u0142\u00f3w i si\u0142 fachowych potrzebnych do odbudowy i rozbudowy gospodarki opartej na nowoczesnym przemy\u015ble. Podstaw\u0105 by\u0142y w\u0142asne surowce \u2013 wi\u0119c fachowcy w\u00a0dyscyplinach takich, jak g\u00f3rnictwo, hutnictwo, elektrotechnika i budowa maszyn byli w najwy\u017cszej cenie.<\/p>\n<p>Pomoc wzajemna zjednoczy\u0142a spo\u0142eczno\u015b\u0107 Akademii G\u00f3rniczej. Absolwenci zajmuj\u0105cy w\u00a0przemy\u015ble wysokie funkcje okazali si\u0119 bardzo pomocni w budowaniu wielkiej solidarnej rodziny absolwent\u00f3w Akademii G\u00f3rniczej, kt\u00f3ra zaraz po wojnie rozszerzy\u0142a swoj\u0105 nazw\u0119 na Akademi\u0119 G\u00f3rniczo-Hutnicz\u0105 \u2013 w skr\u00f3cie AGH.<\/p>\n<p>Szlachetno\u015b\u0107, solidarno\u015b\u0107 i wzajemna pomoc, to cechy stowarzyszenia aktualne do dzisiaj.<\/p>\n<p>Stowarzyszenie Wychowank\u00f3w AGH ma ju\u017c 73 lata i jest organizacj\u0105 cementuj\u0105c\u0105 wszystkich, kt\u00f3rzy swe zawodowe \u017cycie rozpocz\u0119li w Krakowie przy al. Mickiewicza 30.<\/p>\n<p>Stowarzyszenie mi\u0119dzy innymi od 50 lat organizuje uroczyst\u0105 immatrykulacje po 50 latach, zwan\u0105 obecnie \u201eZ\u0142otym indeksem\u201d, kt\u00f3ra w wi\u0119kszo\u015bci emerytom i 70-latkom pozwala wr\u00f3ci\u0107 do wspomnie\u0144 pi\u0119knego okresu studiowania w Krakowie.<\/p>\n<p>Stowarzyszenie Wychowank\u00f3w AGH ma pi\u0119kn\u0105 i bogat\u0105 tradycj\u0119, ale nieustannie si\u0119 zmienia i unowocze\u015bnia. Od bie\u017c\u0105cego roku stowarzyszenie posiada kompleksowy system informatyczny obs\u0142uguj\u0105cy wielk\u0105 baz\u0119 jego cz\u0142onk\u00f3w. Jedn\u0105 z funkcji jest mo\u017cliwo\u015b\u0107 zapisania si\u0119 w trybie \u201eOn-line\u201d czyli bez wype\u0142niania papierowych formularzy, przesy\u0142ek pocztowych i wizyt w stowarzyszeniu. Dzisiaj wystarczy klikn\u0105\u0107 na ekranie komputera na przycisk<\/p>\n<p><a href=\"https:\/\/sw.agh.edu.pl\/admin\/login\" target=\"_blank\" rel=\"noopener\"><span style=\"color: white; background-color: #a71930; padding: 3px 10px 3px 10px; font-weight: bold;\">Zapisz si\u0119 do SW AGH<\/span><\/a><\/p>\n<p>wpisa\u0107 z klawiatury kilka danych, udzieli\u0107 zgody na u\u017cywanie danych osobowych do cel\u00f3w komunikacji ze stowarzyszeniem, stwierdzi\u0107, \u017ce nie jest si\u0119 robotem (dziwne ale wa\u017cne) i sprawa prawie za\u0142atwiona.<\/p>\n<p>Pozostaje jeszcze sprawa zwi\u0105zania si\u0119 ze stowarzyszeniem wi\u0119zami finansowymi, kt\u00f3re dla ka\u017cdego cz\u0142onka jest spraw\u0105 symboliczn\u0105, ale dla SW spraw\u0105 podstawow\u0105, pozwalaj\u0105c\u0105 na prowadzenie swojej dzia\u0142alno\u015bci.<\/p>\n<p>Zatem po wys\u0142aniu formularza drog\u0105 elektroniczn\u0105 pozostaje ma\u0142y przelew bankowy na konto:<\/p>\n<p><strong>PKO BP S.A. I O\/Krak\u00f3w nr: <span class=\"strong\">91 1020 2892 0000 5002 0015 7412<\/span><\/strong><\/p>\n<p><span class=\"strong\">O systemie sk\u0142adek w SW mo\u017cna si\u0119 dowiedzie\u0107 na stronie internetowej pod adresem:<\/span><\/p>\n<blockquote class=\"wp-embedded-content\" data-secret=\"Uk3KAKcHxQ\"><p><a href=\"https:\/\/swagh.agh.edu.pl\/?page_id=1846\">Sk\u0142adki cz\u0142onkowskie<\/a><\/p><\/blockquote>\n<p><iframe loading=\"lazy\" class=\"wp-embedded-content\" sandbox=\"allow-scripts\" security=\"restricted\" style=\"position: absolute; visibility: hidden;\" title=\"&#8222;Sk\u0142adki cz\u0142onkowskie&#8221; &#8212; Stowarzyszenie Wychowank\u00f3w Akademii G\u00f3rniczo-Hutniczej\" src=\"https:\/\/swagh.agh.edu.pl\/?page_id=1846&#038;embed=true#?secret=0QP4mK5kDY#?secret=Uk3KAKcHxQ\" data-secret=\"Uk3KAKcHxQ\" width=\"600\" height=\"338\" frameborder=\"0\" marginwidth=\"0\" marginheight=\"0\" scrolling=\"no\"><\/iframe><\/p>\n<p><span class=\"strong\">ale pierwsza wp\u0142ata to wpisowe 25 z\u0142 oraz sk\u0142adka za pierwsze 3 lata, kt\u00f3ra wynosi:<\/span><\/p>\n<ul>\n<li class=\"list-paragraph\"><span class=\"strong\">dla m\u0142odych absolwent\u00f3w do 30 roku \u017cycia 3&#215;10 z\u0142 = 30 z\u0142 (z wpisowym 40 z\u0142);<\/span><\/li>\n<li class=\"list-paragraph\"><span class=\"strong\">dla pracuj\u0105cych po 30 roku \u017cycia 3 x 45z\u0142 = 135 z\u0142 (z wpisowym 160 z\u0142);<\/span><\/li>\n<li class=\"list-paragraph\"><span class=\"strong\">dla emeryt\u00f3w przed 77 rokiem \u017cycia 3 x 20 z\u0142 = 60 z\u0142 (z wpisowym 85 z\u0142).<\/span><\/li>\n<li class=\"list-paragraph\"><span class=\"strong\"> po 77 roku \u017cycia sk\u0142adki nie obowi\u0105zuj\u0105, jedynym wydatkiem jest wpisowe 25 z\u0142.<\/span><\/li>\n<\/ul>\n<p>Na wst\u0105pienie do SW AGH zawsze jest pora. Ostatnio do SW wst\u0105pi\u0142a osoba maj\u0105ca 92 lata!<\/p>\n<p>Zatem teraz ju\u017c zapraszamy do klikni\u0119cia na przycisk:<\/p>\n<p><a href=\"https:\/\/sw.agh.edu.pl\/admin\/login\" target=\"_blank\" rel=\"noopener\"><span style=\"color: white; background-color: #a71930; padding: 3px 10px 3px 10px; font-weight: bold;\">Zapisz si\u0119 do SW AGH<\/span><\/a><\/p>\n<p>Zapraszam serdecznie:<\/p>\n<p>prof. Piotr Czaja<br \/>\nPrezes SW AGH<\/p>\n","protected":false},"excerpt":{"rendered":"<p>Jeste\u015b Absolwentem AGH wst\u0105p do Stowarzyszenia Wychowank\u00f3w naszej uczelni Zanim klikniesz przycisk Zapisz si\u0119 do SW AGH przeczytaj i upewnij si\u0119, \u017ce warto Organizacje absolwenckie na \u015bwiecie \u2013 \u017ar\u00f3d\u0142em wielkiej satysfakcji wychowank\u00f3w uczelni Wi\u0119kszo\u015b\u0107 uczelni<\/p>\n","protected":false},"author":1,"featured_media":0,"parent":0,"menu_order":0,"comment_status":"closed","ping_status":"open","template":"","meta":{"footnotes":"","_links_to":"","_links_to_target":""},"class_list":["post-183","page","type-page","status-publish","hentry"],"_links":{"self":[{"href":"https:\/\/swagh.agh.edu.pl\/index.php?rest_route=\/wp\/v2\/pages\/183","targetHints":{"allow":["GET"]}}],"collection":[{"href":"https:\/\/swagh.agh.edu.pl\/index.php?rest_route=\/wp\/v2\/pages"}],"about":[{"href":"https:\/\/swagh.agh.edu.pl\/index.php?rest_route=\/wp\/v2\/types\/page"}],"author":[{"embeddable":true,"href":"https:\/\/swagh.agh.edu.pl\/index.php?rest_route=\/wp\/v2\/users\/1"}],"replies":[{"embeddable":true,"href":"https:\/\/swagh.agh.edu.pl\/index.php?rest_route=%2Fwp%2Fv2%2Fcomments&post=183"}],"version-history":[{"count":14,"href":"https:\/\/swagh.agh.edu.pl\/index.php?rest_route=\/wp\/v2\/pages\/183\/revisions"}],"predecessor-version":[{"id":7362,"href":"https:\/\/swagh.agh.edu.pl\/index.php?rest_route=\/wp\/v2\/pages\/183\/revisions\/7362"}],"wp:attachment":[{"href":"https:\/\/swagh.agh.edu.pl\/index.php?rest_route=%2Fwp%2Fv2%2Fmedia&parent=183"}],"curies":[{"name":"wp","href":"https:\/\/api.w.org\/{rel}","templated":true}]}}