{"id":1930,"date":"2017-12-27T13:31:47","date_gmt":"2017-12-27T13:31:47","guid":{"rendered":"http:\/\/galaxy.agh.edu.pl\/~swagh\/?page_id=1930"},"modified":"2022-02-02T11:52:13","modified_gmt":"2022-02-02T11:52:13","slug":"historia-uroczystosci","status":"publish","type":"page","link":"https:\/\/swagh.agh.edu.pl\/?page_id=1930","title":{"rendered":"Historia uroczysto\u015bci"},"content":{"rendered":"<p>Pomys\u0142 uroczystego powt\u00f3rzenia po 50 latach aktu immatrykulacji przeprowadzanej w Akademii G\u00f3rniczo-Hutniczej zrodzi\u0142 si\u0119 w 1969 roku na wniosek F. Szwagrzyka w zespole Komitetu Organizacyjnego obchod\u00f3w 50-lecia za\u0142o\u017cenia uczelni w Krakowie. Dla uczczenia jubileuszu i podkre\u015blenia rangi i roli wychowank\u00f3w uczelni postanowiono wsp\u00f3lnie ze Stowarzyszeniem Wychowank\u00f3w AGH przeprowadzi\u0107 w ramach uroczysto\u015bci jubileuszowych akt powt\u00f3rzenia immatrykulacji po 50 latach dla r\u00f3wie\u015bnik\u00f3w uczelni czyli pierwszego rocznika student\u00f3w z 1919 roku. Rozpoczynali oni bowiem studia w pierwszym roku istnienia AG, byli jej pierwszymi studentami, pami\u0119tali doskonale pocz\u0105tki zaj\u0119\u0107 dydaktycznych, s\u0142uchali wyk\u0142ad\u00f3w pierwszych profesor\u00f3w Akademii G\u00f3rniczej. Po uko\u0144czeniu studi\u00f3w przeszli drog\u0119 \u017cyciow\u0105 w odrodzonej Rzeczpospolitej, nauczyli si\u0119 patriotyzmu i mi\u0142o\u015bci do odrodzonej Ojczyzny. Byli jej \u017co\u0142nierzami, walczyli o utrwalenie niepodleg\u0142o\u015bci i jedno\u015bci narodowej. Zawsze pami\u0119tali tak\u017ce o swej uczelni, towarzyszyli jej losom, dbali o rozw\u00f3j Akademii G\u00f3rniczej, stawali si\u0119 jej patriotami. Z tego grona s\u0142uchaczy wysz\u0142o wiele znakomitych postaci, przysz\u0142ych tw\u00f3rc\u00f3w przemys\u0142u, organizator\u00f3w nauki, a tak\u017ce profesor\u00f3w Akademii G\u00f3rniczo-Hutniczej.<\/p>\n<p>W przededniu jubileuszu 100-lecia AGH uroczysto\u015b\u0107 odby\u0142a si\u0119 ju\u017c 44 razy. Przerwa wojenna (1939\u20131944) spowodowa\u0142, \u017ce w latach 1989\u20131994 immatrykulacja nie odby\u0142a si\u0119.<br \/>Sukces powt\u00f3rnej immatrykulacji jaki odnios\u0142a uroczysto\u015b\u0107 zorganizowana w czasie jubileuszu 50-lecia uczelni, da\u0142 pocz\u0105tek pi\u0119knej tradycji, kt\u00f3ra kontynuowana jest z du\u017cym powodzeniem do czas\u00f3w dzisiejszych.<\/p>\n<p>Od samego pocz\u0105tku uroczysto\u015bci jej dobrym duchem i motorem nap\u0119dowym by\u0142a <strong>doktor Krystyna Norwicz<\/strong>, kt\u00f3ra niestety odesz\u0142a od nas 16 pa\u017adziernika 2020 roku. Bez doktor Krystyny powt\u00f3rna immatrykulacja po pi\u0119\u0107dziesi\u0119ciu latach nie przetrwa\u0142a by pr\u00f3by czasu.<\/p>\n<p>W 2017 roku po raz pierwszy wr\u0119czono jubilatom \u201eZ\u0142ote indeksy\u201d wed\u0142ug nowego projektu zasugerowanego przez obecne w\u0142adze stowarzyszenia i wykonane przez grafika Dzia\u0142u Promocji i Informacji AGH pana Macieja Tomczyka.<\/p>\n<p>Ci\u0105gle wzrastaj\u0105ca liczba wydzia\u0142\u00f3w starszych ni\u017c 50 lat i coraz liczniejsze roczniki absolwent\u00f3w, a tak\u017ce poprawiaj\u0105ca si\u0119 co roku kondycja zdrowotna jubilat\u00f3w oraz skuteczno\u015b\u0107 docierania do nich, sprawi\u0142a, \u017ce od 2001 roku uroczysto\u015bci powt\u00f3rnej immatrykulacji dla kolejnych rocznik\u00f3w organizowana by\u0142a w dw\u00f3ch ods\u0142onach, a od roku 2017 odbywa si\u0119 ju\u017c w trzech terminach ka\u017cdego roku.<\/p>\n\n\n<div class=\"wp-block-columns is-layout-flex wp-container-core-columns-is-layout-9d6595d7 wp-block-columns-is-layout-flex\">\n<div class=\"wp-block-column is-layout-flow wp-block-column-is-layout-flow\" style=\"flex-basis:100%\">\n<div class=\"wp-block-columns is-layout-flex wp-container-core-columns-is-layout-9d6595d7 wp-block-columns-is-layout-flex\">\n<div class=\"wp-block-column is-layout-flow wp-block-column-is-layout-flow\" style=\"flex-basis:100%\">\n<figure class=\"wp-block-image size-large\"><a href=\"https:\/\/swagh.agh.edu.pl\/wp-content\/uploads\/2020\/10\/img892.jpg\"><img loading=\"lazy\" decoding=\"async\" width=\"1024\" height=\"638\" src=\"https:\/\/swagh.agh.edu.pl\/wp-content\/uploads\/2020\/10\/img892-1024x638.jpg\" alt=\"\" class=\"wp-image-3874\" srcset=\"https:\/\/swagh.agh.edu.pl\/wp-content\/uploads\/2020\/10\/img892-1024x638.jpg 1024w, https:\/\/swagh.agh.edu.pl\/wp-content\/uploads\/2020\/10\/img892-300x187.jpg 300w, https:\/\/swagh.agh.edu.pl\/wp-content\/uploads\/2020\/10\/img892-768x478.jpg 768w, https:\/\/swagh.agh.edu.pl\/wp-content\/uploads\/2020\/10\/img892-1536x957.jpg 1536w, https:\/\/swagh.agh.edu.pl\/wp-content\/uploads\/2020\/10\/img892.jpg 1676w\" sizes=\"auto, (max-width: 1024px) 100vw, 1024px\" \/><\/a><\/figure>\n\n\n\n<figure class=\"wp-block-image size-large\"><a href=\"https:\/\/swagh.agh.edu.pl\/wp-content\/uploads\/2020\/10\/img272.jpg\"><img loading=\"lazy\" decoding=\"async\" width=\"1024\" height=\"649\" src=\"https:\/\/swagh.agh.edu.pl\/wp-content\/uploads\/2020\/10\/img272-1024x649.jpg\" alt=\"\" class=\"wp-image-3873\" srcset=\"https:\/\/swagh.agh.edu.pl\/wp-content\/uploads\/2020\/10\/img272-1024x649.jpg 1024w, https:\/\/swagh.agh.edu.pl\/wp-content\/uploads\/2020\/10\/img272-300x190.jpg 300w, https:\/\/swagh.agh.edu.pl\/wp-content\/uploads\/2020\/10\/img272-768x487.jpg 768w, https:\/\/swagh.agh.edu.pl\/wp-content\/uploads\/2020\/10\/img272-1536x973.jpg 1536w, https:\/\/swagh.agh.edu.pl\/wp-content\/uploads\/2020\/10\/img272.jpg 1635w\" sizes=\"auto, (max-width: 1024px) 100vw, 1024px\" \/><\/a><\/figure>\n\n\n\n<figure class=\"wp-block-image size-large\"><a href=\"https:\/\/swagh.agh.edu.pl\/wp-content\/uploads\/2020\/10\/img222.jpg\"><img loading=\"lazy\" decoding=\"async\" width=\"1024\" height=\"671\" src=\"https:\/\/swagh.agh.edu.pl\/wp-content\/uploads\/2020\/10\/img222-1024x671.jpg\" alt=\"\" class=\"wp-image-3872\" srcset=\"https:\/\/swagh.agh.edu.pl\/wp-content\/uploads\/2020\/10\/img222-1024x671.jpg 1024w, https:\/\/swagh.agh.edu.pl\/wp-content\/uploads\/2020\/10\/img222-300x196.jpg 300w, https:\/\/swagh.agh.edu.pl\/wp-content\/uploads\/2020\/10\/img222-768x503.jpg 768w, https:\/\/swagh.agh.edu.pl\/wp-content\/uploads\/2020\/10\/img222-1536x1006.jpg 1536w, https:\/\/swagh.agh.edu.pl\/wp-content\/uploads\/2020\/10\/img222-350x230.jpg 350w, https:\/\/swagh.agh.edu.pl\/wp-content\/uploads\/2020\/10\/img222.jpg 1588w\" sizes=\"auto, (max-width: 1024px) 100vw, 1024px\" \/><\/a><figcaption>Na zdj\u0119ciach dr Krystyna Norwicz &#8211; fot. Marek Torma<\/figcaption><\/figure>\n<\/div>\n<\/div>\n<\/div>\n<\/div>\n\n\n\n<p><\/p>\n","protected":false},"excerpt":{"rendered":"<p>Pomys\u0142 uroczystego powt\u00f3rzenia po 50 latach aktu immatrykulacji przeprowadzanej w Akademii G\u00f3rniczo-Hutniczej zrodzi\u0142 si\u0119 w 1969 roku na wniosek F. Szwagrzyka w zespole Komitetu Organizacyjnego obchod\u00f3w 50-lecia za\u0142o\u017cenia uczelni w Krakowie. Dla uczczenia jubileuszu i<\/p>\n","protected":false},"author":1,"featured_media":0,"parent":1902,"menu_order":0,"comment_status":"closed","ping_status":"closed","template":"","meta":{"footnotes":"","_links_to":"","_links_to_target":""},"class_list":["post-1930","page","type-page","status-publish","hentry"],"_links":{"self":[{"href":"https:\/\/swagh.agh.edu.pl\/index.php?rest_route=\/wp\/v2\/pages\/1930","targetHints":{"allow":["GET"]}}],"collection":[{"href":"https:\/\/swagh.agh.edu.pl\/index.php?rest_route=\/wp\/v2\/pages"}],"about":[{"href":"https:\/\/swagh.agh.edu.pl\/index.php?rest_route=\/wp\/v2\/types\/page"}],"author":[{"embeddable":true,"href":"https:\/\/swagh.agh.edu.pl\/index.php?rest_route=\/wp\/v2\/users\/1"}],"replies":[{"embeddable":true,"href":"https:\/\/swagh.agh.edu.pl\/index.php?rest_route=%2Fwp%2Fv2%2Fcomments&post=1930"}],"version-history":[{"count":6,"href":"https:\/\/swagh.agh.edu.pl\/index.php?rest_route=\/wp\/v2\/pages\/1930\/revisions"}],"predecessor-version":[{"id":4968,"href":"https:\/\/swagh.agh.edu.pl\/index.php?rest_route=\/wp\/v2\/pages\/1930\/revisions\/4968"}],"up":[{"embeddable":true,"href":"https:\/\/swagh.agh.edu.pl\/index.php?rest_route=\/wp\/v2\/pages\/1902"}],"wp:attachment":[{"href":"https:\/\/swagh.agh.edu.pl\/index.php?rest_route=%2Fwp%2Fv2%2Fmedia&parent=1930"}],"curies":[{"name":"wp","href":"https:\/\/api.w.org\/{rel}","templated":true}]}}