{"id":1947,"date":"2017-12-27T18:30:03","date_gmt":"2017-12-27T18:30:03","guid":{"rendered":"http:\/\/galaxy.agh.edu.pl\/~swagh\/?page_id=1947"},"modified":"2025-07-09T13:25:46","modified_gmt":"2025-07-09T11:25:46","slug":"zloty-indeks-i-ozdobny-dyplom","status":"publish","type":"page","link":"https:\/\/swagh.agh.edu.pl\/?page_id=1947","title":{"rendered":"Z\u0142oty indeks"},"content":{"rendered":"<p>Podobnie jak wr\u0119czany historycznie podczas immatrykulacji indeks \u2013 ksi\u0105\u017ceczka dokumentuj\u0105ca przebieg studi\u00f3w \u2013 ozdobny \u201eZ\u0142oty Indeks\u201d zawiera wpis o ponownej immatrykulacji absolwenta. Jest to dokument wy\u0142\u0105cznie pami\u0105tkowy. Z\u0142oty indeks zawiera tekst roty \u015blubowania wychowanka, kt\u00f3re jubilaci sk\u0142adaj\u0105 przed rektorem i dziekanami zgromadzonymi na uroczysto\u015bci. Ok\u0142adka z\u0142otego indeksu ma kolor zielony, czerwony lub czarny zale\u017cnie od wydzia\u0142u. Kolor indeksu pokrywa si\u0119 z kolorem stroju akademickiego przypisanego przez Statut AGH poszczeg\u00f3lnym wydzia\u0142om.<\/p>\n<p>&nbsp;<\/p>\n<p style=\"text-align: center;\"><a href=\"http:\/\/galaxy.agh.edu.pl\/~swagh\/wp-content\/uploads\/2017\/12\/zloty_01.jpg\"><img loading=\"lazy\" decoding=\"async\" class=\"aligncenter size-medium wp-image-1948\" title=\"zloty_01\" src=\"http:\/\/galaxy.agh.edu.pl\/~swagh\/wp-content\/uploads\/2017\/12\/zloty_01-300x166.jpg\" alt=\"\" width=\"300\" height=\"166\" srcset=\"https:\/\/swagh.agh.edu.pl\/wp-content\/uploads\/2017\/12\/zloty_01-300x166.jpg 300w, https:\/\/swagh.agh.edu.pl\/wp-content\/uploads\/2017\/12\/zloty_01.jpg 726w\" sizes=\"auto, (max-width: 300px) 100vw, 300px\" \/><\/a><\/p>\n<p style=\"text-align: center;\">\u201eZ\u0142oty indeks\u201d<\/p>\n<p>&nbsp;<\/p>\n<p style=\"text-align: center;\">\n","protected":false},"excerpt":{"rendered":"<p>Podobnie jak wr\u0119czany historycznie podczas immatrykulacji indeks \u2013 ksi\u0105\u017ceczka dokumentuj\u0105ca przebieg studi\u00f3w \u2013 ozdobny \u201eZ\u0142oty Indeks\u201d zawiera wpis o ponownej immatrykulacji absolwenta. Jest to dokument wy\u0142\u0105cznie pami\u0105tkowy. Z\u0142oty indeks zawiera tekst roty \u015blubowania wychowanka, kt\u00f3re<\/p>\n","protected":false},"author":1,"featured_media":0,"parent":1902,"menu_order":0,"comment_status":"closed","ping_status":"closed","template":"","meta":{"footnotes":"","_links_to":"","_links_to_target":""},"class_list":["post-1947","page","type-page","status-publish","hentry"],"_links":{"self":[{"href":"https:\/\/swagh.agh.edu.pl\/index.php?rest_route=\/wp\/v2\/pages\/1947","targetHints":{"allow":["GET"]}}],"collection":[{"href":"https:\/\/swagh.agh.edu.pl\/index.php?rest_route=\/wp\/v2\/pages"}],"about":[{"href":"https:\/\/swagh.agh.edu.pl\/index.php?rest_route=\/wp\/v2\/types\/page"}],"author":[{"embeddable":true,"href":"https:\/\/swagh.agh.edu.pl\/index.php?rest_route=\/wp\/v2\/users\/1"}],"replies":[{"embeddable":true,"href":"https:\/\/swagh.agh.edu.pl\/index.php?rest_route=%2Fwp%2Fv2%2Fcomments&post=1947"}],"version-history":[{"count":8,"href":"https:\/\/swagh.agh.edu.pl\/index.php?rest_route=\/wp\/v2\/pages\/1947\/revisions"}],"predecessor-version":[{"id":7541,"href":"https:\/\/swagh.agh.edu.pl\/index.php?rest_route=\/wp\/v2\/pages\/1947\/revisions\/7541"}],"up":[{"embeddable":true,"href":"https:\/\/swagh.agh.edu.pl\/index.php?rest_route=\/wp\/v2\/pages\/1902"}],"wp:attachment":[{"href":"https:\/\/swagh.agh.edu.pl\/index.php?rest_route=%2Fwp%2Fv2%2Fmedia&parent=1947"}],"curies":[{"name":"wp","href":"https:\/\/api.w.org\/{rel}","templated":true}]}}