{"id":1955,"date":"2017-12-27T18:49:25","date_gmt":"2017-12-27T18:49:25","guid":{"rendered":"http:\/\/galaxy.agh.edu.pl\/~swagh\/?page_id=1955"},"modified":"2025-07-09T12:59:37","modified_gmt":"2025-07-09T10:59:37","slug":"harmonogram-uroczystosci-do-2020-roku","status":"publish","type":"page","link":"https:\/\/swagh.agh.edu.pl\/?page_id=1955","title":{"rendered":"Harmonogram uroczysto\u015bci do 2026 roku"},"content":{"rendered":"\n<p>Obecnie prawo do ponownej immatrykulacji maj\u0105 absolwenci wydzia\u0142\u00f3w, kt\u00f3re s\u0105 starsze ni\u017c 50 lat. Od 2024 roku w uczelni jest 12 wydzia\u0142\u00f3w dzia\u0142aj\u0105cych d\u0142u\u017cej ni\u017c 50 lat. Dziel\u0105c je na  dwie grupy uzyskujemy:<\/p>\n\n\n\n<p><span style=\"color:#151cd5\" class=\"has-inline-color\">Harmon<\/span><span style=\"color:#1525de\" class=\"has-inline-color\">ogram szczeg\u00f3\u0142owy przedstawia si\u0119 nast\u0119puj\u0105co:<\/span><\/p>\n\n\n\n<figure class=\"wp-block-table\"><table><tbody><tr><td><strong>ROK JUBILEUSZU<\/strong><\/td><td><strong>ROK IMMATRYKULACJI<\/strong><\/td><td><strong>PIERWSZY TERMIN<\/strong><\/td><td><strong>DRUGI TERMIN<\/strong><\/td><\/tr><tr><td><strong>2025<\/strong><\/td><td><strong>1975\/1976<\/strong><\/td><td>27.06.2025<\/td><td>04.07.2025<\/td><\/tr><tr><td><strong>2026<\/strong><\/td><td><strong>1976\/1977<\/strong><\/td><td>04.09.2026<\/td><td>11.09.2026<\/td><\/tr><\/tbody><\/table><\/figure>\n\n\n\n<p><strong>Pierwszy termin:<\/strong><\/p>\n\n\n\n<p><span style=\"font-size: revert; color: initial;\">Wydzia\u0142 In\u017cynierii L\u0105dowej i Gospodarki Zasobami<\/span> (wcze\u015bniej G\u00f3rniczy)<\/p>\n\n\n\n<p> Wydzia\u0142 Geologii, Geofizyki i Ochrony \u015arodowiska, <\/p>\n\n\n\n<p> Wydzia\u0142 Geodezji G\u00f3rniczej i In\u017cynierii \u015arodowiska, <\/p>\n\n\n\n<p> Wydzia\u0142 Wiertnictwa Nafty i Gazu. <\/p>\n\n\n\n<p> Wydzia\u0142 In\u017cynierii Mechanicznej i Robotyki (wcze\u015bniej Maszyn G\u00f3rniczych i Hutniczych)<\/p>\n\n\n\n<p>Wydzia\u0142 Energetyki i Paliw<\/p>\n\n\n\n<p><strong>Drugi Termin:<\/strong><\/p>\n\n\n\n<p>Wydzia\u0142 In\u017cynierii Metali i Informatyki Przemys\u0142owej, <\/p>\n\n\n\n<p>Wydzia\u0142 Odlewnictwa <\/p>\n\n\n\n<p>Wydzia\u0142 Metali Nie\u017celaznych <\/p>\n\n\n\n<p>Wydzia\u0142 Elektrotechniki, Automatyki, Informatyki i In\u017cynierii Biomedycznej, <\/p>\n\n\n\n<p>Wydzia\u0142 In\u017cynierii Materia\u0142owej i Ceramiki. <\/p>\n\n\n\n<p>Wydzia\u0142 Zarz\u0105dzania<\/p>\n\n\n\n<p><\/p>\n","protected":false},"excerpt":{"rendered":"<p>Obecnie prawo do ponownej immatrykulacji maj\u0105 absolwenci wydzia\u0142\u00f3w, kt\u00f3re s\u0105 starsze ni\u017c 50 lat. Od 2024 roku w uczelni jest 12 wydzia\u0142\u00f3w dzia\u0142aj\u0105cych d\u0142u\u017cej ni\u017c 50 lat. Dziel\u0105c je na dwie grupy uzyskujemy: Harmonogram szczeg\u00f3\u0142owy<\/p>\n","protected":false},"author":1,"featured_media":0,"parent":1902,"menu_order":0,"comment_status":"closed","ping_status":"closed","template":"","meta":{"footnotes":"","_links_to":"","_links_to_target":""},"class_list":["post-1955","page","type-page","status-publish","hentry"],"_links":{"self":[{"href":"https:\/\/swagh.agh.edu.pl\/index.php?rest_route=\/wp\/v2\/pages\/1955","targetHints":{"allow":["GET"]}}],"collection":[{"href":"https:\/\/swagh.agh.edu.pl\/index.php?rest_route=\/wp\/v2\/pages"}],"about":[{"href":"https:\/\/swagh.agh.edu.pl\/index.php?rest_route=\/wp\/v2\/types\/page"}],"author":[{"embeddable":true,"href":"https:\/\/swagh.agh.edu.pl\/index.php?rest_route=\/wp\/v2\/users\/1"}],"replies":[{"embeddable":true,"href":"https:\/\/swagh.agh.edu.pl\/index.php?rest_route=%2Fwp%2Fv2%2Fcomments&post=1955"}],"version-history":[{"count":43,"href":"https:\/\/swagh.agh.edu.pl\/index.php?rest_route=\/wp\/v2\/pages\/1955\/revisions"}],"predecessor-version":[{"id":7534,"href":"https:\/\/swagh.agh.edu.pl\/index.php?rest_route=\/wp\/v2\/pages\/1955\/revisions\/7534"}],"up":[{"embeddable":true,"href":"https:\/\/swagh.agh.edu.pl\/index.php?rest_route=\/wp\/v2\/pages\/1902"}],"wp:attachment":[{"href":"https:\/\/swagh.agh.edu.pl\/index.php?rest_route=%2Fwp%2Fv2%2Fmedia&parent=1955"}],"curies":[{"name":"wp","href":"https:\/\/api.w.org\/{rel}","templated":true}]}}