{"id":1966,"date":"2017-12-27T23:13:41","date_gmt":"2017-12-27T23:13:41","guid":{"rendered":"http:\/\/galaxy.agh.edu.pl\/~swagh\/?page_id=1966"},"modified":"2026-04-23T11:24:50","modified_gmt":"2026-04-23T09:24:50","slug":"zgloszenie-udzialu-w-uroczystosci-2","status":"publish","type":"page","link":"https:\/\/swagh.agh.edu.pl\/?page_id=1966","title":{"rendered":"Zg\u0142oszenie udzia\u0142u w uroczysto\u015bci"},"content":{"rendered":"\n<table border=\"0\" cellspacing=\"2\" cellpadding=\"7\" bgcolor=\"red\">\n<tbody>\n<tr>\n<td width=\"600\">\n<a href=\"https:\/\/sw.agh.edu.pl\/gold-index-form\" target=\"blank\" rel=\"noopener noreferrer\"><p align=\"center\"><span style=\"color: white; font-size: large;\"><strong>Z\u0141OTE INDEKSY<br>Formularz zg\u0142oszeniowy<br>Zapraszamy do uczestnictwa w uroczysto\u015bci&nbsp;<\/strong><\/span><\/p><\/a>\n<\/td>\n<\/tr>\n<\/tbody>\n<\/table>\n<p>&nbsp;<\/p>\n\n<p>Od 2018 roku zg\u0142oszenia do udzia\u0142u w uroczysto\u015bci odbywaj\u0105 si\u0119 tylko drog\u0105 elektroniczn\u0105 \u201eonline\u201d. W celu zg\u0142oszenia nale\u017cy klikn\u0105\u0107 w powy\u017cszy czerwony &#8222;Formularz zg\u0142oszeniowy&#8221; lub:<\/p>\n<ol>\n<li>Wej\u015b\u0107 na stron\u0119 AGH: www.agh.edu.pl<\/li>\n<li>Wej\u015b\u0107 do zak\u0142adki Absolwenci (na pasku u g\u00f3ry po prawej stronie).<\/li>\n<li>Po wej\u015bciu do zak\u0142adki \u201eZ\u0142ote indeksy\u201d klikn\u0105\u0107 na zak\u0142adk\u0119: \u2013 \u201eZg\u0142oszenie udzia\u0142u w uroczysto\u015bci\u201d<\/li>\n<li>Wype\u0142ni\u0107 wszystkie pola (brak wype\u0142nienia pola nie pozwala zako\u0144czy\u0107 procedury).<\/li>\n<li>Po wype\u0142nieniu formularza i dok\u0142adnym sprawdzeniu czy nie ma b\u0142\u0119d\u00f3w klikn\u0105\u0107 &#8222;nie jestem robotem&#8221; a nast\u0119pnie niebieski przycisk &#8222;prze\u015blij&#8221;. Wys\u0142anie formularza z b\u0142\u0119dem spowoduje, \u017ce b\u0142\u0105d ten pojawi si\u0119 np. na ozdobnym z\u0142otym indeksie.<\/li>\n<\/ol>\n<p>Nale\u017cy si\u0119 r\u00f3wnie\u017c skontaktowa\u0107 z organizatorem na wydziale, kt\u00f3rego dane podane b\u0119d\u0105 po uaktywnieniu si\u0119 Komitetu Organizacyjnego rocznika na poszczeg\u00f3lnych wydzia\u0142ach.<\/p>\n<\/ul>\n<div align=\"center\">\n<div align=\"center\">\n<p>&nbsp;<\/p><\/div><\/div>\n\n\n\n<p><strong>Uczestnictwo w uroczysto\u015bci jest odp\u0142atne, koszt uczestnictwa wynosi:<\/strong><\/p>\n\n\n\n<ul class=\"wp-block-list\">\n<li><strong>udzia\u0142 w ceremonii Immatrykulacji (op\u0142ata podstawowa: catering + fotograf + inne koszty organizacyjne) 60 z\u0142 od osoby jubilata (osoby towarzysz\u0105ce \u2013 bezp\u0142atnie),<\/strong><\/li>\n\n\n\n<li><strong>udzia\u0142 w Obiedzie Jubilat\u00f3w z\u0142\/osob\u0119 (udzia\u0142 osoby towarzysz\u0105cej w obiedzie nale\u017cy zg\u0142osi\u0107, koszt \u2013 140 z\u0142)<\/strong><\/li>\n<\/ul>\n\n\n\n<p>Op\u0142at\u0119 za udzia\u0142 w jubileuszu nale\u017cy wp\u0142aci\u0107 do 30.05.2026 r. na konto:<\/p>\n\n\n\n<p>odbiorca: Stowarzyszenie Wychowank\u00f3w AGH<\/p>\n\n\n\n<p>PKO BP S.A. I O\/Krak\u00f3w<br><strong>91 1020 2892 0000 5002 0015 7412<\/strong><\/p>\n\n\n\n<p>podaj\u0105c w tytule swoje <strong>imi\u0119 i nazwisko oraz \u201eZ\u0142oty Indeks\u201d<\/strong>. <\/p>\n\n\n\n<h4 class=\"wp-block-heading\">Przewidywane s\u0105 2 terminy Uroczysto\u015bci w 2026 r.<br>\u2013 I TERMIN \u2013 04.09.2026 r.<br>Pierwszy termin: Wydzia\u0142 In\u017cynierii L\u0105dowej i Gospodarki Zasobami (wcze\u015bniej G\u00f3rniczy)<br>Wydzia\u0142 Geologii, Geofizyki i Ochrony \u015arodowiska,<br>Wydzia\u0142 Geodezji G\u00f3rniczej i In\u017cynierii \u015arodowiska,<br>Wydzia\u0142 Wiertnictwa Nafty i Gazu.<br>Wydzia\u0142 In\u017cynierii Mechanicznej i Robotyki (wcze\u015bniej Maszyn G\u00f3rniczych i Hutniczych)<br>Wydzia\u0142 Energetyki i Paliw.<\/h4>\n\n\n\n<h4 class=\"wp-block-heading\">\u2013 II TERMIN \u2013 11.09.2026 r.<br>Wydzia\u0142 In\u017cynierii Metali i Informatyki Przemys\u0142owej,<br>Wydzia\u0142 Odlewnictwa<br>Wydzia\u0142 Metali Nie\u017celaznych<br>Wydzia\u0142 Elektrotechniki, Automatyki, Informatyki i In\u017cynierii Biomedycznej,<br>Wydzia\u0142 In\u017cynierii Materia\u0142owej i Ceramiki.<br>Wydzia\u0142 Zarz\u0105dzania.<\/h4>\n\n\n\n<p>Ch\u0119\u0107 udzia\u0142u w uroczysto\u015bci nale\u017cy zg\u0142osi\u0107 najp\u00f3\u017aniej do:<br>30.05.2026 r.<br>Terminy zapis\u00f3w s\u0105 definitywne.<\/p>\n","protected":false},"excerpt":{"rendered":"<p>Z\u0141OTE INDEKSYFormularz zg\u0142oszeniowyZapraszamy do uczestnictwa w uroczysto\u015bci&nbsp; &nbsp; Od 2018 roku zg\u0142oszenia do udzia\u0142u w uroczysto\u015bci odbywaj\u0105 si\u0119 tylko drog\u0105 elektroniczn\u0105 \u201eonline\u201d. W celu zg\u0142oszenia nale\u017cy klikn\u0105\u0107 w powy\u017cszy czerwony &#8222;Formularz zg\u0142oszeniowy&#8221; lub: Wej\u015b\u0107 na<\/p>\n","protected":false},"author":1,"featured_media":0,"parent":1902,"menu_order":0,"comment_status":"closed","ping_status":"closed","template":"","meta":{"footnotes":"","_links_to":"","_links_to_target":""},"class_list":["post-1966","page","type-page","status-publish","hentry"],"_links":{"self":[{"href":"https:\/\/swagh.agh.edu.pl\/index.php?rest_route=\/wp\/v2\/pages\/1966","targetHints":{"allow":["GET"]}}],"collection":[{"href":"https:\/\/swagh.agh.edu.pl\/index.php?rest_route=\/wp\/v2\/pages"}],"about":[{"href":"https:\/\/swagh.agh.edu.pl\/index.php?rest_route=\/wp\/v2\/types\/page"}],"author":[{"embeddable":true,"href":"https:\/\/swagh.agh.edu.pl\/index.php?rest_route=\/wp\/v2\/users\/1"}],"replies":[{"embeddable":true,"href":"https:\/\/swagh.agh.edu.pl\/index.php?rest_route=%2Fwp%2Fv2%2Fcomments&post=1966"}],"version-history":[{"count":62,"href":"https:\/\/swagh.agh.edu.pl\/index.php?rest_route=\/wp\/v2\/pages\/1966\/revisions"}],"predecessor-version":[{"id":8061,"href":"https:\/\/swagh.agh.edu.pl\/index.php?rest_route=\/wp\/v2\/pages\/1966\/revisions\/8061"}],"up":[{"embeddable":true,"href":"https:\/\/swagh.agh.edu.pl\/index.php?rest_route=\/wp\/v2\/pages\/1902"}],"wp:attachment":[{"href":"https:\/\/swagh.agh.edu.pl\/index.php?rest_route=%2Fwp%2Fv2%2Fmedia&parent=1966"}],"curies":[{"name":"wp","href":"https:\/\/api.w.org\/{rel}","templated":true}]}}