{"id":239,"date":"2011-12-13T15:52:12","date_gmt":"2011-12-13T15:52:12","guid":{"rendered":"http:\/\/galaxy.agh.edu.pl\/~swagh\/?page_id=239"},"modified":"2026-03-25T10:21:53","modified_gmt":"2026-03-25T09:21:53","slug":"kontakt","status":"publish","type":"page","link":"https:\/\/swagh.agh.edu.pl\/?page_id=239","title":{"rendered":"Kontakt"},"content":{"rendered":"\n<div class=\"wp-block-group\"><div class=\"wp-block-group__inner-container is-layout-flow wp-block-group-is-layout-flow\">\n<div class=\"wp-block-group\"><div class=\"wp-block-group__inner-container is-layout-flow wp-block-group-is-layout-flow\">\n<div>\n<hr>\n<h3> Stowarzyszenie Wychowank\u00f3w Akademii G\u00f3rniczo-Hutniczej<br>im. Stanis\u0142awa Staszica w Krakowie<\/h3>\n<\/div>\n\n\n\n<div style=\"font-size: 14px; margin-top: 15px;\"><strong>Adres:<\/strong><br>al. Mickiewicza 30<br>pawilon A-0, pok\u00f3j 1, parter<br>30-059 Krak\u00f3w<br>tel. (12) 617 32 84,<\/div>\n\n\n\n<div style=\"font-family: Arial, sans-serif; font-size: 14px; margin-top: 15px;\">\n  <strong>Numer konta:<\/strong><br>\n  PKO BP S.A. I O\/Krak\u00f3w<br>\n  91 1020 2892 0000 5002 0015 7412<br>\n  SWIFT: PKOPPLPW<br>\n  IBAN: PL91 1020 2892 0000 5002 0015 7412\n<\/div>\n\n\n\n<div style=\"font-size: 14px; margin-top: 15px;\">NIP 677 18 38 135<\/div>\n\n\n\n<div style=\"font-size: 14px; margin-top: 15px;\">\n<p><strong>Sekretariat:<\/strong><br>mgr Paulina Licho\u0144<br>mgr in\u017c. Zbigniew Sulima<br>czynny: pn-pt&nbsp; 9:00 &#8211; 14:00<\/p>\n<p><strong>e-mail:<\/strong><br>\n<a href=\"mailto:swagh@agh.edu.pl\">swagh@agh.edu.pl<\/a><\/p>\n<\/div>\n<\/div><\/div>\n<\/div><\/div>\n\n\n\n<p><\/p>\n","protected":false},"excerpt":{"rendered":"<p>Stowarzyszenie Wychowank\u00f3w Akademii G\u00f3rniczo-Hutniczejim. Stanis\u0142awa Staszica w Krakowie Adres:al. Mickiewicza 30pawilon A-0, pok\u00f3j 1, parter30-059 Krak\u00f3wtel. (12) 617 32 84, Numer konta: PKO BP S.A. I O\/Krak\u00f3w 91 1020 2892 0000 5002 0015 7412 SWIFT:<\/p>\n","protected":false},"author":1,"featured_media":0,"parent":0,"menu_order":0,"comment_status":"closed","ping_status":"open","template":"","meta":{"footnotes":"","_links_to":"","_links_to_target":""},"class_list":["post-239","page","type-page","status-publish","hentry"],"_links":{"self":[{"href":"https:\/\/swagh.agh.edu.pl\/index.php?rest_route=\/wp\/v2\/pages\/239","targetHints":{"allow":["GET"]}}],"collection":[{"href":"https:\/\/swagh.agh.edu.pl\/index.php?rest_route=\/wp\/v2\/pages"}],"about":[{"href":"https:\/\/swagh.agh.edu.pl\/index.php?rest_route=\/wp\/v2\/types\/page"}],"author":[{"embeddable":true,"href":"https:\/\/swagh.agh.edu.pl\/index.php?rest_route=\/wp\/v2\/users\/1"}],"replies":[{"embeddable":true,"href":"https:\/\/swagh.agh.edu.pl\/index.php?rest_route=%2Fwp%2Fv2%2Fcomments&post=239"}],"version-history":[{"count":43,"href":"https:\/\/swagh.agh.edu.pl\/index.php?rest_route=\/wp\/v2\/pages\/239\/revisions"}],"predecessor-version":[{"id":7990,"href":"https:\/\/swagh.agh.edu.pl\/index.php?rest_route=\/wp\/v2\/pages\/239\/revisions\/7990"}],"wp:attachment":[{"href":"https:\/\/swagh.agh.edu.pl\/index.php?rest_route=%2Fwp%2Fv2%2Fmedia&parent=239"}],"curies":[{"name":"wp","href":"https:\/\/api.w.org\/{rel}","templated":true}]}}