{"id":2546,"date":"2018-09-03T08:32:45","date_gmt":"2018-09-03T08:32:45","guid":{"rendered":"http:\/\/galaxy.agh.edu.pl\/~swagh\/?page_id=2546"},"modified":"2021-10-15T08:24:35","modified_gmt":"2021-10-15T08:24:35","slug":"system-informatyczny-sw-agh","status":"publish","type":"page","link":"https:\/\/swagh.agh.edu.pl\/?page_id=2546","title":{"rendered":"System informatyczny SW AGH"},"content":{"rendered":"<h3>Szanowni Absolwenci i wychowankowie AGH!<\/h3>\n<p class=\"normal\">Jednym z wa\u017cniejszych zada\u0144 w tej kadencji w\u0142adz Stowarzyszenia Wychowank\u00f3w AGH by\u0142a budowa systemu informatycznego do obs\u0142ugi naszych cz\u0142onk\u00f3w.<\/p>\n<p class=\"normal\">Po wielu miesi\u0105cach pracy informatyka i testowania w biurze stowarzyszenia wygl\u0105da na to, \u017ce podstawowe cele systemu zosta\u0142y osi\u0105gni\u0119te.<\/p>\n<p class=\"normal\">Po uruchomieniu systemu ka\u017cdy pa\u0144stwa:<\/p>\n<p>Mo\u017ce zapisa\u0107 si\u0119 do stowarzyszenia nie wychodz\u0105c z domu \u2013 wystarczy wype\u0142ni\u0107 formularz \u201eOn Line\u201d zamieszczony pod adresem: <a href=\"https:\/\/swagh.agh.edu.pl\/?page_id=183\" target=\"_blank\" rel=\"noopener\">https:\/\/swagh.agh.edu.pl\/?page_id=183<\/a><\/p>\n<p>i wprowadzi\u0107 op\u0142at\u0119, kt\u00f3rej wysoko\u015b\u0107 te\u017c mo\u017cna oszacowa\u0107 czytaj\u0105c informacje pod adresem: <a href=\"https:\/\/swagh.agh.edu.pl\/?page_id=1846\" target=\"_blank\" rel=\"noopener\">https:\/\/swagh.agh.edu.pl\/?page_id=1846<\/a><\/p>\n<p>Sk\u0142adki przesy\u0142amy przelewem na konto wskazane na stronie.<\/p>\n<ol>\n<li>B\u0119d\u0105c Cz\u0142onkiem Stowarzyszenia mo\u017cna za\u0142o\u017cy\u0107 swoje konto z dost\u0119pem do swoich danych. W tym celu nale\u017cy:\n<ul>\n<li>klikn\u0105\u0107 na zak\u0142adk\u0119 w menu \u201ezaloguj si\u0119\u201d,<\/li>\n<li>w otwartym oknie dialogowym wybra\u0107 opcj\u0119 \u201eweryfikuj\u201d,<\/li>\n<li>wype\u0142ni\u0107 formularz weryfikuj\u0105cy (kilka pozycji), wtedy na podany adres mailowy nadsy\u0142any jest automatycznie \u0142\u0105cznik z dost\u0119pem do okna dialogowego gdzie konfigurujemy swoje konto zmieniaj\u0105c oczywi\u015bcie has\u0142o na takie jakiego chcemy u\u017cywa\u0107,<\/li>\n<li>po zatwierdzeniu mamy dost\u0119p do swojego konta,<\/li>\n<li>w koncie mo\u017cemy edytowa\u0107 swoje dane osobowe (co jest konieczne przy zmianie adresu, miejsca pracy numeru telefonu, adresu mailowego,<\/li>\n<li>mo\u017cemy te\u017c \u015bledzi\u0107 stan op\u0142acenia sk\u0142adek cz\u0142onkowskich itp.,<\/li>\n<\/ul>\n<\/li>\n<li class=\"list-paragraph\">System pozwala nam informowa\u0107 pa\u0144stwa o wa\u017cnych wydarzeniach i uroczysto\u015bciach pod warunkiem podania w bazie adresu e-mailowego (taki spos\u00f3b komunikacji to wsp\u00f3\u0142czesna konieczno\u015b\u0107).<\/li>\n<li class=\"list-paragraph\">Zabiegamy te\u017c, aby system m\u00f3g\u0142 informowa\u0107 cz\u0142onk\u00f3w SMS-owo wysy\u0142aj\u0105c informacj\u0119 na telefon osobisty, a w przysz\u0142o\u015bci, aby mo\u017cna by\u0142o sk\u0142adki p\u0142aci\u0107 elektronicznie ze swoich bank\u00f3w prowadz\u0105cych za pomoc\u0105 bankowo\u015bci elektronicznej.<\/li>\n<\/ol>\n<p class=\"normal\">Zach\u0119cam wszystkich do zapoznania si\u0119 z naszym systemem informatycznym i korzystaniem z niego.<\/p>\n<p class=\"normal\">Niezdecydowanych zapraszamy do Stowarzyszenia Wychowank\u00f3w AGH. Koszt niewielki, a z przynale\u017cno\u015bci do tej wspania\u0142ej Rodziny, rado\u015b\u0107 ogromna!<a id=\"zakotwiczenie-anchor\" name=\"zakotwiczenie-anchor\"><\/a><\/p>\n<p class=\"normal\">prof. Piotr Czaja \u2013 Prezes SW AGH<\/p>\n","protected":false},"excerpt":{"rendered":"<p>Szanowni Absolwenci i wychowankowie AGH! Jednym z wa\u017cniejszych zada\u0144 w tej kadencji w\u0142adz Stowarzyszenia Wychowank\u00f3w AGH by\u0142a budowa systemu informatycznego do obs\u0142ugi naszych cz\u0142onk\u00f3w. Po wielu miesi\u0105cach pracy informatyka i testowania w biurze stowarzyszenia wygl\u0105da<\/p>\n","protected":false},"author":1,"featured_media":0,"parent":0,"menu_order":0,"comment_status":"closed","ping_status":"closed","template":"","meta":{"footnotes":"","_links_to":"","_links_to_target":""},"class_list":["post-2546","page","type-page","status-publish","hentry"],"_links":{"self":[{"href":"https:\/\/swagh.agh.edu.pl\/index.php?rest_route=\/wp\/v2\/pages\/2546","targetHints":{"allow":["GET"]}}],"collection":[{"href":"https:\/\/swagh.agh.edu.pl\/index.php?rest_route=\/wp\/v2\/pages"}],"about":[{"href":"https:\/\/swagh.agh.edu.pl\/index.php?rest_route=\/wp\/v2\/types\/page"}],"author":[{"embeddable":true,"href":"https:\/\/swagh.agh.edu.pl\/index.php?rest_route=\/wp\/v2\/users\/1"}],"replies":[{"embeddable":true,"href":"https:\/\/swagh.agh.edu.pl\/index.php?rest_route=%2Fwp%2Fv2%2Fcomments&post=2546"}],"version-history":[{"count":20,"href":"https:\/\/swagh.agh.edu.pl\/index.php?rest_route=\/wp\/v2\/pages\/2546\/revisions"}],"predecessor-version":[{"id":4522,"href":"https:\/\/swagh.agh.edu.pl\/index.php?rest_route=\/wp\/v2\/pages\/2546\/revisions\/4522"}],"wp:attachment":[{"href":"https:\/\/swagh.agh.edu.pl\/index.php?rest_route=%2Fwp%2Fv2%2Fmedia&parent=2546"}],"curies":[{"name":"wp","href":"https:\/\/api.w.org\/{rel}","templated":true}]}}