{"id":257,"date":"2011-12-18T18:43:21","date_gmt":"2011-12-18T18:43:21","guid":{"rendered":"http:\/\/galaxy.agh.edu.pl\/~swagh\/?page_id=257"},"modified":"2023-03-09T12:04:08","modified_gmt":"2023-03-09T12:04:08","slug":"akcja-zapomog","status":"publish","type":"page","link":"https:\/\/swagh.agh.edu.pl\/?page_id=257","title":{"rendered":"Akcja Zapom\u00f3g"},"content":{"rendered":"<p>Jednym z cel\u00f3w dzia\u0142ania Stowarzyszenia Wychowank\u00f3w Akademii G\u00f3rniczo-Hutniczej zapisanym w Statucie Stowarzyszenia jest niesienie pomocy materialnej wychowankom oraz wdowom i sierotom po wychowankach AGH. Ta po\u017cyteczna spo\u0142ecznie inicjatywa zrodzi\u0142a si\u0119 w 1945 r. w\u015br\u00f3d wychowank\u00f3w Akademii G\u00f3rniczej.<\/p>\n<p><strong>Troch\u0119 historii<\/strong><\/p>\n<p>Z inicjatywy dyr. W. Biernackiego i grupy wsp\u00f3\u0142pracuj\u0105cej z nim koleg\u00f3w rozpocz\u0119to ewidencj\u0119 wd\u00f3w i sierot po zmar\u0142ych g\u00f3rnikach i hutnikach wychowankach AG. Opiek\u0105 obj\u0119to te rodziny, kt\u00f3re utraci\u0142y bliskich w okresie 1939\u20131945 oraz te osoby, kt\u00f3re pozosta\u0142y bez pracy zarobkowej.<\/p>\n<p>Zesp\u00f3\u0142 kole\u017ce\u0144ski w sk\u0142adzie W. Biernacki, W. Krupi\u0144ski i K. Suszy\u0144ski powo\u0142a\u0142 w terenie rzecznik\u00f3w Akcji Zapom\u00f3g i po zgromadzeniu \u015brodk\u00f3w zaopatrzy\u0142 w zapomogi pierwsze 32 osoby zakwalifikowane do wsparcia.<\/p>\n<p>Formalne usytuowanie si\u0119 Akcji Zapom\u00f3g nast\u0105pi\u0142o na zebraniu w dniu 15 lipca 1946 roku, na kt\u00f3rym powo\u0142ano Komisj\u0119 Kwalifikacyjn\u0105 do analizy otrzymanych wniosk\u00f3w o wsparcie zapomogowe.<\/p>\n<p>Na Zje\u017adzie Wychowank\u00f3w AG 8 maja 1948 roku akcj\u0119 pomocow\u0105 przekazano Komitetowi Organizacyjnemu Stowarzyszenia Wychowank\u00f3w AGH. Od tego momentu powsta\u0142a &#8222;Akcja Zapom\u00f3g dla Wd\u00f3w i Sierot po zmar\u0142ych kolegach SW AGH&#8221;.<\/p>\n<p>Zebrane \u015brodki przeznaczone by\u0142y tylko na jeden podstawowy cel: wspomaganie ludzi najbiedniejszych, bezradnych i schorowanych oczekuj\u0105cych cz\u0119stokro\u0107 ratunku. Si\u0142a dzia\u0142ania AZ trwa nieustannie do dzisiaj.<\/p>\n<p>W latach 2005\u20132007 Akcj\u0105 Zapom\u00f3g obj\u0119to r\u00f3wnie\u017c naszych alba\u0144skich wychowank\u00f3w AGH, kt\u00f3rzy zorganizowani w kole licz\u0105cym 27 os\u00f3b stanowi\u0105 najbiedniej uposa\u017conych emeryt\u00f3w.<\/p>\n<p>Zesp\u00f3\u0142 ds. Akcji Zapom\u00f3g od momentu ukonstytuowania si\u0119 by\u0142 kolejno kierowanych przez koleg\u00f3w:\u00a0 K.\u00a0 Suszy\u0144skiego, J. Mi\u0105sika, E. Zaj\u0105ca, J. \u017belaznego, T. Rumanstorfera, S. Ksi\u0105skiego, T. Dudzica, w latach 1999\u20132016 H. Konieczko, w latach 2016- 2021 roku Stanis\u0142aw Lasek, a od grudnia 2021 roku zespo\u0142em kieruje Piotr Ubowski.<\/p>\n<p><strong>Akcja Zapom\u00f3g trwa<\/strong><\/p>\n<p>Zesp\u00f3\u0142 ds. AZ spotyka si\u0119 trzy, cztery razy w ci\u0105gu roku w miar\u0119 nap\u0142ywaj\u0105cych wniosk\u00f3w o zapomogi i w oparciu o &#8222;Regulamin AZ&#8230;&#8221; rozpatruje zasadno\u015b\u0107 wniosk\u00f3w.<\/p>\n<p>Wi\u0119kszo\u015b\u0107 \u015brodk\u00f3w, kt\u00f3rymi dysponuje AZ tworz\u0105 sponsorskie wp\u0142aty od podmiot\u00f3w prywatnych oraz ze zbi\u00f3rek pieni\u0119\u017cnych organizowanych w czasie spotka\u0144 kole\u017ce\u0144skich cz\u0142onk\u00f3w SW AGH.<\/p>\n<p>Ocen\u0119 i analiz\u0119 pracy Zespo\u0142u ds. Akcji Zapom\u00f3g corocznie prowadzi G\u0142\u00f3wna Komisja Rewizyjna oraz Zarz\u0105d G\u0142\u00f3wny SW AGH.<\/p>\n<p style=\"text-align: center;\"><strong>Akcj\u0119 Zapom\u00f3g mo\u017cna wspiera\u0107 wp\u0142acaj\u0105c datki na konto<br \/>\nPekao SA<br \/>\n28 1240 4559 1111 0000 5418 4653<\/strong><\/p>\n<p>Lub<\/p>\n<p style=\"text-align: center;\"><strong>przekazuj\u0105c nam 1,5 % swojego podatku w rozliczeniu rocznym.<br \/>\nW tym celu w swoim PIT nale\u017cy poda\u0107 nr KRS 0000084696<br \/>\nCel: Stowarzyszenie Wychowank\u00f3w AGH<\/strong><\/p>\n<p><a href=\"https:\/\/swagh.agh.edu.pl\/wp-content\/uploads\/2021\/10\/kwestionariusz-zapomoga.doc\" target=\"_blank\" rel=\"noopener\">KWESTIONARIUSZ DO UZYSKANIA ZAPOMOGI KOLE\u017bE\u0143SKIEJ<\/a><\/p>\n","protected":false},"excerpt":{"rendered":"<p>Jednym z cel\u00f3w dzia\u0142ania Stowarzyszenia Wychowank\u00f3w Akademii G\u00f3rniczo-Hutniczej zapisanym w Statucie Stowarzyszenia jest niesienie pomocy materialnej wychowankom oraz wdowom i sierotom po wychowankach AGH. Ta po\u017cyteczna spo\u0142ecznie inicjatywa zrodzi\u0142a si\u0119 w 1945 r. w\u015br\u00f3d wychowank\u00f3w<\/p>\n","protected":false},"author":1,"featured_media":0,"parent":0,"menu_order":0,"comment_status":"closed","ping_status":"open","template":"","meta":{"footnotes":"","_links_to":"","_links_to_target":""},"class_list":["post-257","page","type-page","status-publish","hentry"],"_links":{"self":[{"href":"https:\/\/swagh.agh.edu.pl\/index.php?rest_route=\/wp\/v2\/pages\/257","targetHints":{"allow":["GET"]}}],"collection":[{"href":"https:\/\/swagh.agh.edu.pl\/index.php?rest_route=\/wp\/v2\/pages"}],"about":[{"href":"https:\/\/swagh.agh.edu.pl\/index.php?rest_route=\/wp\/v2\/types\/page"}],"author":[{"embeddable":true,"href":"https:\/\/swagh.agh.edu.pl\/index.php?rest_route=\/wp\/v2\/users\/1"}],"replies":[{"embeddable":true,"href":"https:\/\/swagh.agh.edu.pl\/index.php?rest_route=%2Fwp%2Fv2%2Fcomments&post=257"}],"version-history":[{"count":15,"href":"https:\/\/swagh.agh.edu.pl\/index.php?rest_route=\/wp\/v2\/pages\/257\/revisions"}],"predecessor-version":[{"id":6005,"href":"https:\/\/swagh.agh.edu.pl\/index.php?rest_route=\/wp\/v2\/pages\/257\/revisions\/6005"}],"wp:attachment":[{"href":"https:\/\/swagh.agh.edu.pl\/index.php?rest_route=%2Fwp%2Fv2%2Fmedia&parent=257"}],"curies":[{"name":"wp","href":"https:\/\/api.w.org\/{rel}","templated":true}]}}