{"id":2800,"date":"2018-12-14T10:43:01","date_gmt":"2018-12-14T10:43:01","guid":{"rendered":"http:\/\/galaxy.agh.edu.pl\/~swagh\/?page_id=2800"},"modified":"2023-01-16T09:29:47","modified_gmt":"2023-01-16T09:29:47","slug":"dzialalnosc-turystyczna-sw-agh","status":"publish","type":"page","link":"https:\/\/swagh.agh.edu.pl\/?page_id=2800","title":{"rendered":"Dzia\u0142alno\u015b\u0107 turystyczna SW AGH"},"content":{"rendered":"<ul>\n<li><a href=\"https:\/\/swagh.agh.edu.pl\/?p=5875\">Zapisy na wyjazd w roku 2023 &#8211; GRECJA<\/a><\/li>\n<li><a href=\"http:\/\/galaxy.agh.edu.pl\/~swagh\/?page_id=2803\">Wyjazdy turystyczne dla cz\u0142onk\u00f3w SW AGH \u2013 informacje og\u00f3lne<\/a><\/li>\n<li><a href=\"http:\/\/galaxy.agh.edu.pl\/~swagh\/?page_id=2813\">Komunikat szczeg\u00f3\u0142owy o wyjazdach na narty stycze\u0144\u2013luty 2019<\/a><\/li>\n<li><a href=\"http:\/\/galaxy.agh.edu.pl\/~swagh\/?page_id=2826\">Zapisy na wyjazdy w roku 2019<\/a><\/li>\n<\/ul>\n","protected":false},"excerpt":{"rendered":"<p>Zapisy na wyjazd w roku 2023 &#8211; GRECJA Wyjazdy turystyczne dla cz\u0142onk\u00f3w SW AGH \u2013 informacje og\u00f3lne Komunikat szczeg\u00f3\u0142owy o wyjazdach na narty stycze\u0144\u2013luty 2019 Zapisy na wyjazdy w roku 2019<\/p>\n","protected":false},"author":1,"featured_media":0,"parent":0,"menu_order":0,"comment_status":"closed","ping_status":"closed","template":"","meta":{"footnotes":"","_links_to":"","_links_to_target":""},"class_list":["post-2800","page","type-page","status-publish","hentry"],"_links":{"self":[{"href":"https:\/\/swagh.agh.edu.pl\/index.php?rest_route=\/wp\/v2\/pages\/2800","targetHints":{"allow":["GET"]}}],"collection":[{"href":"https:\/\/swagh.agh.edu.pl\/index.php?rest_route=\/wp\/v2\/pages"}],"about":[{"href":"https:\/\/swagh.agh.edu.pl\/index.php?rest_route=\/wp\/v2\/types\/page"}],"author":[{"embeddable":true,"href":"https:\/\/swagh.agh.edu.pl\/index.php?rest_route=\/wp\/v2\/users\/1"}],"replies":[{"embeddable":true,"href":"https:\/\/swagh.agh.edu.pl\/index.php?rest_route=%2Fwp%2Fv2%2Fcomments&post=2800"}],"version-history":[{"count":10,"href":"https:\/\/swagh.agh.edu.pl\/index.php?rest_route=\/wp\/v2\/pages\/2800\/revisions"}],"predecessor-version":[{"id":5890,"href":"https:\/\/swagh.agh.edu.pl\/index.php?rest_route=\/wp\/v2\/pages\/2800\/revisions\/5890"}],"wp:attachment":[{"href":"https:\/\/swagh.agh.edu.pl\/index.php?rest_route=%2Fwp%2Fv2%2Fmedia&parent=2800"}],"curies":[{"name":"wp","href":"https:\/\/api.w.org\/{rel}","templated":true}]}}