{"id":2813,"date":"2018-12-14T11:41:52","date_gmt":"2018-12-14T11:41:52","guid":{"rendered":"http:\/\/galaxy.agh.edu.pl\/~swagh\/?page_id=2813"},"modified":"2018-12-14T11:41:52","modified_gmt":"2018-12-14T11:41:52","slug":"komunikat-szczegolowy-o-wyjazdach-na-narty-styczen-luty-2019","status":"publish","type":"page","link":"https:\/\/swagh.agh.edu.pl\/?page_id=2813","title":{"rendered":"Komunikat szczeg\u00f3\u0142owy o wyjazdach na narty stycze\u0144 \u2013luty 2019"},"content":{"rendered":"\n<p class=\"normal\">Dotyczy: Obozu Narciarsko-Wypoczynkowego we w\u0142oskich Dolomitach<\/p>\n<p class=\"normal\">Uprzejmie informuje, \u017ce Rada Uczelniana ZNP w AGH zaprasza do udzia\u0142u w obozie narciarsko-wypoczynkowym we W\u0142oskich Dolomitach w miejscowo\u015bci Sappada.<\/p>\n<hr>\n<p class=\"normal\">Turnusy:<\/p>\n<ol>\n<li>19.01. do 27.01.2019 \u2013 ferie szkolne (9 dni)<\/li>\n<li>09.02. do 16.02.2019 i 17.02. do 24.02.2019 \u2013 ferie akademickie (8 dni)<\/li>\n<\/ol>\n<hr>\n<p class=\"normal\"><strong>Organizatorem jest BELLA ITALIA &amp; EFA VILLAGE S.R.L.<\/strong><\/p>\n<p class=\"normal\"><strong>Transport zapewnia Firma TELESFOR (grupa do 40 os\u00f3b).<\/strong><\/p>\n<p class=\"normal\"><strong>Sappada<\/strong> \u2013 miejscowo\u015b\u0107 po\u0142o\u017cona w s\u0142onecznej dolinie w Dolomitach we W\u0142oszech. Sappada posiada bogat\u0105 infrastruktur\u0119 narciarsk\u0105 przyci\u0105gaj\u0105c\u0105 wymagaj\u0105cych narciarzy i turyst\u00f3w. Zakwaterowanie w du\u017cym o\u015brodku wczasowo-wypoczynkowym posiadaj\u0105cym pokoje 2, 3 i 5 osobowe z pe\u0142nym w\u0119z\u0142em sanitarnym. W o\u015brodku do dyspozycji uczestnik\u00f3w du\u017cy kryty basen z ciep\u0142\u0105 wod\u0105 (29 stopni) sauny sucha i mokra, sala sportowa. Posi\u0142ki s\u0105 wydawane w 3 sto\u0142\u00f3wkach.<\/p>\n<p class=\"normal\"><strong>Cena wyjazdu obejmuje:<\/strong><\/p>\n<ul>\n<li class=\"list-paragraph\">noclegi w pokojach z WC i prysznicem,<\/li>\n<li class=\"list-paragraph\">wy\u017cywienie (\u015bniadanie i obiadokolacje),<\/li>\n<li class=\"list-paragraph\">transport autokarowy Krak\u00f3w \u2013 Sappada \u2013 Krak\u00f3w,<\/li>\n<li class=\"list-paragraph\">transport do wyci\u0105g\u00f3w,<\/li>\n<li class=\"list-paragraph\">basen, sauny, sale sportow\u0105,<\/li>\n<li class=\"list-paragraph\">ubezpieczenie NNW narciarskie,<\/li>\n<li class=\"list-paragraph\">pakiet SKI &#8211; PASS na ca\u0142y turnus.<\/li>\n<\/ul>\n<hr>\n<p class=\"normal\">Ceny:<\/p>\n<p class=\"normal\"><strong>A). FERIE SZKOLNE 9 dni \u2013 osoby doros\u0142e <\/strong><\/p>\n<p class=\"normal\">1. w pokoju dwuosobowym bez skipass<\/p>\n<ul>\n<li class=\"list-paragraph\">365 EURO\/osob\u0119 + 305 z\u0142 transport + 60 z\u0142 ubezpieczenie<\/li>\n<\/ul>\n<p class=\"normal\">2. w pokoju wieloosobowym bez skipass<\/p>\n<ul>\n<li class=\"list-paragraph\">345 EURO\/osob\u0119 + 305 z\u0142 transport + 60 z\u0142 ubezpieczenie <\/li>\n<\/ul>\n<p class=\"normal\">3. w pokoju dwuosobowym ze skipass<\/p>\n<ul>\n<li class=\"list-paragraph\">505 EURO\/osob\u0119 + 305 z\u0142 transport + 60 z\u0142 ubezpieczenie narciarskie<\/li>\n<\/ul>\n<p class=\"normal\">4. w pokoju wieloosobowym ze skipass<\/p>\n<ul>\n<li class=\"list-paragraph\">485 EUREO\/osob\u0119 + 305 z\u0142 transport + 60 z\u0142 ubezpieczenie narciarskie<\/li>\n<\/ul>\n<hr>\n<p class=\"normal\"><strong>B). FERIE SZKOLNE 9 dni \u2013 dzieci do lat 11 <\/strong><\/p>\n<p class=\"normal\">1. w pokoju dwuosobowym bez skipass <\/p>\n<ul>\n<li class=\"list-paragraph\">320 EURO\/osob\u0119 + 305 z\u0142 transport + 60 z\u0142 ubezpieczenie<\/li>\n<\/ul>\n<p class=\"normal\">2. w pokoju wieloosobowym bez skipass<\/p>\n<ul>\n<li class=\"list-paragraph\">310 EURO\/osob\u0119 + 305 z\u0142 transport + 60 z\u0142 ubezpieczenie <\/li>\n<\/ul>\n<p class=\"normal\">3. w pokoju dwuosobowym ze skipass<\/p>\n<ul>\n<li class=\"list-paragraph\">465 EURO\/osob\u0119 + 305 z\u0142 transport + 60 z\u0142 ubezpieczenie narciarskie<\/li>\n<\/ul>\n<p class=\"normal\">4. w pokoju wieloosobowym ze skipass<\/p>\n<ul>\n<li class=\"list-paragraph\">445 EUREO\/osob\u0119 + 305 z\u0142 transport + 60 z\u0142 ubezpieczenie narciarskie<\/li>\n<\/ul>\n<hr>\n<p class=\"normal\"><strong>C). FERIE AKADEMICKIE 8 dni \u2013 osoby doros\u0142e<\/strong><\/p>\n<p class=\"normal\">1. w pokoju dwuosobowym bez skipass <\/p>\n<ul>\n<li class=\"list-paragraph\">330 EURO\/osob\u0119 + 270 z\u0142 transport + 51 z\u0142 ubezpieczenie<\/li>\n<\/ul>\n<p class=\"normal\">2. w pokoju wieloosobowym bez skipass<\/p>\n<ul>\n<li class=\"list-paragraph\">310 EURO\/osob\u0119 + 270 z\u0142 transport + 51 z\u0142 ubezpieczenie <\/li>\n<\/ul>\n<p class=\"normal\">3. w pokoju dwuosobowym ze skipass<\/p>\n<ul>\n<li class=\"list-paragraph\">450 EURO\/osob\u0119 + 270 z\u0142 transport + 51 z\u0142 ubezpieczenie narciarskie<\/li>\n<\/ul>\n<p class=\"normal\">4. w pokoju wieloosobowym ze skipass<\/p>\n<ul>\n<li class=\"list-paragraph\">435 EUREO\/osob\u0119 + 270 z\u0142 transport + 51 z\u0142 ubezpieczenie narciarskie<\/li>\n<\/ul>\n<hr>\n<p class=\"normal\"><strong>D). FERIE AKADEMICKIE 8 dni \u2013 dzieci do lat 11<\/strong><\/p>\n<p class=\"normal\">1. w pokoju dwuosobowym bez skipass <\/p>\n<ul>\n<li class=\"list-paragraph\">290 EURO\/osob\u0119 + 270 z\u0142 transport + 51 z\u0142 ubezpieczenie<\/li>\n<\/ul>\n<p class=\"normal\">2. w pokoju wieloosobowym bez skipass<\/p>\n<ul>\n<li class=\"list-paragraph\">280 EURO\/osob\u0119 + 270 z\u0142 transport + 51 z\u0142 ubezpieczenie <\/li>\n<\/ul>\n<p class=\"normal\">3. w pokoju dwuosobowym ze skipass<\/p>\n<ul>\n<li class=\"list-paragraph\">415 EURO\/osob\u0119 + 270 z\u0142 transport + 51 z\u0142 ubezpieczenie narciarskie<\/li>\n<\/ul>\n<p class=\"normal\">4. w pokoju wieloosobowym ze skipass<\/p>\n<ul>\n<li class=\"list-paragraph\">400 EUREO\/osob\u0119 + 270 z\u0142 transport + 51 z\u0142 ubezpieczenie narciarskie<\/li>\n","protected":false},"excerpt":{"rendered":"<p>Dotyczy: Obozu Narciarsko-Wypoczynkowego we w\u0142oskich Dolomitach Uprzejmie informuje, \u017ce Rada Uczelniana ZNP w AGH zaprasza do udzia\u0142u w obozie narciarsko-wypoczynkowym we W\u0142oskich Dolomitach w miejscowo\u015bci Sappada. Turnusy: 19.01. do 27.01.2019 \u2013 ferie szkolne (9 dni)<\/p>\n","protected":false},"author":1,"featured_media":0,"parent":2800,"menu_order":0,"comment_status":"closed","ping_status":"closed","template":"","meta":{"footnotes":"","_links_to":"","_links_to_target":""},"class_list":["post-2813","page","type-page","status-publish","hentry"],"_links":{"self":[{"href":"https:\/\/swagh.agh.edu.pl\/index.php?rest_route=\/wp\/v2\/pages\/2813","targetHints":{"allow":["GET"]}}],"collection":[{"href":"https:\/\/swagh.agh.edu.pl\/index.php?rest_route=\/wp\/v2\/pages"}],"about":[{"href":"https:\/\/swagh.agh.edu.pl\/index.php?rest_route=\/wp\/v2\/types\/page"}],"author":[{"embeddable":true,"href":"https:\/\/swagh.agh.edu.pl\/index.php?rest_route=\/wp\/v2\/users\/1"}],"replies":[{"embeddable":true,"href":"https:\/\/swagh.agh.edu.pl\/index.php?rest_route=%2Fwp%2Fv2%2Fcomments&post=2813"}],"version-history":[{"count":11,"href":"https:\/\/swagh.agh.edu.pl\/index.php?rest_route=\/wp\/v2\/pages\/2813\/revisions"}],"predecessor-version":[{"id":2824,"href":"https:\/\/swagh.agh.edu.pl\/index.php?rest_route=\/wp\/v2\/pages\/2813\/revisions\/2824"}],"up":[{"embeddable":true,"href":"https:\/\/swagh.agh.edu.pl\/index.php?rest_route=\/wp\/v2\/pages\/2800"}],"wp:attachment":[{"href":"https:\/\/swagh.agh.edu.pl\/index.php?rest_route=%2Fwp%2Fv2%2Fmedia&parent=2813"}],"curies":[{"name":"wp","href":"https:\/\/api.w.org\/{rel}","templated":true}]}}