{"id":2826,"date":"2018-12-14T12:05:39","date_gmt":"2018-12-14T12:05:39","guid":{"rendered":"http:\/\/galaxy.agh.edu.pl\/~swagh\/?page_id=2826"},"modified":"2018-12-14T12:17:53","modified_gmt":"2018-12-14T12:17:53","slug":"zapisy-na-wyjazdy-w-2019-roku","status":"publish","type":"page","link":"https:\/\/swagh.agh.edu.pl\/?page_id=2826","title":{"rendered":"Zapisy na wyjazdy w 2019 roku"},"content":{"rendered":"<ol>\n<li>Zapisy Cz\u0142onk\u00f3w Stowarzyszenia Wychowank\u00f3w  odbywaj\u0105 si\u0119 przez formularz zg\u0142oszeniowy na stronie internetowej SW AGH (Link poni\u017cej),<\/li>\n<li>List\u0119 zamyka  si\u0119 w dn. 20.12.2018 roku<\/li>\n<li>o zakwalifikowaniu decyduje kolejno\u015b\u0107 zg\u0142osze\u0144.<\/li>\n<\/ol>\n<p><a href=\"http:\/\/galaxy.agh.edu.pl\/~swagh\/wp-content\/uploads\/2018\/12\/etykietka-zg\u0142ozenia-Sappada.jpg\"><a href=\"https:\/\/docs.google.com\/forms\/d\/e\/1FAIpQLScKAzUacGsno97afqlrnkYLr09ZiXto954n4EZFyVwli0jKHQ\/viewform?usp=pp_url\" target=\"_blank\"><img loading=\"lazy\" decoding=\"async\" src=\"http:\/\/galaxy.agh.edu.pl\/~swagh\/wp-content\/uploads\/2018\/12\/etykietka-zg\u0142ozenia-Sappada-300x200.jpg\" alt=\"\" width=\"300\" height=\"200\" class=\"aligncenter size-medium wp-image-2830\" srcset=\"https:\/\/swagh.agh.edu.pl\/wp-content\/uploads\/2018\/12\/etykietka-zg\u0142ozenia-Sappada-300x200.jpg 300w, https:\/\/swagh.agh.edu.pl\/wp-content\/uploads\/2018\/12\/etykietka-zg\u0142ozenia-Sappada-420x280.jpg 420w, https:\/\/swagh.agh.edu.pl\/wp-content\/uploads\/2018\/12\/etykietka-zg\u0142ozenia-Sappada.jpg 756w\" sizes=\"auto, (max-width: 300px) 100vw, 300px\" \/><\/a><\/a><\/p>\n","protected":false},"excerpt":{"rendered":"<p>Zapisy Cz\u0142onk\u00f3w Stowarzyszenia Wychowank\u00f3w odbywaj\u0105 si\u0119 przez formularz zg\u0142oszeniowy na stronie internetowej SW AGH (Link poni\u017cej), List\u0119 zamyka si\u0119 w dn. 20.12.2018 roku o zakwalifikowaniu decyduje kolejno\u015b\u0107 zg\u0142osze\u0144.<\/p>\n","protected":false},"author":1,"featured_media":0,"parent":2800,"menu_order":0,"comment_status":"closed","ping_status":"closed","template":"","meta":{"footnotes":"","_links_to":"","_links_to_target":""},"class_list":["post-2826","page","type-page","status-publish","hentry"],"_links":{"self":[{"href":"https:\/\/swagh.agh.edu.pl\/index.php?rest_route=\/wp\/v2\/pages\/2826","targetHints":{"allow":["GET"]}}],"collection":[{"href":"https:\/\/swagh.agh.edu.pl\/index.php?rest_route=\/wp\/v2\/pages"}],"about":[{"href":"https:\/\/swagh.agh.edu.pl\/index.php?rest_route=\/wp\/v2\/types\/page"}],"author":[{"embeddable":true,"href":"https:\/\/swagh.agh.edu.pl\/index.php?rest_route=\/wp\/v2\/users\/1"}],"replies":[{"embeddable":true,"href":"https:\/\/swagh.agh.edu.pl\/index.php?rest_route=%2Fwp%2Fv2%2Fcomments&post=2826"}],"version-history":[{"count":5,"href":"https:\/\/swagh.agh.edu.pl\/index.php?rest_route=\/wp\/v2\/pages\/2826\/revisions"}],"predecessor-version":[{"id":2832,"href":"https:\/\/swagh.agh.edu.pl\/index.php?rest_route=\/wp\/v2\/pages\/2826\/revisions\/2832"}],"up":[{"embeddable":true,"href":"https:\/\/swagh.agh.edu.pl\/index.php?rest_route=\/wp\/v2\/pages\/2800"}],"wp:attachment":[{"href":"https:\/\/swagh.agh.edu.pl\/index.php?rest_route=%2Fwp%2Fv2%2Fmedia&parent=2826"}],"curies":[{"name":"wp","href":"https:\/\/api.w.org\/{rel}","templated":true}]}}