{"id":3232,"date":"2019-08-07T12:48:07","date_gmt":"2019-08-07T12:48:07","guid":{"rendered":"http:\/\/galaxy.agh.edu.pl\/~swagh\/?page_id=3232"},"modified":"2021-10-06T10:01:51","modified_gmt":"2021-10-06T10:01:51","slug":"tablica-pamiatkowa-profesora-juliana-sulimy-samujllo","status":"publish","type":"page","link":"https:\/\/swagh.agh.edu.pl\/?page_id=3232","title":{"rendered":"Tablica pami\u0105tkowa profesora Juliana Sulimy-Samuj\u0142\u0142o"},"content":{"rendered":"<p><a href=\"http:\/\/galaxy.agh.edu.pl\/~swagh\/wp-content\/uploads\/2019\/09\/tablica_pami\u0105tkowa_profesora_Juliana_Sulimy_Samujllo.jpg\"><img loading=\"lazy\" decoding=\"async\" class=\"aligncenter size-medium wp-image-3259\" src=\"http:\/\/galaxy.agh.edu.pl\/~swagh\/wp-content\/uploads\/2019\/09\/tablica_pami\u0105tkowa_profesora_Juliana_Sulimy_Samujllo-212x300.jpg\" alt=\"\" width=\"212\" height=\"300\" srcset=\"https:\/\/swagh.agh.edu.pl\/wp-content\/uploads\/2019\/09\/tablica_pami\u0105tkowa_profesora_Juliana_Sulimy_Samujllo-212x300.jpg 212w, https:\/\/swagh.agh.edu.pl\/wp-content\/uploads\/2019\/09\/tablica_pami\u0105tkowa_profesora_Juliana_Sulimy_Samujllo-768x1086.jpg 768w, https:\/\/swagh.agh.edu.pl\/wp-content\/uploads\/2019\/09\/tablica_pami\u0105tkowa_profesora_Juliana_Sulimy_Samujllo-724x1024.jpg 724w, https:\/\/swagh.agh.edu.pl\/wp-content\/uploads\/2019\/09\/tablica_pami\u0105tkowa_profesora_Juliana_Sulimy_Samujllo.jpg 1729w\" sizes=\"auto, (max-width: 212px) 100vw, 212px\" \/><\/a><\/p>\n<ul>\n<li><a href=\"http:\/\/galaxy.agh.edu.pl\/~swagh\/pdf\/SPONSORZY_INDYWIDUALNI.pdf\" target=\"_blank\" rel=\"noopener\">SPONSORZY INDYWIDUALNI (osoby fizyczne)<\/a><\/li>\n<li><a href=\"http:\/\/galaxy.agh.edu.pl\/~swagh\/pdf\/ZAKLADY_PRACY.pdf\" target=\"_blank\" rel=\"noopener\">ZAK\u0141ADY PRACY (osoby prawne)<\/a><\/li>\n<\/ul>\n<hr \/>\n<h3>Uprzejmie informujemy, \u017ce w dniu dzisiejszym oddali\u015bmy do druku broszurk\u0119 z\u00a0list\u0105 ofiarodawc\u00f3w. Tym samym oficjalna zbi\u00f3rka \u015brodk\u00f3w zosta\u0142a zako\u0144czona.<\/h3>\n<h3>Serdecznie dzi\u0119kujemy wszystkim ofiarodawcom. Dzi\u0119ki pa\u0144stwa hojno\u015bci tablica powsta\u0142a i jest ju\u017c w AGH . Wygl\u0105da na to, \u017ce b\u0119dziemy mogli jeszcze zaj\u0105\u0107 si\u0119 nagrobkiem profesora na Cmentarzu Rakowickim.<\/h3>\n<h3>Pozdrawiam wszystkich<br \/>\nPiotr Czaja \u2013 Prezes Stowarzyszenia Wychowank\u00f3w AGH<\/h3>\n","protected":false},"excerpt":{"rendered":"<p>SPONSORZY INDYWIDUALNI (osoby fizyczne) ZAK\u0141ADY PRACY (osoby prawne) Uprzejmie informujemy, \u017ce w dniu dzisiejszym oddali\u015bmy do druku broszurk\u0119 z\u00a0list\u0105 ofiarodawc\u00f3w. Tym samym oficjalna zbi\u00f3rka \u015brodk\u00f3w zosta\u0142a zako\u0144czona. Serdecznie dzi\u0119kujemy wszystkim ofiarodawcom. Dzi\u0119ki pa\u0144stwa hojno\u015bci tablica<\/p>\n","protected":false},"author":1,"featured_media":0,"parent":0,"menu_order":0,"comment_status":"closed","ping_status":"closed","template":"","meta":{"footnotes":"","_links_to":"","_links_to_target":""},"class_list":["post-3232","page","type-page","status-publish","hentry"],"_links":{"self":[{"href":"https:\/\/swagh.agh.edu.pl\/index.php?rest_route=\/wp\/v2\/pages\/3232","targetHints":{"allow":["GET"]}}],"collection":[{"href":"https:\/\/swagh.agh.edu.pl\/index.php?rest_route=\/wp\/v2\/pages"}],"about":[{"href":"https:\/\/swagh.agh.edu.pl\/index.php?rest_route=\/wp\/v2\/types\/page"}],"author":[{"embeddable":true,"href":"https:\/\/swagh.agh.edu.pl\/index.php?rest_route=\/wp\/v2\/users\/1"}],"replies":[{"embeddable":true,"href":"https:\/\/swagh.agh.edu.pl\/index.php?rest_route=%2Fwp%2Fv2%2Fcomments&post=3232"}],"version-history":[{"count":9,"href":"https:\/\/swagh.agh.edu.pl\/index.php?rest_route=\/wp\/v2\/pages\/3232\/revisions"}],"predecessor-version":[{"id":4500,"href":"https:\/\/swagh.agh.edu.pl\/index.php?rest_route=\/wp\/v2\/pages\/3232\/revisions\/4500"}],"wp:attachment":[{"href":"https:\/\/swagh.agh.edu.pl\/index.php?rest_route=%2Fwp%2Fv2%2Fmedia&parent=3232"}],"curies":[{"name":"wp","href":"https:\/\/api.w.org\/{rel}","templated":true}]}}