{"id":3783,"date":"2020-10-08T06:35:41","date_gmt":"2020-10-08T06:35:41","guid":{"rendered":"http:\/\/galaxy.agh.edu.pl\/~swagh\/?page_id=3783"},"modified":"2020-10-08T06:55:06","modified_gmt":"2020-10-08T06:55:06","slug":"ochrona-danych-osobowych","status":"publish","type":"page","link":"https:\/\/swagh.agh.edu.pl\/?page_id=3783","title":{"rendered":"Ochrona danych osobowych"},"content":{"rendered":"\n<p>Wype\u0142niaj\u0105c\nobowi\u0105zek prawny uregulowany zapisami art. 13 ust. 1 i 2 rozporz\u0105dzenia\nParlamentu Europejskiego i Rady (UE) 2016\/679 z dnia 27 kwietnia 2016 r.w\nsprawie ochrony os\u00f3b fizycznych w zwi\u0105zku z przetwarzaniem danych osobowych i w\nsprawie swobodnego przep\u0142ywu takich danych oraz uchylenia dyrektywy 95\/46\/WE\n(og\u00f3lne rozporz\u0105dzenie o ochronie danych) Dz. U. UE. L. 2016.119.1 z dnia 4\nmaja 2016r, dalej jako \u201erodo\u201d, Stowarzyszenie Wychowank\u00f3w AGH informuje, i\u017c:<\/p>\n\n\n\n<p>1) Administratorem Pana\/Pani danych osobowych jest Stowarzyszenie Wychowank\u00f3w AGH w Krakowie, al. Adama Mickiewicza 30, reprezentowane przez Przewodnicz\u0105cego, kt\u00f3re przetwarza dane osobowe w trybie z art. 6 ust.1 lit. a rodo (na podstawie zgody osoby, kt\u00f3rej dane dotycz\u0105).<\/p>\n\n\n\n<p>2) Pana\/Pani\ndane osobowe przetwarzane s\u0105 w celu realizacji praw i obowi\u0105zk\u00f3w wynikaj\u0105cych\nze Statutu Stowarzyszenia Wychowank\u00f3w AGH.<\/p>\n\n\n\n<p>3) Pana\/Pani dane osobowe nie s\u0105 udost\u0119pniane odbiorcom danych w rozumieniu art. 4 pkt9 rodo. Dane osobowe mog\u0105 by\u0107 przekazywane tylko uprawnionym organom pa\u0144stwowym, organom ochrony prawnej (Policja, Prokuratura, S\u0105d) lub organom samorz\u0105du terytorialnego w zwi\u0105zku z prowadzonym post\u0119powaniem.<\/p>\n\n\n\n<p>4) Pana\/Pani\ndane osobowe b\u0119d\u0105 przechowywane wy\u0142\u0105cznie przez okres w zakresie niezb\u0119dnym do\nrealizacji celu w jakim udzieli Pan\/Pani zgod\u0119 na przetwarzania danych\nosobowych a nast\u0119pnie trwale niszczone lub przechowywane w zgodno\u015bci z\nprzepisami prawa o archiwizacji.<\/p>\n\n\n\n<p>5) Pana\/Pani\ndane osobowe nie b\u0119d\u0105 podlega\u0142y zautomatyzowanym procesom podejmowania decyzji\nprzez Administratora, w tym profilowaniu.<\/p>\n\n\n\n<p>6) Pana\/Pani\ndane osobowe nie b\u0119d\u0105 przekazywane do pa\u0144stwa trzeciego ani do organizacji\nmi\u0119dzynarodowej.<\/p>\n\n\n\n<p>7) Przys\u0142uguje\nPanu(i) prawo do cofni\u0119cia zgody na przetwarzanie danych w dowolnym momencie.\nCofni\u0119cie zgody nie b\u0119dzie mia\u0142o wp\u0142ywu na zgodno\u015b\u0107 z prawem przetwarzania,\nkt\u00f3rego dokonano na podstawie zgody przed jej cofni\u0119ciem.<\/p>\n\n\n\n<p>8) Cofni\u0119cie zgody b\u0119dzie mia\u0142o konsekwencje braku mo\u017cliwo\u015bci bycia cz\u0142onkiem Stowarzyszenia Wychowank\u00f3w AGH lub udzia\u0142u w organizowanych konferencjach, wydarzeniach, kt\u00f3re poprzedzone s\u0105 rejestracj\u0105 uczestnik\u00f3w.<\/p>\n\n\n\n<p>9) Cofni\u0119cie\nzgody mo\u017ce mie\u0107 nast\u0119puj\u0105c\u0105 form\u0119: Cofam zgod\u0119 na przetwarzanie danych osobowych\nprzez Stowarzyszenie Wychowank\u00f3w AGH, udzielon\u0105 w dniu\n&#8230;&#8230;&#8230;&#8230;&#8230;&#8230;&#8230;&#8230;&#8230;.. w celu\n&#8230;&#8230;&#8230;&#8230;&#8230;&#8230;&#8230;&#8230;&#8230;&#8230;&#8230;&#8230;&#8230;&#8230;&#8230;&#8230;&#8230;&#8230;&#8230;&#8230;&#8230;.. Podpis osoby,\nkt\u00f3rej dane dotycz\u0105.<\/p>\n\n\n\n<p>10) Przys\u0142uguje Panu\/Pani prawo dost\u0119pu do tre\u015bci swoich danych osobowych oraz ich sprostowania, usuni\u0119cia lub ograniczenia przetwarzania lub prawo do wniesienia sprzeciwu wobec przetwarzania.<\/p>\n\n\n\n<p>11) Przys\u0142uguje Panu\/Pani prawo wniesienia skargi do organu nadzorczego -Prezesa Urz\u0119du Ochrony Danych Osobowych<\/p>\n","protected":false},"excerpt":{"rendered":"<p>Wype\u0142niaj\u0105c obowi\u0105zek prawny uregulowany zapisami art. 13 ust. 1 i 2 rozporz\u0105dzenia Parlamentu Europejskiego i Rady (UE) 2016\/679 z dnia 27 kwietnia 2016 r.w sprawie ochrony os\u00f3b fizycznych w zwi\u0105zku z przetwarzaniem danych osobowych i<\/p>\n","protected":false},"author":1,"featured_media":0,"parent":0,"menu_order":0,"comment_status":"closed","ping_status":"closed","template":"","meta":{"footnotes":"","_links_to":"","_links_to_target":""},"class_list":["post-3783","page","type-page","status-publish","hentry"],"_links":{"self":[{"href":"https:\/\/swagh.agh.edu.pl\/index.php?rest_route=\/wp\/v2\/pages\/3783","targetHints":{"allow":["GET"]}}],"collection":[{"href":"https:\/\/swagh.agh.edu.pl\/index.php?rest_route=\/wp\/v2\/pages"}],"about":[{"href":"https:\/\/swagh.agh.edu.pl\/index.php?rest_route=\/wp\/v2\/types\/page"}],"author":[{"embeddable":true,"href":"https:\/\/swagh.agh.edu.pl\/index.php?rest_route=\/wp\/v2\/users\/1"}],"replies":[{"embeddable":true,"href":"https:\/\/swagh.agh.edu.pl\/index.php?rest_route=%2Fwp%2Fv2%2Fcomments&post=3783"}],"version-history":[{"count":3,"href":"https:\/\/swagh.agh.edu.pl\/index.php?rest_route=\/wp\/v2\/pages\/3783\/revisions"}],"predecessor-version":[{"id":3793,"href":"https:\/\/swagh.agh.edu.pl\/index.php?rest_route=\/wp\/v2\/pages\/3783\/revisions\/3793"}],"wp:attachment":[{"href":"https:\/\/swagh.agh.edu.pl\/index.php?rest_route=%2Fwp%2Fv2%2Fmedia&parent=3783"}],"curies":[{"name":"wp","href":"https:\/\/api.w.org\/{rel}","templated":true}]}}