{"id":3855,"date":"2020-10-16T06:57:16","date_gmt":"2020-10-16T06:57:16","guid":{"rendered":"http:\/\/galaxy.agh.edu.pl\/~swagh\/?page_id=3855"},"modified":"2021-10-15T11:04:58","modified_gmt":"2021-10-15T11:04:58","slug":"sprawozdania-z-kol","status":"publish","type":"page","link":"https:\/\/swagh.agh.edu.pl\/?page_id=3855","title":{"rendered":"Sprawozdania z K\u00f3\u0142"},"content":{"rendered":"\n<p><a href=\"https:\/\/swagh.agh.edu.pl\/wp-content\/uploads\/2020\/10\/Sprawozdanie-z-Ko\u0142a_076.docx\" data-type=\"URL\" target=\"_blank\" rel=\"noreferrer noopener\">Protok\u00f3\u0142 z zebrania Zarz\u0105du Ko\u0142a Terenowego SW AGH im. prof. dr in\u017c. Wac\u0142awa R\u00f3\u017ca\u0144skiego nr 076.<\/a><\/p>\n","protected":false},"excerpt":{"rendered":"<p>Protok\u00f3\u0142 z zebrania Zarz\u0105du Ko\u0142a Terenowego SW AGH im. prof. dr in\u017c. Wac\u0142awa R\u00f3\u017ca\u0144skiego nr 076.<\/p>\n","protected":false},"author":1,"featured_media":0,"parent":0,"menu_order":0,"comment_status":"closed","ping_status":"closed","template":"","meta":{"footnotes":"","_links_to":"","_links_to_target":""},"class_list":["post-3855","page","type-page","status-publish","hentry"],"_links":{"self":[{"href":"https:\/\/swagh.agh.edu.pl\/index.php?rest_route=\/wp\/v2\/pages\/3855","targetHints":{"allow":["GET"]}}],"collection":[{"href":"https:\/\/swagh.agh.edu.pl\/index.php?rest_route=\/wp\/v2\/pages"}],"about":[{"href":"https:\/\/swagh.agh.edu.pl\/index.php?rest_route=\/wp\/v2\/types\/page"}],"author":[{"embeddable":true,"href":"https:\/\/swagh.agh.edu.pl\/index.php?rest_route=\/wp\/v2\/users\/1"}],"replies":[{"embeddable":true,"href":"https:\/\/swagh.agh.edu.pl\/index.php?rest_route=%2Fwp%2Fv2%2Fcomments&post=3855"}],"version-history":[{"count":6,"href":"https:\/\/swagh.agh.edu.pl\/index.php?rest_route=\/wp\/v2\/pages\/3855\/revisions"}],"predecessor-version":[{"id":4530,"href":"https:\/\/swagh.agh.edu.pl\/index.php?rest_route=\/wp\/v2\/pages\/3855\/revisions\/4530"}],"wp:attachment":[{"href":"https:\/\/swagh.agh.edu.pl\/index.php?rest_route=%2Fwp%2Fv2%2Fmedia&parent=3855"}],"curies":[{"name":"wp","href":"https:\/\/api.w.org\/{rel}","templated":true}]}}