{"id":427,"date":"2012-03-30T07:43:54","date_gmt":"2012-03-30T07:43:54","guid":{"rendered":"http:\/\/galaxy.agh.edu.pl\/~swagh\/?page_id=427"},"modified":"2025-01-14T13:27:20","modified_gmt":"2025-01-14T12:27:20","slug":"kola-sw","status":"publish","type":"page","link":"https:\/\/swagh.agh.edu.pl\/?page_id=427","title":{"rendered":"Ko\u0142a SW AGH"},"content":{"rendered":"<div align=\"center\">\n<table border=\"1\" width=\"601\" cellspacing=\"5\" cellpadding=\"0\">\n<tbody>\n<tr>\n<th valign=\"top\" width=\"6%\">lp.<\/th>\n<th valign=\"top\" width=\"53%\"><strong>Nazwa Ko\u0142a<\/strong><\/th>\n<th valign=\"top\" width=\"35%\"><strong>Rzecznik<\/strong><\/th>\n<\/tr>\n<tr>\n<td valign=\"top\" width=\"6%\">1.<\/td>\n<td valign=\"top\" width=\"53%\">BOT KWB &#8222;Be\u0142chat\u00f3w&#8221; S.A. w Rogowcu<br \/>ul. \u015aw. Barbary 3 skr. poczt. 100<br \/>97-400 Be\u0142chat\u00f3w<\/td>\n<td valign=\"top\" width=\"35%\">mgr in\u017c.<br \/>Tomasz Ha\u0142adaj<\/td>\n<\/tr>\n<tr>\n<td valign=\"top\" width=\"6%\">2.<\/td>\n<td valign=\"top\" width=\"53%\">BOT KWB &#8222;Konin&#8221; w Kleczewie S.A.<br \/>al. 600-lecia 9<br \/>62-540 Kleczew<\/td>\n<td valign=\"top\" width=\"35%\">mgr in\u017c.<br \/>Tomasz Siod\u0142a<\/td>\n<\/tr>\n<tr>\n<td valign=\"top\" width=\"6%\">3.<\/td>\n<td valign=\"top\" width=\"53%\">Huta &#8222;Stalowa Wola&#8221; S.A.<br \/>ul. gen. Tadeusza Kasprzyckiego 8<br \/>37-450 Stalowa Wola<\/td>\n<td valign=\"top\" width=\"35%\">mgr in\u017c.<br \/>Bronis\u0142aw \u015arodek<\/td>\n<\/tr>\n<tr>\n<td valign=\"top\" width=\"6%\">4.<\/td>\n<td valign=\"top\" width=\"53%\">Instytut Metali Nie\u017celaznych<br \/>ul. Sowi\u0144skiego 5<br \/>44-101 Gliwice<\/td>\n<td valign=\"top\" width=\"35%\">mgr in\u017c.<br \/>Dariusz Ko\u0142acz<\/td>\n<\/tr>\n<tr>\n<td valign=\"top\" width=\"6%\">5.<\/td>\n<td valign=\"top\" width=\"53%\">JSW KWK &#8222;Borynia&#8221;<br \/>ul. W\u0119glowa 4<br \/>44-268 Jastrz\u0119bie Zdr\u00f3j<\/td>\n<td valign=\"top\" width=\"35%\">mgr in\u017c.<br \/>Miros\u0142aw Nieszporek<\/td>\n<\/tr>\n<tr>\n<td valign=\"top\" width=\"6%\">6.<\/td>\n<td valign=\"top\" width=\"53%\">JSW S.A. KWK &#8222;Jas-Mos&#8221;<br \/>ul. G\u00f3rnicza 1<br \/>44-330 Jastrz\u0119bie Zdr\u00f3j<\/td>\n<td valign=\"top\" width=\"35%\">mgr in\u017c.<br \/>Patrycja Grzelak<\/td>\n<\/tr>\n<tr>\n<td valign=\"top\" width=\"6%\">7.<\/td>\n<td style=\"text-align: left;\" valign=\"top\" width=\"53%\">PREVAC sp. z o.o.<br \/>ul. Raciborska 61<br \/>44-362 Rog\u00f3w<\/td>\n<td valign=\"top\" width=\"35%\">mgr in\u017c.<br \/>Martyna Ko\u0142acka<\/td>\n<\/tr>\n<tr>\n<td valign=\"top\" width=\"6%\">8.<\/td>\n<td valign=\"top\" width=\"53%\">KGHM Polska Mied\u017a S.A. Zak\u0142ady G\u00f3rnicze &#8222;Lubin&#8221;<br \/>ul. M. Sk\u0142odowskiej-Curie 188<br \/>59-300 Lubin<\/td>\n<td valign=\"top\" width=\"35%\">mgr in\u017c.<br \/>Henryk Paprocki<\/td>\n<\/tr>\n<tr>\n<td valign=\"top\" width=\"6%\">9.<\/td>\n<td valign=\"top\" width=\"53%\">KGHM Polska Mied\u017a S.A. Zak\u0142ady G\u00f3rnicze<br \/>&#8222;Polkowice-Sieroszowice&#8221; w Ka\u017amierzowie<br \/>59-101 Polkowice<\/td>\n<td valign=\"top\" width=\"35%\">mgr in\u017c.<br \/>Henryk Muzyka<\/td>\n<\/tr>\n<tr>\n<td valign=\"top\" width=\"6%\">10.<\/td>\n<td valign=\"top\" width=\"53%\">KGHM Polska Mied\u017a S.A. Zak\u0142ady G\u00f3rnicze &#8222;Rudna&#8221;<br \/>ul. H. D\u0105browskiego 50<br \/>59-100 Polkowice<\/td>\n<td valign=\"top\" width=\"35%\">mgr in\u017c.<br \/>Mateusz Malesza<\/td>\n<\/tr>\n<tr>\n<td valign=\"top\" width=\"6%\">11.<\/td>\n<td valign=\"top\" width=\"53%\">KHW S.A. KWK &#8222;Mys\u0142owice-Weso\u0142a&#8221;<br \/>ul. Kopalniana 5<br \/>41-408 Mys\u0142owice<\/td>\n<td valign=\"top\" width=\"35%\">mgr in\u017c.<br \/>Mariusz Wielkopolan<\/td>\n<\/tr>\n<tr>\n<td valign=\"top\" width=\"6%\">12.<\/td>\n<td valign=\"top\" width=\"53%\">KHW S.A. KWK &#8222;Murcki-Staszic&#8221;<br \/>40-483 Katowice ul. Karolinki 1<\/td>\n<td valign=\"top\" width=\"35%\">mgr in\u017c.<br \/>Piotr Ubowski<\/td>\n<\/tr>\n<tr>\n<td valign=\"top\" width=\"6%\">13.<\/td>\n<td valign=\"top\" width=\"53%\">KHW S.A. KWK &#8222;Wujek&#8221;<br \/>Ruch &#8222;Wujek&#8221;, Ruch &#8222;\u015al\u0105sk&#8221;<br \/>ul. W. Pola 65<br \/>40-596 Katowice<\/td>\n<td valign=\"top\" width=\"35%\">mgr in\u017c.<br \/>Adam Ba\u0142uch<\/td>\n<\/tr>\n<tr>\n<td valign=\"top\" width=\"6%\">14.<\/td>\n<td valign=\"top\" width=\"53%\">Ko\u0142o &#8222;Albania&#8221; \u2013 Tirana<\/td>\n<td valign=\"top\" width=\"35%\">prof. dr hab. in\u017c.<br \/>Arqile Teta<\/td>\n<\/tr>\n<tr>\n<td valign=\"top\" width=\"6%\">15.<\/td>\n<td valign=\"top\" width=\"53%\">Ko\u0142o Geolog\u00f3w \u2013 Hanoi<\/td>\n<td valign=\"top\" width=\"35%\">prof.<br \/>Ho Chi Hung<\/td>\n<\/tr>\n<tr>\n<td valign=\"top\" width=\"6%\">16.<\/td>\n<td valign=\"top\" width=\"53%\">Ko\u0142o Geolog\u00f3w i Geofizyk\u00f3w Rocznik 1952\u20131957<br \/>al. Mickiewicza 30<br \/>30-059 Krak\u00f3w&lt;<\/td>\n<td valign=\"top\" width=\"35%\">mgr in\u017c Zdzis\u0142aw Kluska<\/td>\n<\/tr>\n<tr>\n<td valign=\"top\" width=\"6%\">17.<\/td>\n<td valign=\"top\" width=\"53%\">Ko\u0142o im. prof. Jana Kowalskiego<br \/>ul. \u0141obzowska 8\/8<br \/>31-140 Krak\u00f3w<\/td>\n<td valign=\"top\" width=\"35%\">in\u017c.<br \/>Andrzej Klita<\/td>\n<\/tr>\n<tr>\n<td valign=\"top\" width=\"6%\">18.<\/td>\n<td valign=\"top\" width=\"53%\">Ko\u0142o im. Walerego Goetla<br \/>al. Mickiewicza 30<br \/>30-059 Krak\u00f3w<\/td>\n<td valign=\"top\" width=\"35%\">mgr in\u017c.<br \/>Renata Wac\u0142awik-Wr\u00f3bel<\/td>\n<\/tr>\n<tr>\n<td valign=\"top\" width=\"6%\">19.<\/td>\n<td valign=\"top\" width=\"53%\">Ko\u0142o Mi\u0119dzyzak\u0142adowe &#8222;Jaros\u0142aw&#8221;<br \/>ul. Krakowska 54<br \/>37-500 Jaros\u0142aw<\/td>\n<td valign=\"top\" width=\"35%\">mgr in\u017c.<br \/>Anna Piotrowska<\/td>\n<\/tr>\n<tr>\n<td valign=\"top\" width=\"6%\">20.<\/td>\n<td valign=\"top\" width=\"53%\">Ko\u0142o Piotrkowsko-Be\u0142chatowskie<br \/>ul. Topolowa 16\/20 A m. 61<br \/>97-300 Piotrk\u00f3w Trybunalski<\/td>\n<td valign=\"top\" width=\"35%\">mgr in\u017c.<br \/>Andrzej Kacperski<\/td>\n<\/tr>\n<tr>\n<td valign=\"top\" width=\"6%\">21.<\/td>\n<td valign=\"top\" width=\"53%\">Ko\u0142o Senior\u00f3w-Wydzia\u0142 G\u00f3rniczy Rocznik 1968<br \/>ul. Lubostro\u0144 7 B m.2<br \/>30-383 Krak\u00f3w<\/td>\n<td valign=\"top\" width=\"35%\">mgr in\u017c.<br \/>Stanis\u0142aw Gwo\u017adzikowski<\/td>\n<\/tr>\n<tr>\n<td valign=\"top\" width=\"6%\">22.<\/td>\n<td valign=\"top\" width=\"53%\">Ko\u0142o SW AGH Elektromonta\u017c nr 2 w Krakowie<br \/>Ruczaj 18\/14<br \/>30-409 Krak\u00f3w<\/td>\n<td valign=\"top\" width=\"35%\">in\u017c.<br \/>Adam Ko\u0142odziejski<\/td>\n<\/tr>\n<tr>\n<td valign=\"top\" width=\"6%\">23.<\/td>\n<td valign=\"top\" width=\"53%\">Ko\u0142o Tarn\u00f3w \u2013 &#8222;Gazy&#8221;<br \/>ul. Bandrowskiego 16 A<br \/>33-100 Tarn\u00f3w<\/td>\n<td valign=\"top\" width=\"35%\">mgr in\u017c.<br \/>Janina Dzi\u0119dziel-Gostek<\/td>\n<\/tr>\n<tr>\n<td valign=\"top\" width=\"6%\">24.<\/td>\n<td valign=\"top\" width=\"53%\">Ko\u0142o Zak\u0142adowe przy HSW<br \/>Ku\u017ania Matrycowa Sp. z o.o.<br \/>ul. Kwiatkowskiego 1<br \/>37-450 Stalowa Wola<\/td>\n<td valign=\"top\" width=\"35%\">mgr in\u017c.<br \/>Janusz Winiarczyk<\/td>\n<\/tr>\n<tr>\n<td valign=\"top\" width=\"6%\">25.<\/td>\n<td valign=\"top\" width=\"53%\">KW S.A. CW P\u00f3\u0142noc KWK &#8222;Bobrek-Centrum&#8221;<br \/>ul. Konstytucji 76<br \/>41-905 Bytom<\/td>\n<td valign=\"top\" width=\"35%\">mgr in\u017c.<br \/>Andrzej Zi\u00f3\u0142kowski \u2013 od 2015<\/td>\n<\/tr>\n<tr>\n<td valign=\"top\" width=\"6%\">26.<\/td>\n<td valign=\"top\" width=\"53%\">KW S.A. CW P\u00f3\u0142noc KWK &#8222;Halemba-Wirek&#8221;<br \/>ul. K\u0142odnicka 54<br \/>41-706 Ruda \u015al\u0105ska<\/td>\n<td valign=\"top\" width=\"35%\">mgr in\u017c.<br \/>Grzegorz Rudzki<\/td>\n<\/tr>\n<tr>\n<td valign=\"top\" width=\"6%\">27.<\/td>\n<td valign=\"top\" width=\"53%\">PGG SA Oddzia\u0142 Piast-Ziemowit, Ruch Ziemowit<br \/>ul. Pokoju 4<br \/>43-140 L\u0119dziny<\/td>\n<td valign=\"top\" width=\"35%\">mgr in\u017c.<br \/>\u0141ukasz Siod\u0142ak<\/td>\n<\/tr>\n<tr>\n<td valign=\"top\" width=\"6%\">28.<\/td>\n<td valign=\"top\" width=\"53%\">Mi\u0119dzyzak\u0142adowe Ko\u0142o &#8222;Tarn\u00f3w&#8221;<br \/>ul. L. Staffa 29<br \/>33-100 Tarn\u00f3w<\/td>\n<td valign=\"top\" width=\"35%\">mgr in\u017c.<br \/>Micha\u0142 Krai\u0144ski<\/td>\n<\/tr>\n<tr>\n<td valign=\"top\" width=\"6%\">29.<\/td>\n<td valign=\"top\" width=\"53%\">Okr\u0119gowe Przedsi\u0119biorstwo Geodezyjno-Kartograficzne<br \/>ul. Rybacka 19<br \/>43-003 Opole<\/td>\n<td valign=\"top\" width=\"35%\">VACAT<\/td>\n<\/tr>\n<tr>\n<td valign=\"top\" width=\"6%\">30.<\/td>\n<td valign=\"top\" width=\"53%\">PCC Rail<br \/>ul. Bukowska 12<br \/>32-520 Jaworzno<\/td>\n<td valign=\"top\" width=\"35%\">mgr in\u017c.<br \/>Tadeusz Ma\u015blisz<\/td>\n<\/tr>\n<tr>\n<td valign=\"top\" width=\"6%\">31.<\/td>\n<td valign=\"top\" width=\"53%\">LOTOS Petrobaltic SA<br \/>ul. Stary Dw\u00f3r 9<br \/>80-808 Gda\u0144sk<\/td>\n<td valign=\"top\" width=\"35%\">mgr in\u017c.<br \/>Jerzy Dom\u017calski<\/td>\n<\/tr>\n<tr>\n<td valign=\"top\" width=\"6%\">32.<\/td>\n<td valign=\"top\" width=\"53%\">Przedsi\u0119biorstwo Rob\u00f3t G\u00f3rniczych<br \/>ul. Moniuszki 22<br \/>41-902 Bytom<\/td>\n<td valign=\"top\" width=\"35%\">mgr in\u017c.<br \/>Bogdan Skowro\u0144ski<\/td>\n<\/tr>\n<tr>\n<td valign=\"top\" width=\"6%\">33.<\/td>\n<td valign=\"top\" width=\"53%\">Terenowe Ko\u0142o Grodzkie \u201eCzeczott\u201d<br \/>ul. Norwida 54<br \/>43-100 Tychy<\/td>\n<td valign=\"top\" width=\"35%\">dr in\u017c.<br \/>Kazimierz Trzaska<\/td>\n<\/tr>\n<tr>\n<td valign=\"top\" width=\"6%\">34.<\/td>\n<td valign=\"top\" width=\"53%\">Wydzia\u0142 Matematyki Stosowanej AGH<br \/>al. Mickiewicza 30<br \/>30-059 Krak\u00f3w<\/td>\n<td valign=\"top\" width=\"35%\">dr<br \/>Bogus\u0142aw Bo\u017cek<\/td>\n<\/tr>\n<tr>\n<td valign=\"top\" width=\"6%\">35.<\/td>\n<td valign=\"top\" width=\"53%\">Wydzia\u0142 Metalurgii i Metali Nie\u017celaznych AGH<br \/>Rocznik 1967<\/td>\n<td valign=\"top\" width=\"35%\">dr in\u017c Stanis\u0142awa Gacek<\/td>\n<\/tr>\n<tr>\n<td valign=\"top\" width=\"6%\">36.<\/td>\n<td valign=\"top\" width=\"53%\">KGHM PM SA \u2013 Zak\u0142ad Wzbogacania Rud<br \/>ul. Kopalniana 1<br \/>59-100 Polkowice<\/td>\n<td valign=\"top\" width=\"35%\">mgr in\u017c.<br \/>Joanna Osiewalska<\/td>\n<\/tr>\n<tr>\n<td valign=\"top\" width=\"6%\">37.<\/td>\n<td valign=\"top\" width=\"53%\">PGE GiEK SA O\/Elektrownia Be\u0142chat\u00f3w<br \/>ul. Energetyczna 7<br \/>97-406 Be\u0142chat\u00f3w<\/td>\n<td valign=\"top\" width=\"35%\">mgr in\u017c.<br \/>Zygmunt Wi\u015bniewski<\/td>\n<\/tr>\n<tr>\n<td valign=\"top\" width=\"6%\">38.<\/td>\n<td valign=\"top\" width=\"53%\">Ko\u0142o Terenowe w Ostrowcu \u015awi\u0119tokrzyskim<br \/>im. prof. dr in\u017c. Wac\u0142awa R\u00f3\u017ca\u0144skiego<br \/>ul. Witkiewicza 16<br \/>27-400 Ostrowiec \u015awi\u0119tokrzyski<\/td>\n<td valign=\"top\" width=\"35%\">mgr in\u017c.<br \/>J\u00f3zef Grabowski<\/td>\n<\/tr>\n<tr>\n<td valign=\"top\" width=\"6%\">39.<\/td>\n<td valign=\"top\" width=\"53%\">Instytut G\u00f3rnictwa Naftowego i Gazownictwa<br \/>ul. Armii Krajowej 3<br \/>38-400 Krosno<\/td>\n<td valign=\"top\" width=\"35%\">dr in\u017c.<br \/>Dariusz B\u0119ben<\/td>\n<\/tr>\n<tr>\n<td valign=\"top\" width=\"6%\">40.<\/td>\n<td valign=\"top\" width=\"53%\">KW S.A. CW P\u00f3\u0142noc KWK &#8222;Bielszowice&#8221;<br \/>ul. Halembska 160<br \/>41-711 Ruda \u015al\u0105ska<\/td>\n<td valign=\"top\" width=\"35%\">mgr in\u017c.<br \/>Jaros\u0142aw Krystek<\/td>\n<\/tr>\n<tr>\n<td valign=\"top\" width=\"6%\">41.<\/td>\n<td valign=\"top\" width=\"53%\">JSW SA KWK Borynia-Zofi\u00f3wka Ruch Zofi\u00f3wka<br \/>ul. W\u0119glowa 4<br \/>44-268 Jastrz\u0119bie Zdr\u00f3j<\/td>\n<td valign=\"top\" width=\"35%\">mgr in\u017c.<br \/>Janusz Tomica<\/td>\n<\/tr>\n<tr>\n<td valign=\"top\" width=\"6%\">42.<\/td>\n<td valign=\"top\" width=\"53%\">Przedsi\u0119biorstwo Budowy Szyb\u00f3w SA<br \/>ul. Hutnicza 5-9<br \/>42-600 Tarnowskie G\u00f3ry<\/td>\n<td valign=\"top\" width=\"35%\">mgr in\u017c.<br \/>Ma\u0142gorzata Ka\u0144toch<\/td>\n<\/tr>\n<tr>\n<td valign=\"top\" width=\"6%\">43.<\/td>\n<td style=\"text-align: left;\" valign=\"top\" width=\"53%\">W\u0119glokos Kraj Sp. z o.o. KWK &#8222;Bobrek-Piekary&#8221;<br \/>ul. \u0141u\u017cycka 7<br \/>41-902 Bytom<\/td>\n<td valign=\"top\" width=\"35%\">mgr in\u017c.<br \/>Andrzej Bana\u015b<\/td>\n<\/tr>\n<tr>\n<td valign=\"top\" width=\"6%\">44.<\/td>\n<td valign=\"top\" width=\"53%\">JSW SA \u2013 Biuro Zarz\u0105du<br \/>al. Jana Paw\u0142a II 4<br \/>44-330 Jastrz\u0119bie Zdr\u00f3j<\/td>\n<td valign=\"top\" width=\"35%\">mgr in\u017c.<br \/>Monika Steg<\/td>\n<\/tr>\n<tr>\n<td valign=\"top\" width=\"6%\">45.<\/td>\n<td valign=\"top\" width=\"53%\">JSW SA &#8217; KWK &#8222;Budryk&#8221;<br \/>ul. Zamkowa 10<br \/>43-178 Ornontowice<\/td>\n<td valign=\"top\" width=\"35%\">mgr in\u017c.<br \/>Jaros\u0142aw Rutkowski<\/td>\n<\/tr>\n<tr>\n<td valign=\"top\" width=\"6%\">46.<\/td>\n<td valign=\"top\" width=\"53%\">JSW SA KWK &#8222;Pni\u00f3wek&#8221;<br \/>ul. Krucza 18<br \/>43-251 Paw\u0142owice<\/td>\n<td valign=\"top\" width=\"35%\">mgr in\u017c.<br \/>Micha\u0142 Szypu\u0142a<\/td>\n<\/tr>\n<tr>\n<td valign=\"top\" width=\"6%\">47.<\/td>\n<td valign=\"top\" width=\"53%\">Ko\u0142o &#8222;Metalurdzy 1953&#8221;<\/td>\n<td valign=\"top\" width=\"35%\">prof. dr hab. in\u017c.<br \/>Hanna Frydrych<\/td>\n<\/tr>\n<tr>\n<td valign=\"top\" width=\"6%\">48.<\/td>\n<td valign=\"top\" width=\"53%\">Po\u0142udniowy Koncern W\u0119glowy S.A.ZG Janina<br \/>ul. G\u00f3rnicza 23<br \/>32-590 Libi\u0105\u017c<\/td>\n<td valign=\"top\" width=\"35%\">mgr in\u017c.<br \/>Piotr Grzybowski<\/td>\n<\/tr>\n<tr valign=\"top\">\n<td>49.<\/td>\n<td valign=\"top\" width=\"53%\">Po\u0142udniowy Koncern W\u0119glowy S.A.<br \/>ul. Grunwaldzka 37<br \/>32-510 Jaworzno<\/td>\n<td valign=\"top\" width=\"35%\">mgr in\u017c.<br \/>Rafa\u0142 W\u00f3jtowicz<\/td>\n<\/tr>\n<tr>\n<td valign=\"top\" width=\"6%\">50.<\/td>\n<td valign=\"top\" width=\"53%\">KW CW Wsch\u00f3d KWK &#8222;Brzeszcze-Silesia&#8221; Ruch I<br \/>ul. Ko\u015bciuszki 1<br \/>32-620 Brzeszcze<\/td>\n<td valign=\"top\" width=\"35%\">mgr in\u017c.<br \/>Janusz Paszko<\/td>\n<\/tr>\n<tr>\n<td valign=\"top\" width=\"6%\">51.<\/td>\n<td valign=\"top\" width=\"53%\">KW S.A. Oddzia\u0142 Zak\u0142ad Remontowo-Produkcyjny<br \/>ul. Granitowa 132<br \/>43-155 Bieru\u0144<\/td>\n<td valign=\"top\" width=\"35%\">dr in\u017c.<br \/>Jan Gil<\/td>\n<\/tr>\n<tr>\n<td valign=\"top\" width=\"6%\">52.<\/td>\n<td valign=\"top\" width=\"53%\">KW S.A. CW Wsch\u00f3d KWK &#8222;Piast&#8221;<br \/>ul. Granitowa 16<br \/>43-155 Bieru\u0144<\/td>\n<td valign=\"top\" width=\"35%\">mgr in\u017c.<br \/>Adam Rozmus<\/td>\n<\/tr>\n<tr>\n<td valign=\"top\" width=\"6%\">53.<\/td>\n<td valign=\"top\" width=\"53%\">Wydzia\u0142 Odlewnictwa AGH<br \/>ul .Reymonta 23<br \/>30-059 Krak\u00f3w<\/td>\n<td valign=\"top\" width=\"35%\">dr in\u017c.<br \/>Maria Maj<\/td>\n<\/tr>\n<tr>\n<td valign=\"top\" width=\"6%\">54.<\/td>\n<td valign=\"top\" width=\"53%\">Wydzia\u0142 G\u00f3rnictwa i Geoin\u017cynierii AGH<br \/>al. Mickiewicza 30<br \/>30-059 Krak\u00f3w<\/td>\n<td valign=\"top\" width=\"35%\">prof. dr hab in\u017c.<br \/>Jerzy Stasica<\/td>\n<\/tr>\n<tr>\n<td valign=\"top\" width=\"6%\">55.<\/td>\n<td valign=\"top\" width=\"53%\">Wy\u017cszy Urz\u0105d G\u00f3rniczy<br \/>ul. Poniatowskiego 31<br \/>40-956 Katowice<\/td>\n<td valign=\"top\" width=\"35%\">mgr in\u017c.<br \/>Janusz Malinga<\/td>\n<\/tr>\n<tr>\n<td valign=\"top\" width=\"6%\">56.<\/td>\n<td valign=\"top\" width=\"53%\">KWK &#8222;Kazimierz-Juliusz&#8221; Sp. z o.o.<br \/>ul. Ogrodowa 1<br \/>41-215 Sosnowiec<\/td>\n<td valign=\"top\" width=\"35%\">mgr in\u017c.<br \/>Ireneusz O\u015bmia\u0142owski<\/td>\n<\/tr>\n<tr>\n<td valign=\"top\" width=\"6%\">57.<\/td>\n<td valign=\"top\" width=\"53%\">KGHM Polska Mied\u017a Huta Miedzi &#8222;G\u0142og\u00f3w&#8221;<br \/>ul. \u017bukowicka 1<br \/>67-200 G\u0142og\u00f3w<\/td>\n<td valign=\"top\" width=\"35%\">mgr in\u017c.<br \/>Zbigniew Bukowski<\/td>\n<\/tr>\n<tr>\n<td valign=\"top\" width=\"6%\">58.<\/td>\n<td valign=\"top\" width=\"53%\">EXALO Drilling SA<br \/>ul. \u0141ukasiewicza 93<br \/>38-400 Krosno<\/td>\n<td valign=\"top\" width=\"35%\">dr in\u017c.<br \/>Kazimierz Macnar<\/td>\n<\/tr>\n<tr>\n<td valign=\"top\" width=\"6%\">59.<\/td>\n<td valign=\"top\" width=\"53%\">Lubelski W\u0119giel &#8222;Bogdanka&#8221; S.A.<br \/>21-013 Puchacz\u00f3w<\/td>\n<td valign=\"top\" width=\"35%\">mgr in\u017c.<br \/>Tomasz Parzniewski<\/td>\n<\/tr>\n<tr>\n<td valign=\"top\" width=\"6%\">60.<\/td>\n<td valign=\"top\" width=\"53%\">KHW S.A. KWK &#8222;Wieczorek&#8221;<br \/>ul. Szopienicka 58<br \/>40-432 Katowice<\/td>\n<td valign=\"top\" width=\"35%\">mgr in\u017c.<br \/>Marek Szymczyk<\/td>\n<\/tr>\n<tr>\n<td valign=\"top\" width=\"6%\">61.<\/td>\n<td valign=\"top\" width=\"53%\">Przedsi\u0119biorstwo Budowy Kopal\u0144 &#8222;PeBeKa&#8221;<br \/>ul. M. Curie-Sk\u0142odowskiej 76<br \/>59-301 Lubin<\/td>\n<td valign=\"top\" width=\"35%\">mgr in\u017c.<br \/>Marian Szmigiel<\/td>\n<\/tr>\n<tr>\n<td valign=\"top\" width=\"6%\">62.<\/td>\n<td valign=\"top\" width=\"53%\">Wydzia\u0142 Wiertnictwa, Nafty i Gazu AGH<br \/>al. Mickiewicza 30<br \/>30-059 Krak\u00f3w<\/td>\n<td valign=\"top\" width=\"35%\">mgr in\u017c.<br \/>Albin Wojnar<\/td>\n<\/tr>\n<tr>\n<td valign=\"top\" width=\"6%\">63.<\/td>\n<td valign=\"top\" width=\"53%\">KGHM Polska Mied\u017a Huta Miedzi &#8222;Legnica&#8221;<br \/>ul. Z\u0142otoryjska 194<br \/>59-220 Legnica<\/td>\n<td valign=\"top\" width=\"35%\">mgr in\u017c.<br \/>Marek S\u0142omka<\/td>\n<\/tr>\n<tr>\n<td valign=\"top\" width=\"6%\">64.<\/td>\n<td valign=\"top\" width=\"53%\">Zak\u0142ady G\u00f3rniczo-Hutnicze &#8222;Boles\u0142aw&#8221; S.A.<br \/>ul. Kolejowa 32<br \/>32-332 Bukowno<\/td>\n<td valign=\"top\" width=\"35%\">mgr in\u017c.<br \/>Bogdan Pieczonka<\/td>\n<\/tr>\n<tr>\n<td valign=\"top\" width=\"6%\">65.<\/td>\n<td valign=\"top\" width=\"53%\">Grupa K\u0119ty SA<br \/>ul. T. Ko\u015bciuszki 111<br \/>32-650 K\u0119ty<\/td>\n<td valign=\"top\" width=\"35%\">dr in\u017c.<br \/>Rafa\u0142 Hubicki<\/td>\n<\/tr>\n<tr>\n<td valign=\"top\" width=\"6%\">66.<\/td>\n<td valign=\"top\" width=\"53%\">Kopalnia Soli &#8222;Wieliczka&#8221;<br \/>Park Kingi 4<br \/>32-20 Wieliczka<\/td>\n<td valign=\"top\" width=\"35%\">mgr in\u017c.<br \/>Jan Kucharz<\/td>\n<\/tr>\n<tr>\n<td valign=\"top\" width=\"6%\">67.<\/td>\n<td valign=\"top\" width=\"53%\">Grupa MASPEX Wadowice<br \/>ul. Legion\u00f3w 37<br \/>34-100 Wadowice<\/td>\n<td valign=\"top\" width=\"35%\">mgr in\u017c.<br \/>Rafa\u0142 Gruszeczka<\/td>\n<\/tr>\n<tr>\n<td valign=\"top\" width=\"6%\">68.<\/td>\n<td valign=\"top\" width=\"53%\">Ko\u0142o Rocznikowe &#8222;G\u00f3rnicy 73&#8221;<\/td>\n<td valign=\"top\" width=\"35%\">mgr in\u017c. Antoni Bochenek<\/td>\n<\/tr>\n<tr>\n<td valign=\"top\" width=\"6%\">69.<\/td>\n<td valign=\"top\" width=\"53%\">JSW SA &#8222;KOKS&#8221; &#8211; Koksownia \u201ePRZYJA\u0179\u0143\u201d<br \/>ul. Koksownicza 1<br \/>42-523 D\u0105browa G\u00f3rnicza<\/td>\n<td valign=\"top\" width=\"35%\">mgr in\u017c. Wojciech B\u0105k<\/td>\n<\/tr>\n<tr>\n<td valign=\"top\" width=\"6%\">70.<\/td>\n<td valign=\"top\" width=\"53%\">PGE GiEK KWB \u201eTur\u00f3w\u201d<br \/>ul. G\u00f3rnik\u00f3w Turowa 1<br \/>59-916 Bogatynia<\/td>\n<td valign=\"top\" width=\"35%\">mgr in\u017c Mieczys\u0142aw Krupi\u0144ski<\/td>\n<\/tr>\n<tr>\n<td valign=\"top\" width=\"6%\">71.<\/td>\n<td valign=\"top\" width=\"53%\">EXME BERGER GROUP<br \/>ul. Boczna 24<br \/>44-335 Jastrz\u0119bie Zdr\u00f3j<\/td>\n<td valign=\"top\" width=\"35%\">mgr in\u017c. Marcin Krawczyk<\/td>\n<\/tr>\n<tr>\n<td valign=\"top\" width=\"6%\">72.<\/td>\n<td valign=\"top\" width=\"53%\">Regionalne Ko\u0142o &#8222;Ska\u0142ka&#8221; w Sandomierzu<br \/>ul. B\u0142onie 8<br \/>27-600 Sandomierz<\/td>\n<td valign=\"top\" width=\"35%\">mgr in\u017c. Jaros\u0142aw Wrona<\/td>\n<\/tr>\n<tr>\n<td valign=\"top\" width=\"6%\">71.<\/td>\n<td valign=\"top\" width=\"53%\">KRUSZYWA SKSM SA<br \/>ul. Tartaczna 9<br \/>70-893 Szczecin<\/td>\n<td valign=\"top\" width=\"35%\">mgr in\u017c. Damian Gwarek<\/td>\n<\/tr>\n<\/tbody>\n<\/table>\n<\/div>\n\n\n<p><\/p>\n\n\n\n<p><\/p>\n","protected":false},"excerpt":{"rendered":"<p>lp. Nazwa Ko\u0142a Rzecznik 1. BOT KWB &#8222;Be\u0142chat\u00f3w&#8221; S.A. w Rogowcuul. \u015aw. Barbary 3 skr. poczt. 10097-400 Be\u0142chat\u00f3w mgr in\u017c.Tomasz Ha\u0142adaj 2. BOT KWB &#8222;Konin&#8221; w Kleczewie S.A.al. 600-lecia 962-540 Kleczew mgr in\u017c.Tomasz Siod\u0142a 3.<\/p>\n","protected":false},"author":1,"featured_media":0,"parent":0,"menu_order":0,"comment_status":"closed","ping_status":"open","template":"","meta":{"footnotes":"","_links_to":"","_links_to_target":""},"class_list":["post-427","page","type-page","status-publish","hentry"],"_links":{"self":[{"href":"https:\/\/swagh.agh.edu.pl\/index.php?rest_route=\/wp\/v2\/pages\/427","targetHints":{"allow":["GET"]}}],"collection":[{"href":"https:\/\/swagh.agh.edu.pl\/index.php?rest_route=\/wp\/v2\/pages"}],"about":[{"href":"https:\/\/swagh.agh.edu.pl\/index.php?rest_route=\/wp\/v2\/types\/page"}],"author":[{"embeddable":true,"href":"https:\/\/swagh.agh.edu.pl\/index.php?rest_route=\/wp\/v2\/users\/1"}],"replies":[{"embeddable":true,"href":"https:\/\/swagh.agh.edu.pl\/index.php?rest_route=%2Fwp%2Fv2%2Fcomments&post=427"}],"version-history":[{"count":93,"href":"https:\/\/swagh.agh.edu.pl\/index.php?rest_route=\/wp\/v2\/pages\/427\/revisions"}],"predecessor-version":[{"id":7118,"href":"https:\/\/swagh.agh.edu.pl\/index.php?rest_route=\/wp\/v2\/pages\/427\/revisions\/7118"}],"wp:attachment":[{"href":"https:\/\/swagh.agh.edu.pl\/index.php?rest_route=%2Fwp%2Fv2%2Fmedia&parent=427"}],"curies":[{"name":"wp","href":"https:\/\/api.w.org\/{rel}","templated":true}]}}