{"id":5227,"date":"2022-04-27T08:45:30","date_gmt":"2022-04-27T08:45:30","guid":{"rendered":"https:\/\/swagh.agh.edu.pl\/?page_id=5227"},"modified":"2026-03-18T11:05:31","modified_gmt":"2026-03-18T10:05:31","slug":"rada-sw-agh","status":"publish","type":"page","link":"https:\/\/swagh.agh.edu.pl\/?page_id=5227","title":{"rendered":"Rada SW AGH"},"content":{"rendered":"\n<ul class=\"wp-block-list\">\n<li><a href=\"https:\/\/swagh.agh.edu.pl\/?page_id=5234\" target=\"_blank\" rel=\"noreferrer noopener\"><strong>REGULAMIN RADY SW AGH<\/strong><\/a><\/li>\n\n\n\n<li><strong><a href=\"https:\/\/swagh.agh.edu.pl\/?page_id=5240\" target=\"_blank\" rel=\"noreferrer noopener\">BIE\u017b\u0104CA DZIA\u0141ALNO\u015a\u0106<\/a><\/strong><\/li>\n<\/ul>\n\n\n\n<h2 class=\"wp-block-heading has-text-align-center\"><strong>SK\u0141AD RADY STOWARZYSZENIA WYCHOWANK\u00d3W  AGH<\/strong><\/h2>\n\n\n\n<p class=\"has-text-align-center\"><strong>PRZEWODNICZ\u0104CY RADY \u2013JM REKTOR AGH \u2013 PROF. DR HAB. IN\u017b. JERZY LIS<\/strong><\/p>\n\n\n\n<p class=\"has-text-align-center\"><strong>SEKRETARZ RADY \u2013 PROF. DR HAB. IN\u017b. MIROS\u0141AW KARBOWNICZEK<\/strong><\/p>\n\n\n\n<figure class=\"wp-block-table\"><table><tbody><tr><td class=\"has-text-align-center\" data-align=\"center\"><strong>mgr in\u017c. Andruszko Wac\u0142aw<\/strong><\/td><\/tr><tr><td class=\"has-text-align-center\" data-align=\"center\"><strong>mgr in\u017c. Ba\u0142uch Adam<\/strong><\/td><\/tr><tr><td class=\"has-text-align-center\" data-align=\"center\"><strong>prof. Barcha\u0144ski Bronis\u0142aw<\/strong><\/td><\/tr><tr><td class=\"has-text-align-center\" data-align=\"center\"><strong>mgr in\u017c. Bochenek Antoni<\/strong><\/td><\/tr><tr><td class=\"has-text-align-center\" data-align=\"center\"><strong>mgr in\u017c. Bokwa Longin<\/strong><\/td><\/tr><tr><td class=\"has-text-align-center\" data-align=\"center\"><strong>mgr in\u017c. Buffi Piotr<\/strong><\/td><\/tr><tr><td class=\"has-text-align-center\" data-align=\"center\"><strong>mgr in\u017c. Czarnecki Janusz<\/strong><\/td><\/tr><tr><td class=\"has-text-align-center\" data-align=\"center\"><strong>prof. Da\u0144ko J\u00f3zef<\/strong><\/td><\/tr><tr><td class=\"has-text-align-center\" data-align=\"center\"><strong>dr Dudzic Tadeusz<\/strong><\/td><\/tr><tr><td class=\"has-text-align-center\" data-align=\"center\"><strong>dr Dyczko Artur<\/strong><\/td><\/tr><tr><td class=\"has-text-align-center\" data-align=\"center\"><strong>mgr in\u017c. Dziura Andrzej<\/strong><\/td><\/tr><tr><td class=\"has-text-align-center\" data-align=\"center\"><strong>mgr inz. Gas Jerzy<\/strong><\/td><\/tr><tr><td class=\"has-text-align-center\" data-align=\"center\"><strong>mgr in\u017c.Gil Jan<\/strong><\/td><\/tr><tr><td class=\"has-text-align-center\" data-align=\"center\"><strong>mgr in\u017c. Go\u0142kowski Marian<\/strong><\/td><\/tr><tr><td class=\"has-text-align-center\" data-align=\"center\"><strong>mgr in\u017c. Grabowski J\u00f3zef<\/strong><\/td><\/tr><tr><td class=\"has-text-align-center\" data-align=\"center\"><strong>mgr in\u017c. Herudzi\u0144ski Boles\u0142aw<\/strong><\/td><\/tr><tr><td class=\"has-text-align-center\" data-align=\"center\"><strong>prof. Karwan Tadeusz<\/strong><\/td><\/tr><tr><td class=\"has-text-align-center\" data-align=\"center\"><strong>prof. K\u0105kol Zbigniew<\/strong><\/td><\/tr><tr><td class=\"has-text-align-center\" data-align=\"center\"><strong>dr hab. in\u017c.  Klempka Ryszard<\/strong>,<strong> prof. AGH<\/strong><\/td><\/tr><tr><td class=\"has-text-align-center\" data-align=\"center\"><strong>mgr in\u017c. Kojder-Ogarek Ewa<\/strong><\/td><\/tr><tr><td class=\"has-text-align-center\" data-align=\"center\"><strong>mgr in\u017c. Krai\u0144ski Micha\u0142<\/strong><\/td><\/tr><tr><td class=\"has-text-align-center\" data-align=\"center\"><strong>mgr in\u017c. Kustra Arkadiusz<\/strong><\/td><\/tr><tr><td class=\"has-text-align-center\" data-align=\"center\"><strong>mgr in\u017c. Liman\u00f3wka J\u00f3zef<\/strong><\/td><\/tr><tr><td class=\"has-text-align-center\" data-align=\"center\"><strong>mgr in\u017c. Lubera Dariusz<\/strong><\/td><\/tr><tr><td class=\"has-text-align-center\" data-align=\"center\"><strong>mgr in\u017c. Michalak Antoni<\/strong><\/td><\/tr><tr><td class=\"has-text-align-center\" data-align=\"center\"><strong>mgr in\u017c. Miga Andrzej<\/strong><\/td><\/tr><tr><td class=\"has-text-align-center\" data-align=\"center\"><strong>prof. Mitkowski Stanis\u0142aw<\/strong><\/td><\/tr><tr><td class=\"has-text-align-center\" data-align=\"center\"><strong>dr hab. in\u017c. Muzykiewicz Wac\u0142aw, prof. AGH<\/strong><\/td><\/tr><tr><td class=\"has-text-align-center\" data-align=\"center\"><strong>mgr in\u017c. Niewiara Ewa<\/strong><\/td><\/tr><tr><td class=\"has-text-align-center\" data-align=\"center\"><strong>mgr in\u017c. Nowak Wies\u0142aw<\/strong><\/td><\/tr><tr><td class=\"has-text-align-center\" data-align=\"center\"><strong>mgr in\u017c. Parzniewski Tomasz<\/strong><\/td><\/tr><tr><td class=\"has-text-align-center\" data-align=\"center\"><strong>mgr in\u017c. Pawe\u0142czyk Henryk<\/strong><\/td><\/tr><tr><td class=\"has-text-align-center\" data-align=\"center\"><strong>dr Pitera Helena<\/strong><\/td><\/tr><tr><td class=\"has-text-align-center\" data-align=\"center\"><strong>dr Ropa Czes\u0142awa<\/strong><\/td><\/tr><tr><td class=\"has-text-align-center\" data-align=\"center\"><strong>dr Sala Dariusz<\/strong><\/td><\/tr><tr><td class=\"has-text-align-center\" data-align=\"center\"><strong>dr Sas Jan<\/strong><\/td><\/tr><tr><td class=\"has-text-align-center\" data-align=\"center\"><strong>mgr in\u017c. Skuza Marek<\/strong><\/td><\/tr><tr><td class=\"has-text-align-center\" data-align=\"center\"><strong>prof. S\u0142omka Tadeusz<\/strong><\/td><\/tr><tr><td class=\"has-text-align-center\" data-align=\"center\"><strong>mgr in\u017c. \u015arodek Bronis\u0142aw<\/strong><\/td><\/tr><tr><td class=\"has-text-align-center\" data-align=\"center\"><strong>mgr in\u017c. \u015awiderski Dariusz<\/strong><\/td><\/tr><tr><td class=\"has-text-align-center\" data-align=\"center\"><strong>prof. Tajdu\u015b Antoni<\/strong><\/td><\/tr><tr><td class=\"has-text-align-center\" data-align=\"center\"><strong>dr Tokarski Stanis\u0142aw<\/strong><\/td><\/tr><tr><td class=\"has-text-align-center\" data-align=\"center\"><strong>dr in\u017c.  Trzaska Kazimierz<\/strong><\/td><\/tr><tr><td class=\"has-text-align-center\" data-align=\"center\"><strong>mgr in\u017c. Uherek Tadeusz<\/strong><\/td><\/tr><tr><td class=\"has-text-align-center\" data-align=\"center\"><strong>mgr in\u017c. Wac\u0142awik-Wr\u00f3bel Renata<\/strong><\/td><\/tr><tr><td class=\"has-text-align-center\" data-align=\"center\"><strong>mgr in\u017c. Ziajka Tomasz<\/strong><\/td><\/tr><\/tbody><\/table><\/figure>\n","protected":false},"excerpt":{"rendered":"<p>SK\u0141AD RADY STOWARZYSZENIA WYCHOWANK\u00d3W AGH PRZEWODNICZ\u0104CY RADY \u2013JM REKTOR AGH \u2013 PROF. DR HAB. IN\u017b. JERZY LIS SEKRETARZ RADY \u2013 PROF. DR HAB. IN\u017b. MIROS\u0141AW KARBOWNICZEK mgr in\u017c. Andruszko Wac\u0142aw mgr in\u017c. Ba\u0142uch Adam prof.<\/p>\n","protected":false},"author":1,"featured_media":0,"parent":0,"menu_order":0,"comment_status":"closed","ping_status":"closed","template":"","meta":{"footnotes":"","_links_to":"","_links_to_target":""},"class_list":["post-5227","page","type-page","status-publish","hentry"],"_links":{"self":[{"href":"https:\/\/swagh.agh.edu.pl\/index.php?rest_route=\/wp\/v2\/pages\/5227","targetHints":{"allow":["GET"]}}],"collection":[{"href":"https:\/\/swagh.agh.edu.pl\/index.php?rest_route=\/wp\/v2\/pages"}],"about":[{"href":"https:\/\/swagh.agh.edu.pl\/index.php?rest_route=\/wp\/v2\/types\/page"}],"author":[{"embeddable":true,"href":"https:\/\/swagh.agh.edu.pl\/index.php?rest_route=\/wp\/v2\/users\/1"}],"replies":[{"embeddable":true,"href":"https:\/\/swagh.agh.edu.pl\/index.php?rest_route=%2Fwp%2Fv2%2Fcomments&post=5227"}],"version-history":[{"count":7,"href":"https:\/\/swagh.agh.edu.pl\/index.php?rest_route=\/wp\/v2\/pages\/5227\/revisions"}],"predecessor-version":[{"id":7973,"href":"https:\/\/swagh.agh.edu.pl\/index.php?rest_route=\/wp\/v2\/pages\/5227\/revisions\/7973"}],"wp:attachment":[{"href":"https:\/\/swagh.agh.edu.pl\/index.php?rest_route=%2Fwp%2Fv2%2Fmedia&parent=5227"}],"curies":[{"name":"wp","href":"https:\/\/api.w.org\/{rel}","templated":true}]}}