{"id":5234,"date":"2022-04-27T08:47:18","date_gmt":"2022-04-27T08:47:18","guid":{"rendered":"https:\/\/swagh.agh.edu.pl\/?page_id=5234"},"modified":"2022-04-27T09:48:27","modified_gmt":"2022-04-27T09:48:27","slug":"regulamin-rady-sw-agh","status":"publish","type":"page","link":"https:\/\/swagh.agh.edu.pl\/?page_id=5234","title":{"rendered":"Regulamin Rady SW AGH"},"content":{"rendered":"\n<p><strong>Regulamin Rady Stowarzyszenia Wychowank\u00f3w AGH<\/strong><\/p>\n\n\n\n<p>I. <strong>Postanowienia og\u00f3lne<\/strong><\/p>\n\n\n\n<ol class=\"wp-block-list\"><li>Rada Stowarzyszenia jest honorowym gremium doradczym opiniuj\u0105cym prac\u0119 Stowarzyszenia Wychowank\u00f3w AGH.<\/li><li>Do zada\u0144 i kompetencji Rady Stowarzyszenia nale\u017c\u0105 obowi\u0105zki wskazane w \u00a7 15 statutu Stowarzyszenia, w tym w szczeg\u00f3lno\u015bci:<\/li><\/ol>\n\n\n\n<p>a) proponowanie Zarz\u0105dowi SW AGH cel\u00f3w i plan\u00f3w dzia\u0142ania,<\/p>\n\n\n\n<p>b) okre\u015blania wytycznych dla dzia\u0142alno\u015bci Zarz\u0105du Stowarzyszenia,<\/p>\n\n\n\n<p>c) sprawowanie nadzoru nad dzia\u0142aniem komisji problemowych,<\/p>\n\n\n\n<p>d) opiniowanie wniosk\u00f3w dotycz\u0105cych strategii rozwoju Stowarzyszenia,<\/p>\n\n\n\n<p>e) opiniowanie innych spraw wskazanych przez Zarz\u0105d Stowarzyszenia.<\/p>\n\n\n\n<p>3. Rada Stowarzyszenia sk\u0142ada si\u0119 z grupy do 60 cz\u0142onk\u00f3w Stowarzyszenia, kt\u00f3r\u0105 stanowi\u0105:<\/p>\n\n\n\n<p>a) przewodnicz\u0105cy Rady, kt\u00f3rym jest urz\u0119duj\u0105cy rektor AGH,<\/p>\n\n\n\n<p>b) sekretarz wybrany przez Zjazd Krajowy SW na kadencj\u0119 trwaj\u0105c\u0105 4 lata,<\/p>\n\n\n\n<p>c) automatycznie wszyscy Honorowi Cz\u0142onkowie Stowarzyszenia, Wychowank\u00f3w, je\u015bli potwierdz\u0105 wol\u0119 wsp\u00f3\u0142pracy z Rad\u0105,<\/p>\n\n\n\n<p>d) przewodnicz\u0105cy komisji problemowych ustanowionych i powo\u0142anych przez Zarz\u0105d Stowarzyszenia,<\/p>\n\n\n\n<p>e) wskazani przez Zarz\u0105d rzecznicy aktywnych k\u00f3\u0142 Stowarzyszenia,<\/p>\n\n\n\n<p>f) inni nobilitowani cz\u0142onkowie Stowarzyszenia zaproszeni przez Zarz\u0105d, je\u015bli wyra\u017c\u0105 wol\u0119 wsp\u00f3\u0142pracy z rad\u0105.<\/p>\n\n\n\n<p>4. Nast\u0119pnych cz\u0142onk\u00f3w Rady na miejsce os\u00f3b, kt\u00f3re przesta\u0142y by\u0107 cz\u0142onkami z\u00a0r\u00f3\u017cnych powod\u00f3w, lub dla rozszerzenia sk\u0142adu Rady, powo\u0142uje sw\u0105 decyzj\u0105 Rada Stowarzyszenia, przy czym kandydat\u00f3w do Rady wskazuje Zarz\u0105d SW.<\/p>\n\n\n\n<p>5. W szczeg\u00f3lnie uzasadnionych przypadkach odwo\u0142anie cz\u0142onka rady mo\u017ce nast\u0105pi\u0107 w wyniku uchwa\u0142y podj\u0119tej jednog\u0142o\u015bnie przez pozosta\u0142ych cz\u0142onk\u00f3w Rady Stowarzyszenia.<\/p>\n\n\n\n<p>6. Cz\u0142onkostwo w Radzie wygasa na skutek:<\/p>\n\n\n\n<p>a) dobrowolnego wyst\u0105pienia, zg\u0142oszonego pisemnie do Przewodnicz\u0105cego Rady,<\/p>\n\n\n\n<p>b) utraty praw obywatelskich na skutek skazania prawomocnym wyrokiem s\u0105du za przest\u0119pstwo pope\u0142nione z winy umy\u015blnej,<\/p>\n\n\n\n<p>c) \u015bmierci cz\u0142onka.<\/p>\n\n\n\n<p>7. Nie mo\u017cna \u0142\u0105czy\u0107 cz\u0142onkostwa w radzie z cz\u0142onkostwem w Komisji Rewizyjnej SW AGH.<\/p>\n\n\n\n<p><strong>II. Tryb dzia\u0142ania Rady<\/strong><\/p>\n\n\n\n<ol class=\"wp-block-list\" type=\"1\"><li>Wiceprzewodnicz\u0105cych Rady powo\u0142uje Przewodnicz\u0105cy Rady.<\/li><li>Rada zbiera si\u0119 co najmniej raz w roku.<\/li><li>Rad\u0119 zwo\u0142uje Przewodnicz\u0105cy Rady.<\/li><li>Rada podejmuje decyzje w formie uchwa\u0142 zwyk\u0142\u0105 wi\u0119kszo\u015bci\u0105 g\u0142os\u00f3w.<\/li><li>Posiedzenia Rady prowadzi Przewodnicz\u0105cy lub wiceprzewodnicz\u0105cy.\u00a0<\/li><li>G\u0142osowania Rady s\u0105 jawne z wyj\u0105tkiem g\u0142osowa\u0144 dotycz\u0105cych spraw personalnych.<\/li><li>Posiedzenia Rady s\u0105 protoko\u0142owane i podpisywane przez przewodnicz\u0105cego i\u00a0sekretarza.<\/li><li>Orygina\u0142y protoko\u0142\u00f3w z posiedze\u0144 Rady przechowywane s\u0105 w siedzibie Stowarzyszenia.<\/li><li>Sprawy administracyjne Rady prowadzi sekretariat Stowarzyszenia Wychowank\u00f3w AGH.<\/li><\/ol>\n\n\n\n<p><strong>III. Postanowienia ko\u0144cowe<\/strong><\/p>\n\n\n\n<ol class=\"wp-block-list\" type=\"1\"><li>Zarz\u0105d SW AGH zobowi\u0105zany jest zapewni\u0107 Radzie niezb\u0119dne warunki do wykonywania swoich obowi\u0105zk\u00f3w.<\/li><li>W przypadkach nieuregulowanych w niniejszym regulaminie Rada Stowarzyszenia kieruje si\u0119 postanowieniami statutu b\u0105d\u017a powszechnie stosowanymi przepisami prawa.<\/li><li>Regulamin wchodzi w \u017cycie z dniem zatwierdzenia przez Rad\u0119.<\/li><\/ol>\n\n\n\n<p><strong>Krak\u00f3w, dn. 21.04.2022 r.<\/strong><\/p>\n\n\n\n<p><strong>Regulamin zatwierdzono na posiedzeniu Rady Stowarzyszenia w dn. 21.04.2022 r.<\/strong><\/p>\n","protected":false},"excerpt":{"rendered":"<p>Regulamin Rady Stowarzyszenia Wychowank\u00f3w AGH I. Postanowienia og\u00f3lne Rada Stowarzyszenia jest honorowym gremium doradczym opiniuj\u0105cym prac\u0119 Stowarzyszenia Wychowank\u00f3w AGH. Do zada\u0144 i kompetencji Rady Stowarzyszenia nale\u017c\u0105 obowi\u0105zki wskazane w \u00a7 15 statutu Stowarzyszenia, w tym<\/p>\n","protected":false},"author":1,"featured_media":0,"parent":0,"menu_order":0,"comment_status":"closed","ping_status":"closed","template":"","meta":{"footnotes":"","_links_to":"","_links_to_target":""},"class_list":["post-5234","page","type-page","status-publish","hentry"],"_links":{"self":[{"href":"https:\/\/swagh.agh.edu.pl\/index.php?rest_route=\/wp\/v2\/pages\/5234","targetHints":{"allow":["GET"]}}],"collection":[{"href":"https:\/\/swagh.agh.edu.pl\/index.php?rest_route=\/wp\/v2\/pages"}],"about":[{"href":"https:\/\/swagh.agh.edu.pl\/index.php?rest_route=\/wp\/v2\/types\/page"}],"author":[{"embeddable":true,"href":"https:\/\/swagh.agh.edu.pl\/index.php?rest_route=\/wp\/v2\/users\/1"}],"replies":[{"embeddable":true,"href":"https:\/\/swagh.agh.edu.pl\/index.php?rest_route=%2Fwp%2Fv2%2Fcomments&post=5234"}],"version-history":[{"count":3,"href":"https:\/\/swagh.agh.edu.pl\/index.php?rest_route=\/wp\/v2\/pages\/5234\/revisions"}],"predecessor-version":[{"id":5248,"href":"https:\/\/swagh.agh.edu.pl\/index.php?rest_route=\/wp\/v2\/pages\/5234\/revisions\/5248"}],"wp:attachment":[{"href":"https:\/\/swagh.agh.edu.pl\/index.php?rest_route=%2Fwp%2Fv2%2Fmedia&parent=5234"}],"curies":[{"name":"wp","href":"https:\/\/api.w.org\/{rel}","templated":true}]}}