{"id":5240,"date":"2022-04-27T08:54:17","date_gmt":"2022-04-27T08:54:17","guid":{"rendered":"https:\/\/swagh.agh.edu.pl\/?page_id=5240"},"modified":"2026-03-18T11:51:31","modified_gmt":"2026-03-18T10:51:31","slug":"biezaca-dzialalnosc","status":"publish","type":"page","link":"https:\/\/swagh.agh.edu.pl\/?page_id=5240","title":{"rendered":"Bie\u017c\u0105ca dzia\u0142alno\u015b\u0107"},"content":{"rendered":"\n<h2 class=\"wp-block-heading\"><a rel=\"noreferrer noopener\" href=\"https:\/\/swagh.agh.edu.pl\/?p=5255\" target=\"_blank\">I POSIEDZENIE RADY SW AG<\/a><a href=\"https:\/\/swagh.agh.edu.pl\/?p=5255\" target=\"_blank\" rel=\"noreferrer noopener\">H<\/a><a rel=\"noreferrer noopener\" href=\"https:\/\/swagh.agh.edu.pl\/?p=5255\" target=\"_blank\"> 21.04.2022 R.<\/a><\/h2>\n\n\n\n<h2 class=\"wp-block-heading\"><a rel=\"noreferrer noopener\" href=\"https:\/\/swagh.agh.edu.pl\/?p=5736\" target=\"_blank\">II POSIEDZENIE RADY SW AG<\/a><a href=\"https:\/\/swagh.agh.edu.pl\/?p=5736\" target=\"_blank\" rel=\"noreferrer noopener\">H<\/a><a rel=\"noreferrer noopener\" href=\"https:\/\/swagh.agh.edu.pl\/?p=5736\" target=\"_blank\"> 16.11.2022 R.<\/a><\/h2>\n\n\n\n<h2 class=\"wp-block-heading\"><a href=\"https:\/\/swagh.agh.edu.pl\/?p=6032\" target=\"_blank\" rel=\"noreferrer noopener\">III POSIEDZENIE RADY SW AGH 13.04.2023 R.<\/a><\/h2>\n\n\n\n<h2 class=\"wp-block-heading\"><a href=\"https:\/\/swagh.agh.edu.pl\/?p=6536\" target=\"_blank\" rel=\"noreferrer noopener\">IV POSIEDZENIE RADY SW AGH 05.12.2023 R.<\/a><\/h2>\n\n\n\n<h2 class=\"wp-block-heading\"><a href=\"https:\/\/swagh.agh.edu.pl\/?p=6683\" target=\"_blank\" rel=\"noreferrer noopener\">V POSIEDZENIE RADY SW AGH 04.04.2024 R.<\/a><\/h2>\n\n\n\n<h2 class=\"wp-block-heading\"><a href=\"https:\/\/swagh.agh.edu.pl\/?p=7023\" target=\"_blank\" rel=\"noreferrer noopener\">VI POSIEDZENIE RADY SW AGH 05.11.2024 R.<\/a><\/h2>\n\n\n\n<h2 class=\"wp-block-heading\"><a href=\"https:\/\/swagh.agh.edu.pl\/?p=7383\" target=\"_blank\" rel=\"noreferrer noopener\">VII POSIEDZENIE RADY SW AGH 24.04.2025 R.<\/a><\/h2>\n\n\n\n<p class=\"has-medium-font-size\"><\/p>\n\n\n\n<p><\/p>\n","protected":false},"excerpt":{"rendered":"<p>I POSIEDZENIE RADY SW AGH 21.04.2022 R. II POSIEDZENIE RADY SW AGH 16.11.2022 R. III POSIEDZENIE RADY SW AGH 13.04.2023 R. IV POSIEDZENIE RADY SW AGH 05.12.2023 R. V POSIEDZENIE RADY SW AGH 04.04.2024 R.<\/p>\n","protected":false},"author":1,"featured_media":0,"parent":0,"menu_order":0,"comment_status":"closed","ping_status":"closed","template":"","meta":{"footnotes":"","_links_to":"","_links_to_target":""},"class_list":["post-5240","page","type-page","status-publish","hentry"],"_links":{"self":[{"href":"https:\/\/swagh.agh.edu.pl\/index.php?rest_route=\/wp\/v2\/pages\/5240","targetHints":{"allow":["GET"]}}],"collection":[{"href":"https:\/\/swagh.agh.edu.pl\/index.php?rest_route=\/wp\/v2\/pages"}],"about":[{"href":"https:\/\/swagh.agh.edu.pl\/index.php?rest_route=\/wp\/v2\/types\/page"}],"author":[{"embeddable":true,"href":"https:\/\/swagh.agh.edu.pl\/index.php?rest_route=\/wp\/v2\/users\/1"}],"replies":[{"embeddable":true,"href":"https:\/\/swagh.agh.edu.pl\/index.php?rest_route=%2Fwp%2Fv2%2Fcomments&post=5240"}],"version-history":[{"count":9,"href":"https:\/\/swagh.agh.edu.pl\/index.php?rest_route=\/wp\/v2\/pages\/5240\/revisions"}],"predecessor-version":[{"id":7980,"href":"https:\/\/swagh.agh.edu.pl\/index.php?rest_route=\/wp\/v2\/pages\/5240\/revisions\/7980"}],"wp:attachment":[{"href":"https:\/\/swagh.agh.edu.pl\/index.php?rest_route=%2Fwp%2Fv2%2Fmedia&parent=5240"}],"curies":[{"name":"wp","href":"https:\/\/api.w.org\/{rel}","templated":true}]}}