{"id":5357,"date":"2022-06-28T11:30:36","date_gmt":"2022-06-28T11:30:36","guid":{"rendered":"https:\/\/swagh.agh.edu.pl\/?page_id=5357"},"modified":"2026-04-23T11:27:56","modified_gmt":"2026-04-23T09:27:56","slug":"srebrny-dyplom","status":"publish","type":"page","link":"https:\/\/swagh.agh.edu.pl\/?page_id=5357","title":{"rendered":"Srebrne i Z\u0142ote Dyplomy"},"content":{"rendered":"\n<p><strong>Srebrne i Z\u0142ote Dyplomy w AGH<\/strong><\/p>\n\n\n\n<p>Na wniosek licznych grup absolwent\u00f3w Stowarzyszenie Wychowank\u00f3w AGH wsp\u00f3lnie z&nbsp;w\u0142adzami uczelni od roku 2022 wprowadzili do kalendarza imprez cyklicznych dla absolwent\u00f3w uroczyste spotkania w uczelni z okazji 25 rocznicy i 50 rocznicy uzyskania dyplomu AGH. Obydwie imprezy b\u0119d\u0105 mia\u0142y podobny przebieg. Mo\u017cliwe jest to, \u017ce na pocz\u0105tku obydwie uroczysto\u015bci b\u0119d\u0105 si\u0119 odbywa\u0142y razem w tym samym czasie. Jest to zale\u017cne od liczby zg\u0142aszaj\u0105cych si\u0119 uczestnik\u00f3w. Zatem absolwenci podtrzymuj\u0105cy sta\u0142y kontakt z uczelni\u0105 b\u0119d\u0105 mieli okazj\u0119 uczestniczy\u0107 w spotkaniach uroczystych, podczas kt\u00f3rych otrzymaj\u0105:<\/p>\n\n\n\n<ol class=\"wp-block-list\">\n<li><strong>Srebrny dyplom<\/strong> \u2013 dokument wr\u0119czany na uroczystym spotkaniu po 25 latach od uko\u0144czenia studi\u00f3w.<\/li>\n\n\n\n<li><strong>Z\u0142oty dyplom <\/strong>\u2013 dokument wr\u0119czany na uroczystym spotkaniu po 50 latach od uko\u0144czenia studi\u00f3w.<\/li>\n<\/ol>\n\n\n\n<h2 class=\"wp-block-heading\"><a rel=\"noreferrer noopener\" href=\"https:\/\/sw.agh.edu.pl\/silver-diploma-form\" target=\"_blank\"><strong>FORMULARZ ZG\u0141OSZENIOWY<\/strong> <strong>NA SREBRNY DYPLOM<\/strong><\/a><strong> <\/strong><\/h2>\n\n\n\n<h2 class=\"wp-block-heading\"><a href=\"https:\/\/sw.agh.edu.pl\/gold-diploma-form\" target=\"_blank\" rel=\"noreferrer noopener\"><strong>FORMULARZ ZG\u0141OSZENIOWY NA Z\u0141OTY DYPLOM<\/strong><\/a><\/h2>\n\n\n\n<p><strong><span style=\"color:#1320d5\" class=\"has-inline-color\">TERMINY NA JUBILEUSZE Z\u0141OTYCH<\/span><\/strong><span style=\"color:#0048a3\" class=\"has-inline-color\"><strong> I SREBRNYCH<\/strong><\/span><span style=\"color:#0048a3\" class=\"has-inline-color\"><strong> DYPLOM\u00d3W DLA POSZCZEG\u00d3LNYCH W<\/strong><\/span><strong><span style=\"color:#193bc4\" class=\"has-inline-color\">YDZIA\u0141\u00d3W<\/span><\/strong><span style=\"color:#a30000\" class=\"has-inline-color\">:<\/span><\/p>\n\n\n\n<figure class=\"wp-block-table\"><table><tbody><tr><td><strong>ROK JUBILEUSZU<\/strong><\/td><td><strong>ROK UKO\u0143CZENIA<\/strong><\/td><td><strong>ROK UKO\u0143CZENIA<\/strong><\/td><td><strong>Z\u0141OTY DYPLOM<\/strong><\/td><td><strong>SREBRNY DYPLOM<\/strong><\/td><\/tr><tr><td><strong>2026<\/strong><\/td><td><strong>1976<\/strong><\/td><td><strong>2001<\/strong><\/td><td>18.09.2026<\/td><td>25.09.2026<\/td><\/tr><\/tbody><\/table><\/figure>\n\n\n\n<p><strong>WYDZIA\u0141Y:<\/strong><\/p>\n\n\n\n<p>Wydzia\u0142 In\u017cynierii L\u0105dowej i Gospodarki Zasobami&nbsp;(wcze\u015bniej G\u00f3rniczy)<\/p>\n\n\n\n<p>Wydzia\u0142 Geologii, Geofizyki i Ochrony \u015arodowiska,<\/p>\n\n\n\n<p>Wydzia\u0142 Geodezji G\u00f3rniczej i In\u017cynierii \u015arodowiska,<\/p>\n\n\n\n<p>Wydzia\u0142 Wiertnictwa Nafty i Gazu.<\/p>\n\n\n\n<p>Wydzia\u0142 In\u017cynierii Mechanicznej i Robotyki (wcze\u015bniej Maszyn G\u00f3rniczych i Hutniczych)<\/p>\n\n\n\n<p>Wydzia\u0142 In\u017cynierii Metali i Informatyki Przemys\u0142owej,<\/p>\n\n\n\n<p>Wydzia\u0142 Odlewnictwa<\/p>\n\n\n\n<p>Wydzia\u0142 Metali Nie\u017celaznych<\/p>\n\n\n\n<p>Wydzia\u0142 Elektrotechniki, Automatyki, Informatyki i In\u017cynierii Biomedycznej,<\/p>\n\n\n\n<p>Wydzia\u0142 In\u017cynierii Materia\u0142owej i Ceramiki.<\/p>\n\n\n\n<p>Wydzia\u0142 Zarz\u0105dzania<\/p>\n\n\n\n<p>Wydzia\u0142 Fizyki i Informatyki Stosowanej<\/p>\n\n\n\n<p><strong>OP\u0141ATY:<\/strong><\/p>\n\n\n\n<p>Uczestnictwo w uroczysto\u015bci jest odp\u0142atne, koszt uczestnictwa wynosi:<\/p>\n\n\n\n<ul class=\"wp-block-list\">\n<li>udzia\u0142 w ceremonii  (op\u0142ata podstawowa: Dyplom Srebrny lub Z\u0142oty+ catering +fotograf + inne koszty organizacyjne) <strong>60 z\u0142\/osob\u0119 <\/strong><\/li>\n<\/ul>\n\n\n\n<p>Op\u0142at\u0119 za udzia\u0142 w jubileuszu nale\u017cy wp\u0142aci\u0107 do 30.06.2026r. na konto:<\/p>\n\n\n\n<p>odbiorca: Stowarzyszenie Wychowank\u00f3w AGH<br>PKO BP S.A. I O\/Krak\u00f3w<br>91 1020 2892 0000 5002 0015 7412<br>podaj\u0105c w tytule swoje imi\u0119 i nazwisko oraz \u201eSrebrny Dyplom\u201d.<\/p>\n\n\n\n<figure class=\"wp-block-gallery has-nested-images columns-default is-cropped wp-block-gallery-1 is-layout-flex wp-block-gallery-is-layout-flex\">\n<figure class=\"wp-block-image size-large\"><a href=\"https:\/\/swagh.agh.edu.pl\/wp-content\/uploads\/2022\/07\/srebrny-dyplom-scaled.jpg\"><img loading=\"lazy\" decoding=\"async\" width=\"724\" height=\"1024\" data-id=\"5441\" src=\"https:\/\/swagh.agh.edu.pl\/wp-content\/uploads\/2022\/07\/srebrny-dyplom-724x1024.jpg\" alt=\"\" class=\"wp-image-5441\" srcset=\"https:\/\/swagh.agh.edu.pl\/wp-content\/uploads\/2022\/07\/srebrny-dyplom-724x1024.jpg 724w, https:\/\/swagh.agh.edu.pl\/wp-content\/uploads\/2022\/07\/srebrny-dyplom-212x300.jpg 212w, https:\/\/swagh.agh.edu.pl\/wp-content\/uploads\/2022\/07\/srebrny-dyplom-768x1086.jpg 768w, https:\/\/swagh.agh.edu.pl\/wp-content\/uploads\/2022\/07\/srebrny-dyplom-1086x1536.jpg 1086w, https:\/\/swagh.agh.edu.pl\/wp-content\/uploads\/2022\/07\/srebrny-dyplom-1449x2048.jpg 1449w, https:\/\/swagh.agh.edu.pl\/wp-content\/uploads\/2022\/07\/srebrny-dyplom-scaled.jpg 1811w\" sizes=\"auto, (max-width: 724px) 100vw, 724px\" \/><\/a><figcaption class=\"wp-element-caption\">Srebrny Dyplom (format A4)<\/figcaption><\/figure>\n\n\n\n<figure class=\"wp-block-image size-large\"><a href=\"https:\/\/swagh.agh.edu.pl\/wp-content\/uploads\/2022\/08\/ZLOTY-scaled.jpg\"><img loading=\"lazy\" decoding=\"async\" width=\"724\" height=\"1024\" data-id=\"5463\" src=\"https:\/\/swagh.agh.edu.pl\/wp-content\/uploads\/2022\/08\/ZLOTY-724x1024.jpg\" alt=\"\" class=\"wp-image-5463\" srcset=\"https:\/\/swagh.agh.edu.pl\/wp-content\/uploads\/2022\/08\/ZLOTY-724x1024.jpg 724w, https:\/\/swagh.agh.edu.pl\/wp-content\/uploads\/2022\/08\/ZLOTY-212x300.jpg 212w, https:\/\/swagh.agh.edu.pl\/wp-content\/uploads\/2022\/08\/ZLOTY-768x1086.jpg 768w, https:\/\/swagh.agh.edu.pl\/wp-content\/uploads\/2022\/08\/ZLOTY-1086x1536.jpg 1086w, https:\/\/swagh.agh.edu.pl\/wp-content\/uploads\/2022\/08\/ZLOTY-1449x2048.jpg 1449w, https:\/\/swagh.agh.edu.pl\/wp-content\/uploads\/2022\/08\/ZLOTY-scaled.jpg 1811w\" sizes=\"auto, (max-width: 724px) 100vw, 724px\" \/><\/a><figcaption class=\"wp-element-caption\">Z\u0142oty Dyplom (format A4)<\/figcaption><\/figure>\n<\/figure>\n\n\n\n<h2 class=\"wp-block-heading has-text-align-center\"><a rel=\"noreferrer noopener\" href=\"https:\/\/swagh.agh.edu.pl\/?page_id=5625&amp;customize_changeset_uuid=c4b1d2c8-1ad1-48e7-8155-94a2f387b44e&amp;customize_autosaved=on\" target=\"_blank\">FOTOGRAFIE I RELACJE Z UROCZYSTO\u015aCI<\/a><\/h2>\n\n\n\n<h2 class=\"wp-block-heading has-text-align-center\">2023 ROK<\/h2>\n\n\n\n<ul class=\"wp-block-list\">\n<li><a href=\"https:\/\/foto.agh.edu.pl\/thumbnails.php?album=747\" target=\"_blank\" rel=\"noreferrer noopener\">Fotografie Srebrny Dyplom \u2013 8 wrze\u015bnia 202<\/a>3<\/li>\n\n\n\n<li><a href=\"https:\/\/swagh.agh.edu.pl\/?p=6283\" target=\"_blank\" rel=\"noreferrer noopener\">Relacja z uroczysto\u015bci wr\u0119czenia Srebrnych Dyplom\u00f3w po 25 latach \u2013 8 wrze\u015bnia 2023<\/a><\/li>\n\n\n\n<li><a href=\"https:\/\/foto.agh.edu.pl\/thumbnails.php?album=748\" target=\"_blank\" rel=\"noreferrer noopener\">Fotografie Z\u0142oty Dyplom- 8 wrze\u015bnia 2023<\/a><\/li>\n\n\n\n<li><a href=\"https:\/\/swagh.agh.edu.pl\/?p=6283\" target=\"_blank\" rel=\"noreferrer noopener\">Relacja z uroczysto\u015bci wr\u0119czenia Z\u0142otych Dyplom\u00f3w po 50 latach- 8 grudnia 2023<\/a><\/li>\n\n\n\n<li><a href=\"https:\/\/l.facebook.com\/l.php?u=https%3A%2F%2Fyoutu.be%2F5J2WX1IEPMk%3Fsi%3Dc9hwatg7PuuvTH-h%26fbclid%3DIwAR1emALDcbOd6n4Edjfk7J4uM_7XNcoe-Ly5RrBY6qAbIb-Wp8V9f6UBG4I&amp;h=AT0soSBOV7-PaA-GTcSAcs3OUN6GWma-IBORjS76PQk7r6ER-0EFgjft4TbZtIXN6sqM9KXd-mSKrncqagm-l8ZipGqyH5Ifpt8wo3Zoupj1ElkjfeF5uOs8eiGwK-EhALvL&amp;__tn__=%2CmH-R&amp;c[0]=AT2LRZWdV-jdJMBeui0rIcHkHNMF6HbiYqvOu0l3JE9W_nmcYlwmwpIVTVRI92QYvUI-XJ6L9rPHwEpl8Ywa5NZKM-ht1uCZxhKQK-6mK4T8G95i2vrDE95U5SCSs5GnMfRf1V08q_BQ1BMdozu4N_EzkQWauPX-UIOAUJLTAZ11q5YvU3ecBeS6P6QOTRpTMhmkLEv9BM_mmtHSERRAZg4gZpLa7-Bt3SD3WH0oqCcb8kbG-bFz\" target=\"_blank\" rel=\"noreferrer noopener\">\u017bywe wi\u0119zi Absolwent\u00f3w z AGH i Wydzia\u0142em IMiC. Relacja filmowa Pana Les\u0142awa Taczuka- Z\u0142ote Dyplomy 2023<\/a><\/li>\n<\/ul>\n\n\n\n<h2 class=\"wp-block-heading has-text-align-center\">2022 ROK<\/h2>\n\n\n\n<ul class=\"wp-block-list\">\n<li><a href=\"https:\/\/swagh.agh.edu.pl\/?p=5487&amp;customize_changeset_uuid=c4b1d2c8-1ad1-48e7-8155-94a2f387b44e&amp;customize_autosaved=on\" target=\"_blank\" rel=\"noreferrer noopener\">Relacja z uroczysto\u015bci wr\u0119czenia Z\u0142otych Dyplom\u00f3w po 50 latach- 3 wrze\u015bnia 2022<\/a><\/li>\n\n\n\n<li><a href=\"http:\/\/foto.agh.edu.pl\/thumbnails.php?album=712\" target=\"_blank\" rel=\"noreferrer noopener\">Fotografie Srebrny Dyplom \u2013Wydzia\u0142 Geodezji G\u00f3rniczej i In\u017cynierii \u015arodowiska \u2013 30 wrze\u015bnia 2022<\/a><\/li>\n\n\n\n<li><a href=\"https:\/\/swagh.agh.edu.pl\/?p=5590&amp;customize_changeset_uuid=c4b1d2c8-1ad1-48e7-8155-94a2f387b44e&amp;customize_autosaved=on\" target=\"_blank\" rel=\"noreferrer noopener\">Relacja z uroczysto\u015bci wr\u0119czenia Srebrnych Dyplom\u00f3w po 25 latach \u2013 30 wrze\u015bnia 2022<\/a><\/li>\n\n\n\n<li><a href=\"https:\/\/foto.agh.edu.pl\/thumbnails.php?album=732\" target=\"_blank\" rel=\"noreferrer noopener\">Fotografie Z\u0142oty Dyplom- 10 grudnia 2022<\/a><\/li>\n\n\n\n<li><a href=\"https:\/\/swagh.agh.edu.pl\/?p=5791\" target=\"_blank\" rel=\"noreferrer noopener\">Relacja z uroczysto\u015bci wr\u0119czenia Z\u0142otych Dyplom\u00f3w po 50 latach- 10 grudnia 2022<\/a><\/li>\n<\/ul>\n\n\n\n<h2 class=\"wp-block-heading has-text-align-center\"><a rel=\"noreferrer noopener\" href=\"https:\/\/swagh.agh.edu.pl\/wp-admin\/post.php?post=5614&amp;action=edit\" target=\"_blank\">NAPISALI PO JUBILEUSZU<\/a><\/h2>\n\n\n\n<p class=\"has-text-align-center\"><em> <strong><span style=\"color:#1016cb\" class=\"has-inline-color\">Z\u0142oty Dyplom 2023 dla Absolwent\u00f3w 1973<\/span><\/strong><\/em><\/p>\n\n\n\n<p class=\"has-text-align-center\"><strong><span style=\"color:#1016cb\" class=\"has-inline-color\"> 8 wrze\u015bnia 2023 <\/span><\/strong> <\/p>\n\n\n\n<p>Szanowny Panie Profesorze, z g\u0142\u0119bi serca dzi\u0119kuj\u0119 za pi\u0119kn\u0105 uroczysto\u015b\u0107 wr\u0119czenia nam z\u0142otych dyplom\u00f3w. Taka uroczysto\u015b\u0107 zawsze wzbudza wspomnienia i refleksje, kt\u00f3re pozwoli\u0142em sobie przela\u0107 na papier i przekaza\u0107 w za\u0142\u0105czeniu, aby si\u0119 nimi podzieli\u0107 z Panem Profesorem . Pewnie jestem zbyt sentymentalny, mo\u017ce nawet romantyczny, ale tak to prze\u017cywam, jak opisa\u0142em. Oczywi\u015bcie zbyt obszerna zawarto\u015b\u0107 tych refleksji nie nadawa\u0142a si\u0119 do zaprezentowania podczas naszej uroczysto\u015bci, ale nie mog\u0119 oprze\u0107 si\u0119 pokusie i potrzebie podzielenia si\u0119 nimi: <a href=\"https:\/\/swagh.agh.edu.pl\/?p=6266\" target=\"_blank\" rel=\"noreferrer noopener\">https:\/\/swagh.agh.edu.pl\/?p=6266<\/a><\/p>\n\n\n\n<p>Prosz\u0119 wybaczy\u0107, \u017ce zabieram cenny czas, ale komu\u017c mam je przekaza\u0107, jak nie Panu, Prezesowi Stowarzyszenia Wychowank\u00f3w AGH z tak wielkim zaanga\u017cowaniem, a co najwa\u017cniejsze, z powodzeniem realizuje&nbsp;trzeci, obok <strong>WIEDZY i PASJI<\/strong>, z&nbsp; filar\u00f3w, na kt\u00f3rych wspiera si\u0119 dzia\u0142alno\u015b\u0107 naszej Alma Mater &#8211; <strong>&nbsp;WI\u0118\u0179.<\/strong><\/p>\n\n\n\n<p>Serdecznie pozdrawiam \u017cycz\u0105c krzepkiego zdrowia ad multos annos.<br>Szcz\u0119\u015b\u0107 Bo\u017ce!<\/p>\n\n\n\n<p>J\u00f3zef G\u00f3rny<\/p>\n\n\n\n<p>Wydzia\u0142 Odlewnictwa<\/p>\n\n\n\n<p class=\"has-text-align-center\"><strong><span style=\"color:#0b08ad\" class=\"has-inline-color\"><em>Srebrny Dyplom 2023 dla Absolwent\u00f3w 1998<\/em><\/span><\/strong><\/p>\n\n\n\n<p class=\"has-text-align-center\"><strong><span style=\"color:#080db3\" class=\"has-inline-color\"><em>8 wrze\u015bnia 2023<\/em><\/span><\/strong><\/p>\n\n\n\n<p>Chcia\u0142bym bardzo serdecznie podzi\u0119kowa\u0107 za profesjonalne przygotowanie Uroczysto\u015bci.<br>Za serdeczn\u0105 i mi\u0142\u0105 atmosfer\u0119<\/p>\n\n\n\n<p>By\u0142o nam bardzo mi\u0142o sp\u0119dzi\u0107 ten czas w murach naszej Alma Mater<\/p>\n\n\n\n<p>\u2014\u2014\u2014<br>Z powa\u017caniem<br>Aleksander \u017bmijewski<\/p>\n\n\n\n<p>Wydzia\u0142 Geodezji G\u00f3rniczej i In\u017cynierii \u015arodowiska<\/p>\n\n\n<div class=\"wp-block-image\">\n<figure class=\"aligncenter size-large\"><a href=\"https:\/\/swagh.agh.edu.pl\/wp-content\/uploads\/2023\/09\/podziekowanie-zloty-indeks-GEO-2023_0001.jpg\"><img loading=\"lazy\" decoding=\"async\" width=\"724\" height=\"1024\" src=\"https:\/\/swagh.agh.edu.pl\/wp-content\/uploads\/2023\/09\/podziekowanie-zloty-indeks-GEO-2023_0001-724x1024.jpg\" alt=\"\" class=\"wp-image-6302\" srcset=\"https:\/\/swagh.agh.edu.pl\/wp-content\/uploads\/2023\/09\/podziekowanie-zloty-indeks-GEO-2023_0001-724x1024.jpg 724w, https:\/\/swagh.agh.edu.pl\/wp-content\/uploads\/2023\/09\/podziekowanie-zloty-indeks-GEO-2023_0001-212x300.jpg 212w, https:\/\/swagh.agh.edu.pl\/wp-content\/uploads\/2023\/09\/podziekowanie-zloty-indeks-GEO-2023_0001-768x1086.jpg 768w, https:\/\/swagh.agh.edu.pl\/wp-content\/uploads\/2023\/09\/podziekowanie-zloty-indeks-GEO-2023_0001-1086x1536.jpg 1086w, https:\/\/swagh.agh.edu.pl\/wp-content\/uploads\/2023\/09\/podziekowanie-zloty-indeks-GEO-2023_0001-1448x2048.jpg 1448w, https:\/\/swagh.agh.edu.pl\/wp-content\/uploads\/2023\/09\/podziekowanie-zloty-indeks-GEO-2023_0001.jpg 1653w\" sizes=\"auto, (max-width: 724px) 100vw, 724px\" \/><\/a><figcaption class=\"wp-element-caption\">Wyst\u0105pienie na Auli Pana Ryszarda Rusa<\/figcaption><\/figure>\n<\/div>\n\n\n<p class=\"has-text-align-center\"><strong><span style=\"color:#1016cb\" class=\"has-inline-color\">Srebrny Dyplom 2022 dla Absolwent\u00f3w Wydzia\u0142u Geodezji G\u00f3rniczej i In\u017cynierii \u015arodowiska <\/span><\/strong><\/p>\n\n\n\n<p class=\"has-text-align-center\"><strong><span style=\"color:#1016cb\" class=\"has-inline-color\"> 30 wrze\u015bnia 2022 roku<\/span><\/strong><\/p>\n\n\n\n<p>&#8222;<em>Szanowni Pa\u0144stwo,<\/em><\/p>\n\n\n\n<p><em>W imieniu moich Kole\u017canek i Koleg\u00f3w, absolwent\u00f3w Wydzia\u0142u Geodezji G\u00f3rniczej i In\u017cynierii \u015arodowiska Akademii G\u00f3rniczo \u2013 Hutniczej pragn\u0119 podzi\u0119kowa\u0107 w\u0142adzom Uczelni, reprezentowanym przez:<\/em><\/p>\n\n\n\n<ul class=\"wp-block-list\">\n<li><em>JM Rektora \u2013 prof. dr hab. in\u017c. Jerzego Lisa,<\/em><\/li>\n\n\n\n<li><em>Dziekana Wydzia\u0142u Geodezji G\u00f3rniczej i In\u017cynierii \u015arodowiska \u2013 prof. dr. hab. in\u017c. Ryszarda Hejmanowskiego.<\/em><\/li>\n<\/ul>\n\n\n\n<p><em>Szczeg\u00f3lne podzi\u0119kowania kierujemy do organizatora dzisiejszej uroczysto\u015bci, do Stowarzyszenia Wychowank\u00f3w Akademii G\u00f3rniczo \u2013 Hutniczej, reprezentowanego przez:<\/em><\/p>\n\n\n\n<ul class=\"wp-block-list\">\n<li><em>Prezesa Stowarzyszenia \u2013 prof. dr hab. in\u017c. Piotra Czaj\u0119,<\/em><\/li>\n\n\n\n<li><em>przedstawicieli Biura Stowarzyszenia, Pani\u0105 Teres\u0119 Nosal i Pani\u0105 Paulin\u0119 Licho\u0144.<\/em><\/li>\n<\/ul>\n\n\n\n<p>D<em>zi\u0119kujemy r\u00f3wnie\u017c:<\/em><\/p>\n\n\n\n<p><em>Wychowankom Akademii G\u00f3rniczo \u2013 Hutniczej, kt\u00f3rzy rozpocz\u0119li nauk\u0119 na naszej uczelni 50 lat temu i uczestniczyli w uroczysto\u015bci wr\u0119czenia Z\u0142otych Indeks\u00f3w, za wsp\u00f3ln\u0105 obecno\u015b\u0107 w tym podnios\u0142ym dniu.<\/em><\/p>\n\n\n\n<p><em>W imieniu swoim oraz moich Kole\u017canek i Koleg\u00f3w pragn\u0119 powiedzie\u0107, \u017ce nasz\u0105 obecno\u015bci\u0105 tutaj potwierdzamy silne wi\u0119zi jakie \u0142\u0105cz\u0105 nas z uczelni\u0105, dzi\u0119ki kt\u00f3rej uzyskali\u015bmy warto\u015bciowy i ciekawy zaw\u00f3d geodety. Wydzia\u0142 Geodezji G\u00f3rniczej i In\u017cynierii \u015arodowiska opr\u00f3cz du\u017cej ilo\u015bci wyk\u0142ad\u00f3w i \u0107wicze\u0144 oferowa\u0142 nam tak\u017ce kilka tygodni corocznych praktyk, dzi\u0119ki kt\u00f3rym mogli\u015bmy naby\u0107 umiej\u0119tno\u015bci pracy zespo\u0142owej, uczyli\u015bmy si\u0119 wzajemnego wspierania si\u0119 w trudach nauki, a dodatkowo poznawali\u015bmy dobrze nasze umiej\u0119tno\u015bci interpersonalne. To skutkuje tym, \u017ce od czasu uko\u0144czenia studi\u00f3w utrzymujemy zawodowe i prywatne relacje, a co kilka lat spotykamy si\u0119 na uroczystym \u015bwi\u0119towaniu kolejnych jubileuszy uko\u0144czenia studi\u00f3w. Cieszymy si\u0119, \u017ce tym razem jubileusz 25-lecia uda\u0142o si\u0119 po\u0142\u0105czy\u0107 z t\u0105 pi\u0119kn\u0105 uroczysto\u015bci\u0105 wr\u0119czenia <strong>SREBRNYCH DYPLOM\u00d3W<\/strong>, organizowan\u0105 przez Stowarzyszenie Wychowank\u00f3w Akademii G\u00f3rniczo \u2013 Hutniczej. Tym bardziej, \u017ce odbywa si\u0119 ona po raz pierwszy i mamy nadziej\u0119, \u017ce wsp\u00f3lnie rozpoczynamy now\u0105, pi\u0119kn\u0105 tradycj\u0119.<\/em><\/p>\n\n\n\n<p><strong><em>B<\/em><\/strong><em><strong>ardzo dzi\u0119kujemy<\/strong>. Wspania\u0142e wra\u017cenia z<\/em> <em>dzisiejszej uroczysto\u015bci pozostan\u0105 w naszej pami\u0119ci na d\u0142ugo<\/em>.&#8221;<\/p>\n\n\n\n<p><em>El\u017cbieta Or\u0142owska<\/em><\/p>\n","protected":false},"excerpt":{"rendered":"<p>Srebrne i Z\u0142ote Dyplomy w AGH Na wniosek licznych grup absolwent\u00f3w Stowarzyszenie Wychowank\u00f3w AGH wsp\u00f3lnie z&nbsp;w\u0142adzami uczelni od roku 2022 wprowadzili do kalendarza imprez cyklicznych dla absolwent\u00f3w uroczyste spotkania w uczelni z okazji 25 rocznicy<\/p>\n","protected":false},"author":1,"featured_media":0,"parent":0,"menu_order":0,"comment_status":"closed","ping_status":"closed","template":"","meta":{"footnotes":"","_links_to":"","_links_to_target":""},"class_list":["post-5357","page","type-page","status-publish","hentry"],"_links":{"self":[{"href":"https:\/\/swagh.agh.edu.pl\/index.php?rest_route=\/wp\/v2\/pages\/5357","targetHints":{"allow":["GET"]}}],"collection":[{"href":"https:\/\/swagh.agh.edu.pl\/index.php?rest_route=\/wp\/v2\/pages"}],"about":[{"href":"https:\/\/swagh.agh.edu.pl\/index.php?rest_route=\/wp\/v2\/types\/page"}],"author":[{"embeddable":true,"href":"https:\/\/swagh.agh.edu.pl\/index.php?rest_route=\/wp\/v2\/users\/1"}],"replies":[{"embeddable":true,"href":"https:\/\/swagh.agh.edu.pl\/index.php?rest_route=%2Fwp%2Fv2%2Fcomments&post=5357"}],"version-history":[{"count":51,"href":"https:\/\/swagh.agh.edu.pl\/index.php?rest_route=\/wp\/v2\/pages\/5357\/revisions"}],"predecessor-version":[{"id":8063,"href":"https:\/\/swagh.agh.edu.pl\/index.php?rest_route=\/wp\/v2\/pages\/5357\/revisions\/8063"}],"wp:attachment":[{"href":"https:\/\/swagh.agh.edu.pl\/index.php?rest_route=%2Fwp%2Fv2%2Fmedia&parent=5357"}],"curies":[{"name":"wp","href":"https:\/\/api.w.org\/{rel}","templated":true}]}}