{"id":5614,"date":"2022-10-07T07:25:10","date_gmt":"2022-10-07T07:25:10","guid":{"rendered":"https:\/\/swagh.agh.edu.pl\/?page_id=5614"},"modified":"2023-09-26T05:45:28","modified_gmt":"2023-09-26T05:45:28","slug":"napisali-po-jubileuszu","status":"publish","type":"page","link":"https:\/\/swagh.agh.edu.pl\/?page_id=5614","title":{"rendered":"Napisali po Jubileuszu"},"content":{"rendered":"\n<h2 class=\"wp-block-heading\"><em> <\/em> Napisali po Jubileuszu &#8222;Z\u0142oty Dyplom&#8221; <\/h2>\n\n\n\n<p class=\"has-text-align-center\"><em><strong><span style=\"color:#1016cb\" class=\"has-inline-color\">Z\u0142oty Dyplom 2023 dla Absolwent\u00f3w 1973<\/span><\/strong><\/em><\/p>\n\n\n\n<p class=\"has-text-align-center\"><strong><span style=\"color:#1016cb\" class=\"has-inline-color\"> 8 wrze\u015bnia 2023 <\/span><\/strong> <\/p>\n\n\n\n<p>Szanowny Panie Profesorze, z g\u0142\u0119bi serca dzi\u0119kuj\u0119 za pi\u0119kn\u0105 uroczysto\u015b\u0107 wr\u0119czenia nam z\u0142otych dyplom\u00f3w. Taka uroczysto\u015b\u0107 zawsze wzbudza wspomnienia i refleksje, kt\u00f3re pozwoli\u0142em sobie przela\u0107 na papier i przekaza\u0107 w za\u0142\u0105czeniu, aby si\u0119 nimi podzieli\u0107 z Panem Profesorem . Pewnie jestem zbyt sentymentalny, mo\u017ce nawet romantyczny, ale tak to prze\u017cywam, jak opisa\u0142em. Oczywi\u015bcie zbyt obszerna zawarto\u015b\u0107 tych refleksji nie nadawa\u0142a si\u0119 do zaprezentowania podczas naszej uroczysto\u015bci, ale nie mog\u0119 oprze\u0107 si\u0119 pokusie i potrzebie podzielenia si\u0119 nimi: <a href=\"https:\/\/swagh.agh.edu.pl\/?p=6266\" target=\"_blank\" rel=\"noreferrer noopener\">https:\/\/swagh.agh.edu.pl\/?p=6266<\/a><\/p>\n\n\n\n<p>Prosz\u0119 wybaczy\u0107, \u017ce zabieram cenny czas, ale komu\u017c mam je przekaza\u0107, jak nie Panu, Prezesowi Stowarzyszenia Wychowank\u00f3w AGH z tak wielkim zaanga\u017cowaniem, a co najwa\u017cniejsze, z powodzeniem realizuje&nbsp;trzeci, obok <strong>WIEDZY i PASJI<\/strong>, z&nbsp; filar\u00f3w, na kt\u00f3rych wspiera si\u0119 dzia\u0142alno\u015b\u0107 naszej Alma Mater &#8211; <strong>&nbsp;WI\u0118\u0179.<\/strong><\/p>\n\n\n\n<p>Serdecznie pozdrawiam \u017cycz\u0105c krzepkiego zdrowia ad multos annos.<br>Szcz\u0119\u015b\u0107 Bo\u017ce!<\/p>\n\n\n\n<p>J\u00f3zef G\u00f3rny<\/p>\n\n\n\n<p>Wydzia\u0142 Odlewnictwa<\/p>\n\n\n\n<p class=\"has-text-align-center\"> <strong><span style=\"color:#1016cb\" class=\"has-inline-color\"><em>Srebrny Dyplom 2023 dla Absolwent\u00f3w 1998<\/em><\/span><\/strong><\/p>\n\n\n\n<p class=\"has-text-align-center\"><strong><span style=\"color:#1016cb\" class=\"has-inline-color\"> <em>8 wrze\u015bnia 2023<\/em><\/span><\/strong><\/p>\n\n\n\n<p>Chcia\u0142bym bardzo serdecznie podzi\u0119kowa\u0107 za profesjonalne przygotowanie Uroczysto\u015bci.<br>Za serdeczn\u0105 i mi\u0142\u0105 atmosfer\u0119<\/p>\n\n\n\n<p>By\u0142o nam bardzo mi\u0142o sp\u0119dzi\u0107 ten czas w murach naszej Alma Mater<\/p>\n\n\n\n<p>\u2014\u2014\u2014<br>Z powa\u017caniem<br>Aleksander \u017bmijewski<\/p>\n\n\n\n<p>Wydzia\u0142 Geodezji G\u00f3rniczej i In\u017cynierii \u015arodowiska<\/p>\n\n\n\n<h2 class=\"wp-block-heading\">Napisali po Jubileuszu &#8222;Srebrny Dyplom&#8221;<\/h2>\n\n\n\n<p class=\"has-text-align-center\"><strong><span style=\"color:#1016cb\" class=\"has-inline-color\">Srebrny Dyplom 2022 dla Absolwent\u00f3w Wydzia\u0142u Geodezji G\u00f3rniczej i In\u017cynierii \u015arodowiska <\/span><\/strong><\/p>\n\n\n\n<p class=\"has-text-align-center\"><strong><span style=\"color:#1016cb\" class=\"has-inline-color\"> 30 wrze\u015bnia 2022 roku<\/span><\/strong><\/p>\n\n\n\n<p>&#8222;<em>Szanowni Pa\u0144stwo,<\/em><\/p>\n\n\n\n<p><em>W imieniu moich Kole\u017canek i Koleg\u00f3w, absolwent\u00f3w Wydzia\u0142u Geodezji G\u00f3rniczej i In\u017cynierii \u015arodowiska Akademii G\u00f3rniczo \u2013 Hutniczej pragn\u0119 podzi\u0119kowa\u0107 w\u0142adzom Uczelni, reprezentowanym przez:<\/em><\/p>\n\n\n\n<ul class=\"wp-block-list\"><li><em>JM Rektora \u2013 prof. dr hab. in\u017c. Jerzego Lisa,<\/em><\/li><li><em>Dziekana Wydzia\u0142u Geodezji G\u00f3rniczej i In\u017cynierii \u015arodowiska \u2013 prof. dr. hab. in\u017c. Ryszarda Hejmanowskiego.<\/em><\/li><\/ul>\n\n\n\n<p><em>Szczeg\u00f3lne podzi\u0119kowania kierujemy do organizatora dzisiejszej uroczysto\u015bci, do Stowarzyszenia Wychowank\u00f3w Akademii G\u00f3rniczo \u2013 Hutniczej, reprezentowanego przez:<\/em><\/p>\n\n\n\n<ul class=\"wp-block-list\"><li><em>Prezesa Stowarzyszenia \u2013 prof. dr hab. in\u017c. Piotra Czaj\u0119,<\/em><\/li><li><em>przedstawicieli Biura Stowarzyszenia, Pani\u0105 Teres\u0119 Nosal i Pani\u0105 Paulin\u0119 Licho\u0144.<\/em><\/li><\/ul>\n\n\n\n<p>D<em>zi\u0119kujemy r\u00f3wnie\u017c:<\/em><\/p>\n\n\n\n<p><em>Wychowankom Akademii G\u00f3rniczo \u2013 Hutniczej, kt\u00f3rzy rozpocz\u0119li nauk\u0119 na naszej uczelni 50 lat temu i uczestniczyli w uroczysto\u015bci wr\u0119czenia Z\u0142otych Indeks\u00f3w, za wsp\u00f3ln\u0105 obecno\u015b\u0107 w tym podnios\u0142ym dniu.<\/em><\/p>\n\n\n\n<p><em>W imieniu swoim oraz moich Kole\u017canek i Koleg\u00f3w pragn\u0119 powiedzie\u0107, \u017ce nasz\u0105 obecno\u015bci\u0105 tutaj potwierdzamy silne wi\u0119zi jakie \u0142\u0105cz\u0105 nas z uczelni\u0105, dzi\u0119ki kt\u00f3rej uzyskali\u015bmy warto\u015bciowy i ciekawy zaw\u00f3d geodety. Wydzia\u0142 Geodezji G\u00f3rniczej i In\u017cynierii \u015arodowiska opr\u00f3cz du\u017cej ilo\u015bci wyk\u0142ad\u00f3w i \u0107wicze\u0144 oferowa\u0142 nam tak\u017ce kilka tygodni corocznych praktyk, dzi\u0119ki kt\u00f3rym mogli\u015bmy naby\u0107 umiej\u0119tno\u015bci pracy zespo\u0142owej, uczyli\u015bmy si\u0119 wzajemnego wspierania si\u0119 w trudach nauki, a dodatkowo poznawali\u015bmy dobrze nasze umiej\u0119tno\u015bci interpersonalne. To skutkuje tym, \u017ce od czasu uko\u0144czenia studi\u00f3w utrzymujemy zawodowe i prywatne relacje, a co kilka lat spotykamy si\u0119 na uroczystym \u015bwi\u0119towaniu kolejnych jubileuszy uko\u0144czenia studi\u00f3w. Cieszymy si\u0119, \u017ce tym razem jubileusz 25-lecia uda\u0142o si\u0119 po\u0142\u0105czy\u0107 z t\u0105 pi\u0119kn\u0105 uroczysto\u015bci\u0105 wr\u0119czenia <strong>SREBRNYCH DYPLOM\u00d3W<\/strong>, organizowan\u0105 przez Stowarzyszenie Wychowank\u00f3w Akademii G\u00f3rniczo \u2013 Hutniczej. Tym bardziej, \u017ce odbywa si\u0119 ona po raz pierwszy i mamy nadziej\u0119, \u017ce wsp\u00f3lnie rozpoczynamy now\u0105, pi\u0119kn\u0105 tradycj\u0119.<\/em><\/p>\n\n\n\n<p><strong><em>B<\/em><\/strong><em><strong>ardzo dzi\u0119kujemy<\/strong>. Wspania\u0142e wra\u017cenia z<\/em> <em>dzisiejszej uroczysto\u015bci pozostan\u0105 w naszej pami\u0119ci na d\u0142ugo<\/em>.<\/p>\n\n\n\n<p><em>El\u017cbieta Or\u0142owska<\/em><\/p>\n","protected":false},"excerpt":{"rendered":"<p>Napisali po Jubileuszu &#8222;Z\u0142oty Dyplom&#8221; Z\u0142oty Dyplom 2023 dla Absolwent\u00f3w 1973 8 wrze\u015bnia 2023 Szanowny Panie Profesorze, z g\u0142\u0119bi serca dzi\u0119kuj\u0119 za pi\u0119kn\u0105 uroczysto\u015b\u0107 wr\u0119czenia nam z\u0142otych dyplom\u00f3w. Taka uroczysto\u015b\u0107 zawsze wzbudza wspomnienia i refleksje,<\/p>\n","protected":false},"author":1,"featured_media":0,"parent":0,"menu_order":0,"comment_status":"closed","ping_status":"closed","template":"","meta":{"footnotes":"","_links_to":"","_links_to_target":""},"class_list":["post-5614","page","type-page","status-publish","hentry"],"_links":{"self":[{"href":"https:\/\/swagh.agh.edu.pl\/index.php?rest_route=\/wp\/v2\/pages\/5614","targetHints":{"allow":["GET"]}}],"collection":[{"href":"https:\/\/swagh.agh.edu.pl\/index.php?rest_route=\/wp\/v2\/pages"}],"about":[{"href":"https:\/\/swagh.agh.edu.pl\/index.php?rest_route=\/wp\/v2\/types\/page"}],"author":[{"embeddable":true,"href":"https:\/\/swagh.agh.edu.pl\/index.php?rest_route=\/wp\/v2\/users\/1"}],"replies":[{"embeddable":true,"href":"https:\/\/swagh.agh.edu.pl\/index.php?rest_route=%2Fwp%2Fv2%2Fcomments&post=5614"}],"version-history":[{"count":6,"href":"https:\/\/swagh.agh.edu.pl\/index.php?rest_route=\/wp\/v2\/pages\/5614\/revisions"}],"predecessor-version":[{"id":6324,"href":"https:\/\/swagh.agh.edu.pl\/index.php?rest_route=\/wp\/v2\/pages\/5614\/revisions\/6324"}],"wp:attachment":[{"href":"https:\/\/swagh.agh.edu.pl\/index.php?rest_route=%2Fwp%2Fv2%2Fmedia&parent=5614"}],"curies":[{"name":"wp","href":"https:\/\/api.w.org\/{rel}","templated":true}]}}