{"id":5625,"date":"2022-10-07T09:24:52","date_gmt":"2022-10-07T09:24:52","guid":{"rendered":"https:\/\/swagh.agh.edu.pl\/?page_id=5625"},"modified":"2023-09-22T06:15:58","modified_gmt":"2023-09-22T06:15:58","slug":"fotografie-z-uroczystosci","status":"publish","type":"page","link":"https:\/\/swagh.agh.edu.pl\/?page_id=5625","title":{"rendered":"Fotografie i relacje z poszczeg\u00f3lnych z Uroczysto\u015bci"},"content":{"rendered":"\n<h2 class=\"wp-block-heading\">2023 ROK<\/h2>\n\n\n\n<ul class=\"wp-block-list\"><li><a rel=\"noreferrer noopener\" href=\"https:\/\/foto.agh.edu.pl\/thumbnails.php?album=747\" target=\"_blank\">Fotografie Srebrny Dyplom \u2013 8 wrze\u015bnia 202<\/a>3<\/li><li><a rel=\"noreferrer noopener\" href=\"https:\/\/swagh.agh.edu.pl\/?p=6283\" target=\"_blank\">Relacja z uroczysto\u015bci wr\u0119czenia Srebrnych Dyplom\u00f3w po 25 latach \u2013 8 wrze\u015bnia 2023<\/a><\/li><li><a rel=\"noreferrer noopener\" href=\"https:\/\/foto.agh.edu.pl\/thumbnails.php?album=748\" target=\"_blank\">Fotografie Z\u0142oty Dyplom- 8 wrze\u015bnia 2023<\/a><\/li><li><a rel=\"noreferrer noopener\" href=\"https:\/\/swagh.agh.edu.pl\/?p=6283\" target=\"_blank\">Relacja z uroczysto\u015bci wr\u0119czenia Z\u0142otych Dyplom\u00f3w po 50 latach- 8 wrze\u015bnia 2023<\/a><\/li><li><a href=\"https:\/\/l.facebook.com\/l.php?u=https%3A%2F%2Fyoutu.be%2F5J2WX1IEPMk%3Fsi%3Dc9hwatg7PuuvTH-h%26fbclid%3DIwAR1emALDcbOd6n4Edjfk7J4uM_7XNcoe-Ly5RrBY6qAbIb-Wp8V9f6UBG4I&amp;h=AT0soSBOV7-PaA-GTcSAcs3OUN6GWma-IBORjS76PQk7r6ER-0EFgjft4TbZtIXN6sqM9KXd-mSKrncqagm-l8ZipGqyH5Ifpt8wo3Zoupj1ElkjfeF5uOs8eiGwK-EhALvL&amp;__tn__=%2CmH-R&amp;c[0]=AT2LRZWdV-jdJMBeui0rIcHkHNMF6HbiYqvOu0l3JE9W_nmcYlwmwpIVTVRI92QYvUI-XJ6L9rPHwEpl8Ywa5NZKM-ht1uCZxhKQK-6mK4T8G95i2vrDE95U5SCSs5GnMfRf1V08q_BQ1BMdozu4N_EzkQWauPX-UIOAUJLTAZ11q5YvU3ecBeS6P6QOTRpTMhmkLEv9BM_mmtHSERRAZg4gZpLa7-Bt3SD3WH0oqCcb8kbG-bFz\" target=\"_blank\" rel=\"noreferrer noopener\">\u017bywe wi\u0119zi Absolwent\u00f3w z AGH i Wydzia\u0142em IMiC. Relacja filmowa Pana Les\u0142awa Taczuka- Z\u0142ote Dyplomy 2023<\/a><\/li><\/ul>\n\n\n\n<h2 class=\"wp-block-heading\">2022 ROK<\/h2>\n\n\n\n<ul class=\"wp-block-list\"><li><a href=\"https:\/\/swagh.agh.edu.pl\/?p=5487&amp;customize_changeset_uuid=c4b1d2c8-1ad1-48e7-8155-94a2f387b44e&amp;customize_autosaved=on\" target=\"_blank\" rel=\"noreferrer noopener\">Relacja z uroczysto\u015bci wr\u0119czenia Z\u0142otych Dyplom\u00f3w po 50 latach- 3 wrze\u015bnia 2022<\/a><\/li><li><a rel=\"noreferrer noopener\" href=\"http:\/\/foto.agh.edu.pl\/thumbnails.php?album=712\" target=\"_blank\">Fotografie Srebrny Dyplom \u2013Wydzia\u0142 Geodezji G\u00f3rniczej i In\u017cynierii \u015arodowiska \u2013 30 wrze\u015bnia 2022<\/a><\/li><li><a rel=\"noreferrer noopener\" href=\"https:\/\/swagh.agh.edu.pl\/?p=5590&amp;customize_changeset_uuid=c4b1d2c8-1ad1-48e7-8155-94a2f387b44e&amp;customize_autosaved=on\" target=\"_blank\">Relacja z uroczysto\u015bci wr\u0119czenia Srebrnych Dyplom\u00f3w po 25 latach \u2013 30 wrze\u015bnia 2022<\/a><\/li><li><a rel=\"noreferrer noopener\" href=\"https:\/\/foto.agh.edu.pl\/thumbnails.php?album=732\" target=\"_blank\">Fotografie Z\u0142oty Dyplom- 10 grudnia 2022<\/a><\/li><li><a rel=\"noreferrer noopener\" href=\"https:\/\/swagh.agh.edu.pl\/?p=5791\" target=\"_blank\">Relacja z uroczysto\u015bci wr\u0119czenia Z\u0142otych Dyplom\u00f3w po 50 latach- 10 grudnia 2022<\/a><\/li><\/ul>\n","protected":false},"excerpt":{"rendered":"<p>2023 ROK Fotografie Srebrny Dyplom \u2013 8 wrze\u015bnia 2023 Relacja z uroczysto\u015bci wr\u0119czenia Srebrnych Dyplom\u00f3w po 25 latach \u2013 8 wrze\u015bnia 2023 Fotografie Z\u0142oty Dyplom- 8 wrze\u015bnia 2023 Relacja z uroczysto\u015bci wr\u0119czenia Z\u0142otych Dyplom\u00f3w po<\/p>\n","protected":false},"author":1,"featured_media":0,"parent":0,"menu_order":0,"comment_status":"closed","ping_status":"closed","template":"","meta":{"footnotes":"","_links_to":"","_links_to_target":""},"class_list":["post-5625","page","type-page","status-publish","hentry"],"_links":{"self":[{"href":"https:\/\/swagh.agh.edu.pl\/index.php?rest_route=\/wp\/v2\/pages\/5625","targetHints":{"allow":["GET"]}}],"collection":[{"href":"https:\/\/swagh.agh.edu.pl\/index.php?rest_route=\/wp\/v2\/pages"}],"about":[{"href":"https:\/\/swagh.agh.edu.pl\/index.php?rest_route=\/wp\/v2\/types\/page"}],"author":[{"embeddable":true,"href":"https:\/\/swagh.agh.edu.pl\/index.php?rest_route=\/wp\/v2\/users\/1"}],"replies":[{"embeddable":true,"href":"https:\/\/swagh.agh.edu.pl\/index.php?rest_route=%2Fwp%2Fv2%2Fcomments&post=5625"}],"version-history":[{"count":8,"href":"https:\/\/swagh.agh.edu.pl\/index.php?rest_route=\/wp\/v2\/pages\/5625\/revisions"}],"predecessor-version":[{"id":6307,"href":"https:\/\/swagh.agh.edu.pl\/index.php?rest_route=\/wp\/v2\/pages\/5625\/revisions\/6307"}],"wp:attachment":[{"href":"https:\/\/swagh.agh.edu.pl\/index.php?rest_route=%2Fwp%2Fv2%2Fmedia&parent=5625"}],"curies":[{"name":"wp","href":"https:\/\/api.w.org\/{rel}","templated":true}]}}