{"id":5658,"date":"2022-10-21T09:37:03","date_gmt":"2022-10-21T09:37:03","guid":{"rendered":"https:\/\/swagh.agh.edu.pl\/?page_id=5658"},"modified":"2026-04-23T11:29:38","modified_gmt":"2026-04-23T09:29:38","slug":"srebrny-dyplom-formularz-zgloszeniowy","status":"publish","type":"page","link":"https:\/\/swagh.agh.edu.pl\/?page_id=5658","title":{"rendered":"Srebrny Dyplom- Formularz Zg\u0142oszeniowy"},"content":{"rendered":"\n<h1 class=\"wp-block-heading has-text-align-center\"><a rel=\"noreferrer noopener\" href=\"https:\/\/sw.agh.edu.pl\/silver-diploma-form\" target=\"_blank\"><span class=\"has-inline-color has-primary-color\"><strong>FORMULARZ ZG\u0141OSZENIOWY<\/strong>&nbsp;<strong>NA SREBRNY DYPLOM<\/strong><\/span><\/a><\/h1>\n\n\n\n<p class=\"has-text-align-center\">Obecnie trwaj\u0105 zapisy na uroczysto\u015b\u0107 dla wszystkich, kt\u00f3rzy studia swe uko\u0144czyli w roku <strong>2001.<\/strong><br>Przewidywany termin Uroczysto\u015bci: <strong>25.09.2026 r.<\/strong><\/p>\n\n\n\n<p class=\"has-text-align-center\">Ch\u0119\u0107 udzia\u0142u w uroczysto\u015bci nale\u017cy zg\u0142osi\u0107 najp\u00f3\u017aniej do: <strong>30.06.2026 r<\/strong>.<br>Aby uczestniczy\u0107 w uroczysto\u015bci nale\u017cy wype\u0142ni\u0107 formularz.<\/p>\n\n\n\n<p><strong>OP\u0141ATY:<\/strong><br>Op\u0142ata podstawowa: (Srebrny Dyplom, fotograf, catering, i inne organizacyjne) 60 z\u0142<br>Op\u0142at\u0119 za udzia\u0142 w jubileuszu nale\u017cy wp\u0142aci\u0107 do 30.06.2026 r. na konto stowarzyszenia:<\/p>\n\n\n\n<p>odbiorca: Stowarzyszenie Wychowank\u00f3w AGH<br>PKO BP S.A. I O\/Krak\u00f3w<br><strong>91 1020 2892 0000 5002 0015 7412<\/strong><br>podaj\u0105c w tytule swoje<strong>imi\u0119 i nazwisko oraz \u201eSrebrny Dyplom\u201d.<\/strong><\/p>\n\n\n\n<p class=\"has-text-align-center\"><a href=\"https:\/\/swagh.agh.edu.pl\/?page_id=6393\">Organizatorzy Wydzia\u0142owi<\/a><\/p>\n","protected":false},"excerpt":{"rendered":"<p>FORMULARZ ZG\u0141OSZENIOWY&nbsp;NA SREBRNY DYPLOM Obecnie trwaj\u0105 zapisy na uroczysto\u015b\u0107 dla wszystkich, kt\u00f3rzy studia swe uko\u0144czyli w roku 2001.Przewidywany termin Uroczysto\u015bci: 25.09.2026 r. Ch\u0119\u0107 udzia\u0142u w uroczysto\u015bci nale\u017cy zg\u0142osi\u0107 najp\u00f3\u017aniej do: 30.06.2026 r.Aby uczestniczy\u0107 w uroczysto\u015bci<\/p>\n","protected":false},"author":1,"featured_media":0,"parent":0,"menu_order":0,"comment_status":"closed","ping_status":"closed","template":"","meta":{"footnotes":"","_links_to":"","_links_to_target":""},"class_list":["post-5658","page","type-page","status-publish","hentry"],"_links":{"self":[{"href":"https:\/\/swagh.agh.edu.pl\/index.php?rest_route=\/wp\/v2\/pages\/5658","targetHints":{"allow":["GET"]}}],"collection":[{"href":"https:\/\/swagh.agh.edu.pl\/index.php?rest_route=\/wp\/v2\/pages"}],"about":[{"href":"https:\/\/swagh.agh.edu.pl\/index.php?rest_route=\/wp\/v2\/types\/page"}],"author":[{"embeddable":true,"href":"https:\/\/swagh.agh.edu.pl\/index.php?rest_route=\/wp\/v2\/users\/1"}],"replies":[{"embeddable":true,"href":"https:\/\/swagh.agh.edu.pl\/index.php?rest_route=%2Fwp%2Fv2%2Fcomments&post=5658"}],"version-history":[{"count":12,"href":"https:\/\/swagh.agh.edu.pl\/index.php?rest_route=\/wp\/v2\/pages\/5658\/revisions"}],"predecessor-version":[{"id":8065,"href":"https:\/\/swagh.agh.edu.pl\/index.php?rest_route=\/wp\/v2\/pages\/5658\/revisions\/8065"}],"wp:attachment":[{"href":"https:\/\/swagh.agh.edu.pl\/index.php?rest_route=%2Fwp%2Fv2%2Fmedia&parent=5658"}],"curies":[{"name":"wp","href":"https:\/\/api.w.org\/{rel}","templated":true}]}}