{"id":5881,"date":"2023-01-16T09:27:39","date_gmt":"2023-01-16T09:27:39","guid":{"rendered":"https:\/\/swagh.agh.edu.pl\/?page_id=5881"},"modified":"2023-01-16T09:31:47","modified_gmt":"2023-01-16T09:31:47","slug":"zapisy-na-wyjazdy-w-2023-roku-grecja","status":"publish","type":"page","link":"https:\/\/swagh.agh.edu.pl\/?page_id=5881","title":{"rendered":"Zapisy na wyjazdy w 2023 roku- Grecja"},"content":{"rendered":"\n<p class=\"has-text-align-center\"><strong>WSPANIA\u0141E WCZASY POD OLIMPEM PO RAZ DRUGI -HOTEL REA PARALIA KATERINIS<\/strong><\/p>\n\n\n\n<p><strong>Hotel REA<\/strong>\u00a0po\u0142o\u017cony jest w miejscowo\u015bci Paralia Katerinis, kt\u00f3ra s\u0142ynie z wyr\u00f3\u017cnionych B\u0142\u0119kitn\u0105 Flag\u0105 pla\u017c. Oferuje on zakwaterowanie z wy\u017cywieniem \u015bniadanie i obiadokolacja w pokojach z\u00a0balkonem. Odleg\u0142o\u015b\u0107 od najbli\u017cszej pla\u017cy wynosi 550 metr\u00f3w. W klasyfikacji Booking.com\u00a0 osi\u0105gn\u0105\u0142 ocen\u0119\u00a0<strong>Znakomity\u00a0 9,3 \/10<\/strong><\/p>\n\n\n\n<figure class=\"wp-block-image size-full\"><a href=\"https:\/\/swagh.agh.edu.pl\/wp-content\/uploads\/2023\/01\/image-4.png\"><img loading=\"lazy\" decoding=\"async\" width=\"930\" height=\"339\" src=\"https:\/\/swagh.agh.edu.pl\/wp-content\/uploads\/2023\/01\/image-4.png\" alt=\"\" class=\"wp-image-5876\" srcset=\"https:\/\/swagh.agh.edu.pl\/wp-content\/uploads\/2023\/01\/image-4.png 930w, https:\/\/swagh.agh.edu.pl\/wp-content\/uploads\/2023\/01\/image-4-300x109.png 300w, https:\/\/swagh.agh.edu.pl\/wp-content\/uploads\/2023\/01\/image-4-768x280.png 768w\" sizes=\"auto, (max-width: 930px) 100vw, 930px\" \/><\/a><\/figure>\n\n\n\n<div class=\"wp-block-image\"><figure class=\"aligncenter size-full\"><a href=\"https:\/\/swagh.agh.edu.pl\/wp-content\/uploads\/2023\/01\/image-5.png\"><img loading=\"lazy\" decoding=\"async\" width=\"456\" height=\"261\" src=\"https:\/\/swagh.agh.edu.pl\/wp-content\/uploads\/2023\/01\/image-5.png\" alt=\"\" class=\"wp-image-5877\" srcset=\"https:\/\/swagh.agh.edu.pl\/wp-content\/uploads\/2023\/01\/image-5.png 456w, https:\/\/swagh.agh.edu.pl\/wp-content\/uploads\/2023\/01\/image-5-300x172.png 300w\" sizes=\"auto, (max-width: 456px) 100vw, 456px\" \/><\/a><\/figure><\/div>\n\n\n\n<p><strong>Stowarzyszenie Wychowank\u00f3w AGH przygotowuj\u0119 kolejn\u0105 wakacyjn\u0105 wypraw\u0119 do Grecji:<\/strong><\/p>\n\n\n\n<p><strong><span class=\"has-inline-color has-primary-color\">Za\u0142o\u017cenia:<\/span><\/strong><\/p>\n\n\n\n<p><strong>Dojazd: &nbsp;&nbsp;&nbsp;<\/strong>Przelot samolotem&nbsp; na trasie Krak\u00f3w Saloniki (wylot 8.06.12 godz. 8.35) Powr\u00f3t Saloniki Krak\u00f3w (wylot 22.06.23 godz. 11.45).<\/p>\n\n\n\n<p><strong>Turnus:&nbsp; &nbsp;&nbsp;&nbsp;&nbsp;&nbsp;&nbsp;&nbsp;&nbsp;&nbsp;<\/strong>14 dni (wylot w czwartek i powr\u00f3t w czwartek).<\/p>\n\n\n\n<p><strong>Termin: \u00a0\u00a0\u00a0\u00a0\u00a0\u00a0\u00a0\u00a0\u00a0\u00a08-22 czerwiec 2023 r.<br><span class=\"has-inline-color has-primary-color\">Koszty:<\/span><\/strong><\/p>\n\n\n\n<ul class=\"wp-block-list\"><li><strong>ok. 550 \u20ac\/osob\u0119 \u2013 p\u0142atne na miejscu po przylocie (got\u00f3wka). W tej cenie jest:&nbsp;<\/strong>Zakwaterowanie i wy\u017cywienie (\u015bniadanie i obiadokolacja), transport z lotniska i na lotnisko oraz dwie imprezy turystyczne.<\/li><li><strong>Przelot samolotem Ryanair (z baga\u017cem podr\u0119cznym i rejestrowanym)&nbsp; ok. 1000 z\u0142. \u2013&nbsp;<\/strong>ka\u017cdy uczestnik wykupuje sobie bilet samodzielnie.<\/li><li><strong>Ubezpieczenie&nbsp; od koszt\u00f3w leczenia w czasie pobytu za granic\u0105 ok. 90 z\u0142\/osob\u0119 \u2013 ka\u017cdy uczestnik ubezpiecza si\u0119 sam.<\/strong><\/li><\/ul>\n\n\n\n<p><strong><span class=\"has-inline-color has-primary-color\">Atrakcje:<\/span><\/strong><\/p>\n\n\n\n<ul class=\"wp-block-list\"><li>Pi\u0119kna pla\u017ca \u2013 500 m od hotelu<\/li><li>Mo\u017cliwe dodatkowe wycieczki fakultatywne o r\u00f3\u017cnym charakterze \u2013&nbsp;<strong>p\u0142atne dodatkowo (30-50 \u20ac)<\/strong>.<\/li><\/ul>\n\n\n\n<p>Zg\u0142oszenia elektronicznie do sekretariatu Stowarzyszenia.&nbsp;<a href=\"mailto:swagh@agh.edu.pl\">swagh@agh.edu.pl<\/a><\/p>\n\n\n\n<p>Liczba miejsc ograniczona czyli&nbsp;<strong>\u201eKto pierwszy ten lepszy\u201d<\/strong><\/p>\n","protected":false},"excerpt":{"rendered":"<p>WSPANIA\u0141E WCZASY POD OLIMPEM PO RAZ DRUGI -HOTEL REA PARALIA KATERINIS Hotel REA\u00a0po\u0142o\u017cony jest w miejscowo\u015bci Paralia Katerinis, kt\u00f3ra s\u0142ynie z wyr\u00f3\u017cnionych B\u0142\u0119kitn\u0105 Flag\u0105 pla\u017c. Oferuje on zakwaterowanie z wy\u017cywieniem \u015bniadanie i obiadokolacja w pokojach<\/p>\n","protected":false},"author":1,"featured_media":0,"parent":0,"menu_order":0,"comment_status":"closed","ping_status":"closed","template":"","meta":{"footnotes":"","_links_to":"","_links_to_target":""},"class_list":["post-5881","page","type-page","status-publish","hentry"],"_links":{"self":[{"href":"https:\/\/swagh.agh.edu.pl\/index.php?rest_route=\/wp\/v2\/pages\/5881","targetHints":{"allow":["GET"]}}],"collection":[{"href":"https:\/\/swagh.agh.edu.pl\/index.php?rest_route=\/wp\/v2\/pages"}],"about":[{"href":"https:\/\/swagh.agh.edu.pl\/index.php?rest_route=\/wp\/v2\/types\/page"}],"author":[{"embeddable":true,"href":"https:\/\/swagh.agh.edu.pl\/index.php?rest_route=\/wp\/v2\/users\/1"}],"replies":[{"embeddable":true,"href":"https:\/\/swagh.agh.edu.pl\/index.php?rest_route=%2Fwp%2Fv2%2Fcomments&post=5881"}],"version-history":[{"count":3,"href":"https:\/\/swagh.agh.edu.pl\/index.php?rest_route=\/wp\/v2\/pages\/5881\/revisions"}],"predecessor-version":[{"id":5889,"href":"https:\/\/swagh.agh.edu.pl\/index.php?rest_route=\/wp\/v2\/pages\/5881\/revisions\/5889"}],"wp:attachment":[{"href":"https:\/\/swagh.agh.edu.pl\/index.php?rest_route=%2Fwp%2Fv2%2Fmedia&parent=5881"}],"curies":[{"name":"wp","href":"https:\/\/api.w.org\/{rel}","templated":true}]}}