{"id":5914,"date":"2023-02-03T07:51:46","date_gmt":"2023-02-03T07:51:46","guid":{"rendered":"https:\/\/swagh.agh.edu.pl\/?page_id=5914"},"modified":"2025-03-25T14:26:20","modified_gmt":"2025-03-25T13:26:20","slug":"absolwent-roku","status":"publish","type":"page","link":"https:\/\/swagh.agh.edu.pl\/?page_id=5914","title":{"rendered":"Absolwent Roku"},"content":{"rendered":"\n<p class=\"has-text-align-center\"><strong>Absolwent Roku 2024<\/strong><\/p>\n\n\n\n<p class=\"has-text-align-center\"><strong>Akademii G\u00f3rniczo-Hutniczej im. Stanis\u0142awa Staszica w Krakowie<\/strong><\/p>\n\n\n\n<p class=\"has-text-align-center\"><strong>REGULAMIN KONKURSU<\/strong>&nbsp;<\/p>\n\n\n\n<p><strong>1.<\/strong>&nbsp;Tytu\u0142 Absolwenta Roku AGH przyznawany jest corocznie, pocz\u0105wszy od roku 2014 w&nbsp;konkursie organizowanym pod patronatem JM Rektora AGH przez Fundacj\u0119 dla AGH oraz Stowarzyszenie Wychowank\u00f3w AGH.<\/p>\n\n\n\n<p><strong>2.<\/strong>&nbsp;Tytu\u0142 Absolwenta Roku nadaje Kapitu\u0142a, w sk\u0142ad kt\u00f3rej wchodz\u0105: JM Rektor &#8211; prof. dr hab. in\u017c. Jerzy Lis, Przewodnicz\u0105cy Zarz\u0105du SW AGH &#8211; prof. dr hab. in\u017c. Piotr Czaja i Prezes Zarz\u0105du Fundacji dla AGH &#8211; dr in\u017c. Jerzy Kicki. Sk\u0142ad kapitu\u0142y uzupe\u0142niaj\u0105 ka\u017cdorazowo zdobywcy tytu\u0142u Absolwenta Roku.<\/p>\n\n\n\n<p><strong>3.<\/strong>&nbsp;Tytu\u0142 przyznawany jest w dw\u00f3ch kategoriach:&nbsp; <strong>Absolwent Roku 2024 AGH<\/strong>&nbsp;oraz&nbsp;<strong>Absolwent Roku 2024 AGH Junior<\/strong>&nbsp;(do 10 lat od uko\u0144czenia studi\u00f3w), za wybitne osi\u0105gni\u0119cia w pracy, dzia\u0142alno\u015bci spo\u0142ecznej, kulturalnej, sportowej i gospodarczej w kraju i poza jego granicami. W\u015br\u00f3d nominowanych do tytu\u0142u nie mog\u0105 by\u0107 aktualni pracownicy Uczelni.<\/p>\n\n\n\n<p><strong>4.<\/strong>&nbsp;Kandydatur\u0119 mo\u017ce zg\u0142osi\u0107 ka\u017cdy absolwent, pracownik b\u0105d\u017a student AGH. Nale\u017cy do dnia 28 lutego 2025 mailowo lub listownie na adres Fundacji dla AGH wskaza\u0107 kandydata wraz z kr\u00f3tkim uzasadnieniem (300 &#8211; 500 wyraz\u00f3w).<\/p>\n\n\n\n<p><strong>5.<\/strong>&nbsp;Spos\u00f3b wyboru Absolwenta Roku AGH:<\/p>\n\n\n\n<p><strong>5.1.<\/strong>&nbsp;Spo\u015br\u00f3d zg\u0142oszonych kandydatur w obu kategoriach Kapitu\u0142a wybiera zwyci\u0119zc\u00f3w poprzez g\u0142osowanie. G\u0142osowanie to mo\u017ce si\u0119 odby\u0107 podczas spotkania bezpo\u015bredniego, zdalnego lub za po\u015brednictwem poczty elektronicznej. Decyduje zwyk\u0142a wi\u0119kszo\u015b\u0107 g\u0142os\u00f3w.<br><strong>5.2.<\/strong>&nbsp;Wyniki g\u0142osowania s\u0105 tajne do dnia og\u0142oszenia, a werdykt Kapitu\u0142y jest ostateczny.<br><strong>6.<\/strong>&nbsp;Zwyci\u0119zcy Konkursu otrzymaj\u0105 statuetki okoliczno\u015bciowe, kt\u00f3re wr\u0119czone b\u0119d\u0105 podczas specjalnej uroczysto\u015bci. Rezultaty konkursu zostan\u0105 og\u0142oszone we wrze\u015bniu 2025.<\/p>\n\n\n\n<p><strong>7.<\/strong>&nbsp;Za stron\u0119 organizacyjn\u0105 zg\u0142aszania kandydat\u00f3w, nominowania i wyboru Absolwenta Roku AGH oraz uroczysto\u015bci wr\u0119czania tytu\u0142u odpowiadaj\u0105 Fundacja dla AGH oraz&nbsp; Stowarzyszenie Wychowank\u00f3w AGH.<\/p>\n\n\n\n<p><\/p>\n\n\n\n<p>* Zg\u0142oszenia nale\u017cy wys\u0142a\u0107 na adres:<br>ul. Czarnowiejska 50b\/2 Krak\u00f3w 30-054<br>lub adres poczty internetowej: <a href=\"mailto:f-agh@agh.edu.pl\">f-agh@agh.edu.pl<\/a><\/p>\n\n\n\n<p class=\"has-text-align-center\"><strong><a href=\"https:\/\/swagh.agh.edu.pl\/wp-content\/uploads\/2025\/01\/Absolwent-Roku-2024-formularz.docx\" target=\"_blank\" rel=\"noreferrer noopener\">KARTA ZG\u0141OSZENIA<\/a><\/strong><\/p>\n\n\n\n<p>Harmonogram:<\/p>\n\n\n\n<ul class=\"wp-block-list\">\n<li>Zg\u0142oszenia kandydat\u00f3w- <strong>28.02.2025 r.<\/strong><\/li>\n\n\n\n<li>Og\u0142oszenie wynik\u00f3w <strong>wrzesie\u0144 2025r.<\/strong><\/li>\n<\/ul>\n\n\n\n<p><\/p>\n\n\n\n<p>Relacja z ubieg\u0142orocznej uroczysto\u015bci wr\u0119czenia tytu\u0142u ABSOLWENT ROKU 2023 AGH I ABSOLWENT ROKU 2023 AGH JUNIOR: <a href=\"https:\/\/swagh.agh.edu.pl\/?p=7074\">\u201eWR\u0118CZENIE WYR\u00d3\u017bNIE\u0143 ABSOLWENT AGH ROKU 2023\u201d<\/a><\/p>\n","protected":false},"excerpt":{"rendered":"<p>Absolwent Roku 2024 Akademii G\u00f3rniczo-Hutniczej im. Stanis\u0142awa Staszica w Krakowie REGULAMIN KONKURSU&nbsp; 1.&nbsp;Tytu\u0142 Absolwenta Roku AGH przyznawany jest corocznie, pocz\u0105wszy od roku 2014 w&nbsp;konkursie organizowanym pod patronatem JM Rektora AGH przez Fundacj\u0119 dla AGH oraz<\/p>\n","protected":false},"author":1,"featured_media":0,"parent":0,"menu_order":0,"comment_status":"closed","ping_status":"closed","template":"","meta":{"footnotes":"","_links_to":"","_links_to_target":""},"class_list":["post-5914","page","type-page","status-publish","hentry"],"_links":{"self":[{"href":"https:\/\/swagh.agh.edu.pl\/index.php?rest_route=\/wp\/v2\/pages\/5914","targetHints":{"allow":["GET"]}}],"collection":[{"href":"https:\/\/swagh.agh.edu.pl\/index.php?rest_route=\/wp\/v2\/pages"}],"about":[{"href":"https:\/\/swagh.agh.edu.pl\/index.php?rest_route=\/wp\/v2\/types\/page"}],"author":[{"embeddable":true,"href":"https:\/\/swagh.agh.edu.pl\/index.php?rest_route=\/wp\/v2\/users\/1"}],"replies":[{"embeddable":true,"href":"https:\/\/swagh.agh.edu.pl\/index.php?rest_route=%2Fwp%2Fv2%2Fcomments&post=5914"}],"version-history":[{"count":14,"href":"https:\/\/swagh.agh.edu.pl\/index.php?rest_route=\/wp\/v2\/pages\/5914\/revisions"}],"predecessor-version":[{"id":7348,"href":"https:\/\/swagh.agh.edu.pl\/index.php?rest_route=\/wp\/v2\/pages\/5914\/revisions\/7348"}],"wp:attachment":[{"href":"https:\/\/swagh.agh.edu.pl\/index.php?rest_route=%2Fwp%2Fv2%2Fmedia&parent=5914"}],"curies":[{"name":"wp","href":"https:\/\/api.w.org\/{rel}","templated":true}]}}