{"id":5960,"date":"2023-02-10T11:07:43","date_gmt":"2023-02-10T11:07:43","guid":{"rendered":"https:\/\/swagh.agh.edu.pl\/?page_id=5960"},"modified":"2023-03-10T12:37:09","modified_gmt":"2023-03-10T12:37:09","slug":"panteon-dobroczynnosci","status":"publish","type":"page","link":"https:\/\/swagh.agh.edu.pl\/?page_id=5960","title":{"rendered":"Panteon Dobroczynno\u015bci"},"content":{"rendered":"\n<p class=\"has-text-align-center\"><span style=\"color:#126487\" class=\"has-inline-color\"><strong><em>&#8222;Wi\u0119cej szcz\u0119\u015b<\/em><\/strong><\/span><span style=\"color:#0c6890\" class=\"has-inline-color\"><strong><em>cia jest w dawaniu, ani\u017celi w braniu&#8221;<\/em><\/strong><em>. Id\u0105c za wewn\u0119trznym przynagleniem, by czyni\u0107 dar z siebie niczego w zamian nie oczekuj\u0105c, wierz\u0105cy do\u015bwiadcza g\u0142\u0119bokiej duchowej satysfakcji<\/em>.<\/span><\/p>\n\n\n\n<p class=\"has-text-align-right\"><em><span style=\"color:#1476a0\" class=\"has-inline-color\">Or\u0119dzie Ojca \u015awi\u0119tego Jana Paw\u0142a II na Wielki Post 20<\/span><span style=\"color:#0c82b4\" class=\"has-inline-color\">03<\/span><\/em><\/p>\n\n\n\n<p>Jednym z podstawowych cel\u00f3w powstania Stowarzyszenia Wychowank\u00f3w AGH w 1945 roku by\u0142a potrzeba pomagania potrzebuj\u0105cym, g\u0142\u00f3wnie poszkodowanym przez okrutn\u0105&nbsp; drug\u0105 wojn\u0119 \u015bwiatow\u0105. Cho\u0107 dzisiaj nie ma ju\u017c ofiar wojny, ale s\u0105 osoby, kt\u00f3re ci\u0105gle wymagaj\u0105 wsparcia. Cel ten realizowany jest do dzisiaj dzi\u0119ki &#8211; mi\u0119dzy innymi &#8211; naszym wspania\u0142ym ofiarodawcom, kt\u00f3rzy przekazuj\u0105 nam swoje prywatne&nbsp; \u015brodki, aby wesprze\u0107 t\u0119 szlachetn\u0105 dzia\u0142alno\u015b\u0107 .<\/p>\n\n\n\n<p>Poni\u017cej publikujemy nasz PANTEON DOBROCZYNNO\u015aCI ukazuj\u0105c w nim nazwiska os\u00f3b, kt\u00f3re podarowa\u0142y nam okre\u015blone \u015brodki na cele charytatywne. Wszystkim ofiarodawcom serdecznie dzi\u0119kujemy i&nbsp;\u017cyczymy z ca\u0142ego serca, aby w tej szlachetnej dzia\u0142alno\u015bci<\/p>\n\n\n\n<p class=\"has-text-align-center\"><strong><em>\u201edo\u015bwiadczali<\/em> <em>g\u0142\u0119bokiej duchowej satysfakcji\u201d<\/em><\/strong><\/p>\n\n\n\n<div class=\"wp-block-image\"><figure class=\"aligncenter size-large is-resized\"><a href=\"https:\/\/swagh.agh.edu.pl\/wp-content\/uploads\/2023\/03\/Panteon-dobroczynnosci-1-1-1.jpg\"><img loading=\"lazy\" decoding=\"async\" src=\"https:\/\/swagh.agh.edu.pl\/wp-content\/uploads\/2023\/03\/Panteon-dobroczynnosci-1-1-1-724x1024.jpg\" alt=\"\" class=\"wp-image-6015\" width=\"805\" height=\"1138\" srcset=\"https:\/\/swagh.agh.edu.pl\/wp-content\/uploads\/2023\/03\/Panteon-dobroczynnosci-1-1-1-724x1024.jpg 724w, https:\/\/swagh.agh.edu.pl\/wp-content\/uploads\/2023\/03\/Panteon-dobroczynnosci-1-1-1-212x300.jpg 212w, https:\/\/swagh.agh.edu.pl\/wp-content\/uploads\/2023\/03\/Panteon-dobroczynnosci-1-1-1-768x1086.jpg 768w, https:\/\/swagh.agh.edu.pl\/wp-content\/uploads\/2023\/03\/Panteon-dobroczynnosci-1-1-1-1086x1536.jpg 1086w, https:\/\/swagh.agh.edu.pl\/wp-content\/uploads\/2023\/03\/Panteon-dobroczynnosci-1-1-1-1448x2048.jpg 1448w, https:\/\/swagh.agh.edu.pl\/wp-content\/uploads\/2023\/03\/Panteon-dobroczynnosci-1-1-1.jpg 1654w\" sizes=\"auto, (max-width: 805px) 100vw, 805px\" \/><\/a><\/figure><\/div>\n","protected":false},"excerpt":{"rendered":"<p>&#8222;Wi\u0119cej szcz\u0119\u015bcia jest w dawaniu, ani\u017celi w braniu&#8221;. Id\u0105c za wewn\u0119trznym przynagleniem, by czyni\u0107 dar z siebie niczego w zamian nie oczekuj\u0105c, wierz\u0105cy do\u015bwiadcza g\u0142\u0119bokiej duchowej satysfakcji. Or\u0119dzie Ojca \u015awi\u0119tego Jana Paw\u0142a II na Wielki<\/p>\n","protected":false},"author":1,"featured_media":0,"parent":0,"menu_order":0,"comment_status":"closed","ping_status":"closed","template":"","meta":{"footnotes":"","_links_to":"","_links_to_target":""},"class_list":["post-5960","page","type-page","status-publish","hentry"],"_links":{"self":[{"href":"https:\/\/swagh.agh.edu.pl\/index.php?rest_route=\/wp\/v2\/pages\/5960","targetHints":{"allow":["GET"]}}],"collection":[{"href":"https:\/\/swagh.agh.edu.pl\/index.php?rest_route=\/wp\/v2\/pages"}],"about":[{"href":"https:\/\/swagh.agh.edu.pl\/index.php?rest_route=\/wp\/v2\/types\/page"}],"author":[{"embeddable":true,"href":"https:\/\/swagh.agh.edu.pl\/index.php?rest_route=\/wp\/v2\/users\/1"}],"replies":[{"embeddable":true,"href":"https:\/\/swagh.agh.edu.pl\/index.php?rest_route=%2Fwp%2Fv2%2Fcomments&post=5960"}],"version-history":[{"count":6,"href":"https:\/\/swagh.agh.edu.pl\/index.php?rest_route=\/wp\/v2\/pages\/5960\/revisions"}],"predecessor-version":[{"id":6016,"href":"https:\/\/swagh.agh.edu.pl\/index.php?rest_route=\/wp\/v2\/pages\/5960\/revisions\/6016"}],"wp:attachment":[{"href":"https:\/\/swagh.agh.edu.pl\/index.php?rest_route=%2Fwp%2Fv2%2Fmedia&parent=5960"}],"curies":[{"name":"wp","href":"https:\/\/api.w.org\/{rel}","templated":true}]}}