{"id":599,"date":"2012-10-04T10:18:52","date_gmt":"2012-10-04T10:18:52","guid":{"rendered":"http:\/\/galaxy.agh.edu.pl\/~swagh\/?page_id=599"},"modified":"2024-09-19T12:23:30","modified_gmt":"2024-09-19T10:23:30","slug":"wnioski-do-pobrania","status":"publish","type":"page","link":"https:\/\/swagh.agh.edu.pl\/?page_id=599","title":{"rendered":"Pliki do pobrania"},"content":{"rendered":"<ul>\n<li><span style=\"color: #000000;\"><a style=\"color: #000000;\" href=\"https:\/\/swagh.agh.edu.pl\/wp-content\/uploads\/2021\/11\/DEKLARACJA_CZLONKOWSKA.doc\">Deklaracja cz\u0142onkowska<\/a><\/span><\/li>\n<li><a href=\"https:\/\/swagh.agh.edu.pl\/wp-content\/uploads\/2021\/10\/kwestionariusz-zapomoga.doc\" target=\"_blank\" rel=\"noopener\"><span style=\"color: #000000;\">Kwestionariusz do uzyskania zapomogi kole\u017ce\u0144skiej SW AGH<\/span><\/a><\/li>\n<li><span style=\"color: #000000;\"><a style=\"color: #000000;\" href=\"https:\/\/swagh.agh.edu.pl\/wp-content\/uploads\/2020\/12\/WNIOSEK-O-NADANIE_godno\u015bci-z-rodo.docx\" target=\"_blank\" rel=\"noopener noreferrer\">Wniosek o nadanie Godno\u015bci Cz\u0142onka Honorowego SW AGH<\/a><\/span><\/li>\n<li><span style=\"color: #000000;\"><a style=\"color: #000000;\" href=\"https:\/\/swagh.agh.edu.pl\/wp-content\/uploads\/2024\/09\/Odznaka-Honorowa-Zasluzony-dla-SW-AGH.docx\" target=\"_blank\" rel=\"noopener noreferrer\">Wniosek o przyznanie <span style=\"font-size: 1rem;\">odznaki honorowej \u201eZas\u0142u\u017cony dla Stowarzyszenia Wychowank\u00f3w AGH\u201d<\/span><\/a><\/span><\/li>\n<\/ul>\n\n\n<p><\/p>\n","protected":false},"excerpt":{"rendered":"<p>Deklaracja cz\u0142onkowska Kwestionariusz do uzyskania zapomogi kole\u017ce\u0144skiej SW AGH Wniosek o nadanie Godno\u015bci Cz\u0142onka Honorowego SW AGH Wniosek o przyznanie odznaki honorowej \u201eZas\u0142u\u017cony dla Stowarzyszenia Wychowank\u00f3w AGH\u201d<\/p>\n","protected":false},"author":1,"featured_media":0,"parent":0,"menu_order":0,"comment_status":"closed","ping_status":"open","template":"","meta":{"footnotes":"","_links_to":"","_links_to_target":""},"class_list":["post-599","page","type-page","status-publish","hentry"],"_links":{"self":[{"href":"https:\/\/swagh.agh.edu.pl\/index.php?rest_route=\/wp\/v2\/pages\/599","targetHints":{"allow":["GET"]}}],"collection":[{"href":"https:\/\/swagh.agh.edu.pl\/index.php?rest_route=\/wp\/v2\/pages"}],"about":[{"href":"https:\/\/swagh.agh.edu.pl\/index.php?rest_route=\/wp\/v2\/types\/page"}],"author":[{"embeddable":true,"href":"https:\/\/swagh.agh.edu.pl\/index.php?rest_route=\/wp\/v2\/users\/1"}],"replies":[{"embeddable":true,"href":"https:\/\/swagh.agh.edu.pl\/index.php?rest_route=%2Fwp%2Fv2%2Fcomments&post=599"}],"version-history":[{"count":45,"href":"https:\/\/swagh.agh.edu.pl\/index.php?rest_route=\/wp\/v2\/pages\/599\/revisions"}],"predecessor-version":[{"id":6872,"href":"https:\/\/swagh.agh.edu.pl\/index.php?rest_route=\/wp\/v2\/pages\/599\/revisions\/6872"}],"wp:attachment":[{"href":"https:\/\/swagh.agh.edu.pl\/index.php?rest_route=%2Fwp%2Fv2%2Fmedia&parent=599"}],"curies":[{"name":"wp","href":"https:\/\/api.w.org\/{rel}","templated":true}]}}