{"id":6393,"date":"2023-10-12T09:04:34","date_gmt":"2023-10-12T09:04:34","guid":{"rendered":"https:\/\/swagh.agh.edu.pl\/?page_id=6393"},"modified":"2026-03-25T10:20:29","modified_gmt":"2026-03-25T09:20:29","slug":"organizatorzy-wydzialowi-srebrny-dyplom","status":"publish","type":"page","link":"https:\/\/swagh.agh.edu.pl\/?page_id=6393","title":{"rendered":"Organizatorzy Wydzia\u0142owi Srebrny Dyplom"},"content":{"rendered":"\n<h1 class=\"wp-block-heading\">KONTAKT Z ORGANIZATORAMI<\/h1>\n\n\n\n<p><strong>Kontakt do Stowarzyszenia Wychowank\u00f3w AGH:<\/strong><\/p>\n\n\n\n<p>Koordynatorzy uroczysto\u015bci <strong>\u201eSREBRNY DYPLOM\u201d:<\/strong><\/p>\n\n\n\n<p>mgr Paulina Licho\u0144, mgr in\u017c. Zbigniew Sulima<br>telefon: 12-617-32-84<br>e-mail:\u00a0<a href=\"mailto:swagh@agh.edu.pl\">swagh@agh.edu.pl<\/a><\/p>\n\n\n\n<hr class=\"wp-block-separator has-css-opacity\"\/>\n\n\n\n<p><strong>Kontakt do organizator\u00f3w Jubileuszu \u201eSREBRNY DYPLOM\u201d z rocznika 2001 na wydzia\u0142ach:<\/strong><\/p>\n\n\n\n<figure class=\"wp-block-table\"><table><tbody><tr><td><strong>Wydzia\u0142<\/strong><\/td><td class=\"has-text-align-center\" data-align=\"center\"><strong>Organizator Wydzia\u0142owy Jubileuszu 202<\/strong>6<\/td><td><strong>kontakt<\/strong><\/td><\/tr><tr><td><strong><a rel=\"noreferrer noopener\" href=\"https:\/\/www.agh.edu.pl\/wydzialy\/wydzial-inzynierii-ladowej-i-gospodarki-zasobami\/\" target=\"_blank\">In\u017cynierii L\u0105dowej i Gospodarki Zasobami<\/a><\/strong><strong><a rel=\"noreferrer noopener\" href=\"https:\/\/www.agh.edu.pl\/wydzialy-i-podstawowe-jednostki-organizacyjne\/wydzial-gornictwa-i-geoinzynierii\/\" target=\"_blank\"><strong>(wcze\u015bniej G\u00f3rnic<\/strong>zy)<\/a><\/strong><\/td><td class=\"has-text-align-center\" data-align=\"center\">Edyta Brzychczy<br>(dotyczy tylko ZiM<\/td><td><a href=\"mailto:brzych3@agh.edu.pl\">brzych3@agh.edu.pl<\/a><\/td><\/tr><tr><td><strong><a href=\"https:\/\/www.agh.edu.pl\/wydzial-geologii-geofizyki-iochrony-srodowiska\/\" target=\"_blank\" rel=\"noreferrer noopener\">Geologii, Geofizyki i&nbsp;Ochrony \u015arodowiska<\/a><\/strong><\/td><td class=\"has-text-align-center\" data-align=\"center\"><\/td><td><\/td><\/tr><tr><td><strong><a href=\"https:\/\/www.agh.edu.pl\/wydzial-geodezji-gorniczej-iinzynierii-srodowiska\/\" target=\"_blank\" rel=\"noreferrer noopener\">Geodezji G\u00f3rniczej i&nbsp;In\u017cynierii \u015arodowiska<\/a><\/strong><\/td><td class=\"has-text-align-center\" data-align=\"center\"><\/td><td><\/td><\/tr><tr><td><strong><a href=\"https:\/\/www.agh.edu.pl\/wydzialy-i-podstawowe-jednostki-organizacyjne\/wydzial-wiertnictwa-nafty-i-gazu\/\" target=\"_blank\" rel=\"noreferrer noopener\">Wiertnictwa, Nafty i Gazu<\/a><\/strong><\/td><td class=\"has-text-align-center\" data-align=\"center\">Aldona Stochaj<\/td><td><a href=\"mailto:aldiczek@poczta.onet.pl\">aldiczek@poczta.onet.pl<\/a><\/td><\/tr><tr><td><strong><a href=\"https:\/\/www.metal.agh.edu.pl\/\" target=\"_blank\" rel=\"noreferrer noopener\">In\u017cynierii Metali i Informatyki Przemys\u0142owej<\/a><\/strong><\/td><td class=\"has-text-align-center\" data-align=\"center\"><\/td><td>&nbsp;<\/td><\/tr><tr><td><strong><a rel=\"noreferrer noopener\" href=\"https:\/\/www.agh.edu.pl\/wydzialy-i-podstawowe-jednostki-organizacyjne\/wydzial-wiertnictwa-nafty-i-gazu\/\" target=\"_blank\">Odlewnictwa<\/a><\/strong><\/td><td class=\"has-text-align-center\" data-align=\"center\"><\/td><td><\/td><\/tr><tr><td><strong><a rel=\"noreferrer noopener\" href=\"https:\/\/www.agh.edu.pl\/wydzialy\/wydzial-metali-niezelaznych\/\" target=\"_blank\">Metali Nie\u017celaznych<\/a><\/strong><\/td><td class=\"has-text-align-center\" data-align=\"center\"><\/td><td><\/td><\/tr><tr><td><strong><a href=\"https:\/\/www.eaiib.agh.edu.pl\/\" target=\"_blank\" rel=\"noreferrer noopener\">Elektrotechniki, Automatyki, Informatyki i In\u017cynierii Biomedycznej<\/a><\/strong><\/td><td class=\"has-text-align-center\" data-align=\"center\"><\/td><td><\/td><\/tr><tr><td><strong><a rel=\"noreferrer noopener\" href=\"https:\/\/www.agh.edu.pl\/wydzialy\/wydzial-inzynierii-materialowej-i-ceramiki\/\" target=\"_blank\">In\u017cynierii Materia\u0142owej i Ceramiki<\/a><\/strong><\/td><td class=\"has-text-align-center\" data-align=\"center\"><\/td><td><\/td><\/tr><tr><td><a rel=\"noreferrer noopener\" href=\"https:\/\/imir.agh.edu.pl\/\" target=\"_blank\"><strong>In\u017cynierii Mechanicznej i Robotyki<\/strong><\/a><\/td><td class=\"has-text-align-center\" data-align=\"center\"><\/td><td><\/td><\/tr><tr><td><a rel=\"noreferrer noopener\" href=\"https:\/\/www.zarz.agh.edu.pl\/\" target=\"_blank\"><strong>Zarz\u0105dzania<\/strong><\/a><\/td><td class=\"has-text-align-center\" data-align=\"center\">Anna Dubel<br>Agnieszka Kuc<\/td><td><a href=\"mailto:adubel@agh.edu.pl\">adubel@agh.edu.pl<\/a><br><a href=\"mailto:agnieszka@fkf.com.pl\">agnieszka@fkf.com.pl<\/a><\/td><\/tr><tr><td><a href=\"https:\/\/www.fis.agh.edu.pl\/\" target=\"_blank\" rel=\"noreferrer noopener\"><strong>Fizyki i Informatyki Stosowanej<\/strong><\/a><\/td><td class=\"has-text-align-center\" data-align=\"center\"><\/td><\/tr><\/tbody><\/table><\/figure>\n","protected":false},"excerpt":{"rendered":"<p>KONTAKT Z ORGANIZATORAMI Kontakt do Stowarzyszenia Wychowank\u00f3w AGH: Koordynatorzy uroczysto\u015bci \u201eSREBRNY DYPLOM\u201d: mgr Paulina Licho\u0144, mgr in\u017c. Zbigniew Sulimatelefon: 12-617-32-84e-mail:\u00a0swagh@agh.edu.pl Kontakt do organizator\u00f3w Jubileuszu \u201eSREBRNY DYPLOM\u201d z rocznika 2001 na wydzia\u0142ach: Wydzia\u0142 Organizator Wydzia\u0142owy Jubileuszu<\/p>\n","protected":false},"author":1,"featured_media":0,"parent":0,"menu_order":0,"comment_status":"closed","ping_status":"closed","template":"","meta":{"footnotes":"","_links_to":"","_links_to_target":""},"class_list":["post-6393","page","type-page","status-publish","hentry"],"_links":{"self":[{"href":"https:\/\/swagh.agh.edu.pl\/index.php?rest_route=\/wp\/v2\/pages\/6393","targetHints":{"allow":["GET"]}}],"collection":[{"href":"https:\/\/swagh.agh.edu.pl\/index.php?rest_route=\/wp\/v2\/pages"}],"about":[{"href":"https:\/\/swagh.agh.edu.pl\/index.php?rest_route=\/wp\/v2\/types\/page"}],"author":[{"embeddable":true,"href":"https:\/\/swagh.agh.edu.pl\/index.php?rest_route=\/wp\/v2\/users\/1"}],"replies":[{"embeddable":true,"href":"https:\/\/swagh.agh.edu.pl\/index.php?rest_route=%2Fwp%2Fv2%2Fcomments&post=6393"}],"version-history":[{"count":23,"href":"https:\/\/swagh.agh.edu.pl\/index.php?rest_route=\/wp\/v2\/pages\/6393\/revisions"}],"predecessor-version":[{"id":7988,"href":"https:\/\/swagh.agh.edu.pl\/index.php?rest_route=\/wp\/v2\/pages\/6393\/revisions\/7988"}],"wp:attachment":[{"href":"https:\/\/swagh.agh.edu.pl\/index.php?rest_route=%2Fwp%2Fv2%2Fmedia&parent=6393"}],"curies":[{"name":"wp","href":"https:\/\/api.w.org\/{rel}","templated":true}]}}