{"id":6394,"date":"2023-10-12T09:04:34","date_gmt":"2023-10-12T09:04:34","guid":{"rendered":"https:\/\/swagh.agh.edu.pl\/?page_id=6394"},"modified":"2026-03-25T10:19:32","modified_gmt":"2026-03-25T09:19:32","slug":"organizatorzy-wydzialowi-zloty-dyplom","status":"publish","type":"page","link":"https:\/\/swagh.agh.edu.pl\/?page_id=6394","title":{"rendered":"Organizatorzy Wydzia\u0142owi Z\u0142oty Dyplom"},"content":{"rendered":"\n<h1 class=\"wp-block-heading\">KONTAKT Z ORGANIZATORAMI<\/h1>\n\n\n\n<p><strong>Kontakt do Stowarzyszenia Wychowank\u00f3w AGH:<\/strong><\/p>\n\n\n\n<p>Koordynatorzy uroczysto\u015bci <strong>\u201eZ\u0142oty Dyplom\u201d<\/strong>:<\/p>\n\n\n\n<p>mgr Paulina Licho\u0144, mgr in\u017c. Zbigniew Sulima<br>telefon: 12-617-32-84<br>e-mail:\u00a0<a href=\"mailto:swagh@agh.edu.pl\">swagh@agh.edu.pl<\/a><\/p>\n\n\n\n<hr class=\"wp-block-separator has-css-opacity\"\/>\n\n\n\n<p><strong>Kontakt do organizator\u00f3w Jubileuszu \u201eZ\u0141OTY DYPLOM\u201d z rocznika 1976 na wydzia\u0142ach:<\/strong><\/p>\n\n\n\n<figure class=\"wp-block-table\"><table><tbody><tr><td class=\"has-text-align-center\" data-align=\"center\"><strong>Wydzia\u0142<\/strong><\/td><td class=\"has-text-align-center\" data-align=\"center\"><strong>Organizator Wydzia\u0142owy Jubileuszu 2026<\/strong><\/td><td class=\"has-text-align-center\" data-align=\"center\"><strong>kontakt<\/strong><\/td><\/tr><tr><td class=\"has-text-align-center\" data-align=\"center\"><strong><a rel=\"noreferrer noopener\" href=\"https:\/\/www.agh.edu.pl\/wydzialy\/wydzial-inzynierii-ladowej-i-gospodarki-zasobami\/\" target=\"_blank\">In\u017cynierii L\u0105dowej i Gospodarki Zasobami<\/a><a href=\"https:\/\/www.agh.edu.pl\/wydzialy-i-podstawowe-jednostki-organizacyjne\/wydzial-gornictwa-i-geoinzynierii\/\" target=\"_blank\" rel=\"noreferrer noopener\"><strong>(wcze\u015bniej G\u00f3rni<\/strong>czy)<\/a><\/strong><\/td><td class=\"has-text-align-center\" data-align=\"center\"><\/td><td class=\"has-text-align-center\" data-align=\"center\"><\/td><\/tr><tr><td class=\"has-text-align-center\" data-align=\"center\"><strong><a href=\"https:\/\/www.agh.edu.pl\/wydzial-geologii-geofizyki-iochrony-srodowiska\/\" target=\"_blank\" rel=\"noreferrer noopener\">Geologii, Geofizyki i&nbsp;Ochrony \u015arodowiska<\/a><\/strong><\/td><td class=\"has-text-align-center\" data-align=\"center\">Lucyna Natkaniec<br>Gra\u017cyna Semyrka<\/td><td class=\"has-text-align-center\" data-align=\"center\"><a href=\"mailto:natkan@agh.edu.pl\">natkan@agh.edu.pl<\/a><br><a href=\"mailto:grazyna.semyrka@gmail.com\">grazyna.semyrka@gmail.com<\/a><\/td><\/tr><tr><td class=\"has-text-align-center\" data-align=\"center\"><strong><a href=\"https:\/\/www.agh.edu.pl\/wydzial-geodezji-gorniczej-iinzynierii-srodowiska\/\" target=\"_blank\" rel=\"noreferrer noopener\">Geodezji G\u00f3rniczej i&nbsp;In\u017cynierii \u015arodowiska<\/a><\/strong><\/td><td class=\"has-text-align-center\" data-align=\"center\">Roman Sroczy\u0144ski<\/td><td class=\"has-text-align-center\" data-align=\"center\"><a href=\"mailto:rjs75@interia.pl\">rjs75@interia.pl<\/a><\/td><\/tr><tr><td class=\"has-text-align-center\" data-align=\"center\"><strong><a href=\"https:\/\/www.agh.edu.pl\/wydzialy-i-podstawowe-jednostki-organizacyjne\/wydzial-wiertnictwa-nafty-i-gazu\/\" target=\"_blank\" rel=\"noreferrer noopener\">Wiertnictwa, Nafty i Gazu<\/a><\/strong><\/td><td class=\"has-text-align-center\" data-align=\"center\">Ryszard \u0141yczak<\/td><td class=\"has-text-align-center\" data-align=\"center\"><a href=\"mailto:rjlyczak@gmail.com\">rjlyczak@gmail.com<\/a><\/td><\/tr><tr><td class=\"has-text-align-center\" data-align=\"center\"><strong><a href=\"https:\/\/www.metal.agh.edu.pl\/\" target=\"_blank\" rel=\"noreferrer noopener\">In\u017cynierii Metali i Informatyki Przemys\u0142owej<\/a><\/strong><\/td><td class=\"has-text-align-center\" data-align=\"center\">Ewa Kalita&nbsp;<\/td><td class=\"has-text-align-center\" data-align=\"center\"><a href=\"mailto:ekalita@wp.pl\">ekalita@wp.pl<\/a><\/td><\/tr><tr><td class=\"has-text-align-center\" data-align=\"center\"><strong><a rel=\"noreferrer noopener\" href=\"https:\/\/www.agh.edu.pl\/wydzialy-i-podstawowe-jednostki-organizacyjne\/wydzial-wiertnictwa-nafty-i-gazu\/\" target=\"_blank\">Odlewnictwa<\/a><\/strong><\/td><td class=\"has-text-align-center\" data-align=\"center\">Ryszard Skoczylas<\/td><td class=\"has-text-align-center\" data-align=\"center\"><a href=\"mailto:ryszard.skoczylas@kom-odlew.pl\">ryszard.skoczylas@kom-odlew.pl<\/a><br>tel. 601 436 327<\/td><\/tr><tr><td class=\"has-text-align-center\" data-align=\"center\"><strong><a rel=\"noreferrer noopener\" href=\"https:\/\/www.agh.edu.pl\/wydzialy\/wydzial-metali-niezelaznych\/\" target=\"_blank\">Metali Nie\u017celaznych<\/a><\/strong><\/td><td class=\"has-text-align-center\" data-align=\"center\">Zbigniew Borowiec<\/td><td class=\"has-text-align-center\" data-align=\"center\"><a href=\"mailto:zborowiec1952@wp.pl\">zborowiec1952@wp.pl<\/a><\/td><\/tr><tr><td class=\"has-text-align-center\" data-align=\"center\"><strong><a href=\"https:\/\/www.eaiib.agh.edu.pl\/\" target=\"_blank\" rel=\"noreferrer noopener\">Elektrotechniki, Automatyki, Informatyki i In\u017cynierii Biomedycznej<\/a><\/strong><\/td><td class=\"has-text-align-center\" data-align=\"center\"><\/td><td class=\"has-text-align-center\" data-align=\"center\"><\/td><\/tr><tr><td class=\"has-text-align-center\" data-align=\"center\"><strong><a rel=\"noreferrer noopener\" href=\"https:\/\/www.agh.edu.pl\/wydzialy\/wydzial-inzynierii-materialowej-i-ceramiki\/\" target=\"_blank\">In\u017cynierii Materia\u0142owej i Ceramiki<\/a><\/strong> <\/td><td class=\"has-text-align-center\" data-align=\"center\">Stefan Makles<\/td><td class=\"has-text-align-center\" data-align=\"center\"><a href=\"mailto:stefan.makles@wp.pl\">stefan.makles@wp.pl<\/a><\/td><\/tr><tr><td class=\"has-text-align-center\" data-align=\"center\"><a rel=\"noreferrer noopener\" href=\"https:\/\/imir.agh.edu.pl\/\" target=\"_blank\"><strong>In\u017cynierii Mechanicznej i Robotyki<\/strong> <\/a><\/td><td class=\"has-text-align-center\" data-align=\"center\"><\/td><td class=\"has-text-align-center\" data-align=\"center\"><\/td><\/tr><\/tbody><\/table><\/figure>\n\n\n\n<p><\/p>\n","protected":false},"excerpt":{"rendered":"<p>KONTAKT Z ORGANIZATORAMI Kontakt do Stowarzyszenia Wychowank\u00f3w AGH: Koordynatorzy uroczysto\u015bci \u201eZ\u0142oty Dyplom\u201d: mgr Paulina Licho\u0144, mgr in\u017c. Zbigniew Sulimatelefon: 12-617-32-84e-mail:\u00a0swagh@agh.edu.pl Kontakt do organizator\u00f3w Jubileuszu \u201eZ\u0141OTY DYPLOM\u201d z rocznika 1976 na wydzia\u0142ach: Wydzia\u0142 Organizator Wydzia\u0142owy Jubileuszu<\/p>\n","protected":false},"author":1,"featured_media":0,"parent":0,"menu_order":0,"comment_status":"closed","ping_status":"closed","template":"","meta":{"footnotes":"","_links_to":"","_links_to_target":""},"class_list":["post-6394","page","type-page","status-publish","hentry"],"_links":{"self":[{"href":"https:\/\/swagh.agh.edu.pl\/index.php?rest_route=\/wp\/v2\/pages\/6394","targetHints":{"allow":["GET"]}}],"collection":[{"href":"https:\/\/swagh.agh.edu.pl\/index.php?rest_route=\/wp\/v2\/pages"}],"about":[{"href":"https:\/\/swagh.agh.edu.pl\/index.php?rest_route=\/wp\/v2\/types\/page"}],"author":[{"embeddable":true,"href":"https:\/\/swagh.agh.edu.pl\/index.php?rest_route=\/wp\/v2\/users\/1"}],"replies":[{"embeddable":true,"href":"https:\/\/swagh.agh.edu.pl\/index.php?rest_route=%2Fwp%2Fv2%2Fcomments&post=6394"}],"version-history":[{"count":27,"href":"https:\/\/swagh.agh.edu.pl\/index.php?rest_route=\/wp\/v2\/pages\/6394\/revisions"}],"predecessor-version":[{"id":7987,"href":"https:\/\/swagh.agh.edu.pl\/index.php?rest_route=\/wp\/v2\/pages\/6394\/revisions\/7987"}],"wp:attachment":[{"href":"https:\/\/swagh.agh.edu.pl\/index.php?rest_route=%2Fwp%2Fv2%2Fmedia&parent=6394"}],"curies":[{"name":"wp","href":"https:\/\/api.w.org\/{rel}","templated":true}]}}