{"id":76,"date":"2011-07-23T13:03:37","date_gmt":"2011-07-23T13:03:37","guid":{"rendered":"http:\/\/localhost\/swagh\/?page_id=76"},"modified":"2021-10-15T08:26:06","modified_gmt":"2021-10-15T08:26:06","slug":"organizacja-pozytku-publicznego","status":"publish","type":"page","link":"https:\/\/swagh.agh.edu.pl\/?page_id=76","title":{"rendered":"Organizacja po\u017cytku publicznego"},"content":{"rendered":"<table border=\"1\" cellspacing=\"0\" cellpadding=\"1\" align=\"center\">\n<tbody>\n<tr valign=\"middle\">\n<td align=\"right\" width=\"50%\">numer KRS organizacji po\u017cytku publicznego :<\/td>\n<td width=\"50%\">0000084696<\/td>\n<\/tr>\n<tr valign=\"middle\">\n<td align=\"right\" valign=\"middle\">nazwa organizacji po\u017cytku publicznego :<\/td>\n<td width=\"50%\">STOWARZYSZENIE WYCHOWANK\u00d3W AKADEMII G\u00d3RNICZO &#8211; HUTNICZEJ IM. STANIS\u0141AWA STASZICA W KRAKOWIE<\/td>\n<\/tr>\n<tr valign=\"middle\">\n<td align=\"right\" valign=\"middle\">adres strony WWW :<\/td>\n<td width=\"50%\">\u00a0swagh.agh.edu.pl<\/td>\n<\/tr>\n<tr valign=\"middle\">\n<td align=\"right\" valign=\"middle\">adres organizacji :<\/td>\n<td width=\"50%\">30-059\u00a0KRAK\u00d3W<br \/>\nAL. MICKIEWICZA\u00a030<\/td>\n<\/tr>\n<tr valign=\"middle\">\n<td align=\"right\" width=\"50%\">miasto :<\/td>\n<td width=\"50%\">KRAK\u00d3W<\/td>\n<\/tr>\n<tr valign=\"middle\">\n<td align=\"right\" width=\"50%\">wojew\u00f3dztwo :<\/td>\n<td width=\"50%\">MA\u0141OPOLSKIE<\/td>\n<\/tr>\n<tr valign=\"middle\">\n<td align=\"right\" width=\"50%\">data nadania statusu opp :<\/td>\n<td width=\"50%\">19-09-2008<\/td>\n<\/tr>\n<\/tbody>\n<\/table>\n<p>Stowarzyszenie Wychowank\u00f3w od pocz\u0105tku swojej dzia\u0142alno\u015bci anga\u017cuje si\u0119 w pomoc mniej zamo\u017cnym cz\u0142onkom i Wychowankom uczelni, kt\u00f3rzy znale\u017ali si\u0119 w trudnej sytuacji materialnej. Szczeg\u00f3\u0142y dotycz\u0105ce \u201eAkcji zapom\u00f3g\u201d znajdziecie Pa\u0144stwo klikaj\u0105c poni\u017cszy \u0142\u0105cznik:<\/p>\n<p align=\"CENTER\"><a href=\"https:\/\/swagh.agh.edu.pl\/?page_id=257\" target=\"_blank\" rel=\"noopener\">\u201eAKCJA ZAPOM\u00d3G\u201d <\/a>.<\/p>\n","protected":false},"excerpt":{"rendered":"<p>numer KRS organizacji po\u017cytku publicznego : 0000084696 nazwa organizacji po\u017cytku publicznego : STOWARZYSZENIE WYCHOWANK\u00d3W AKADEMII G\u00d3RNICZO &#8211; HUTNICZEJ IM. STANIS\u0141AWA STASZICA W KRAKOWIE adres strony WWW : \u00a0swagh.agh.edu.pl adres organizacji : 30-059\u00a0KRAK\u00d3W AL. MICKIEWICZA\u00a030 miasto<\/p>\n","protected":false},"author":1,"featured_media":0,"parent":0,"menu_order":0,"comment_status":"closed","ping_status":"open","template":"","meta":{"footnotes":"","_links_to":"","_links_to_target":""},"class_list":["post-76","page","type-page","status-publish","hentry"],"_links":{"self":[{"href":"https:\/\/swagh.agh.edu.pl\/index.php?rest_route=\/wp\/v2\/pages\/76","targetHints":{"allow":["GET"]}}],"collection":[{"href":"https:\/\/swagh.agh.edu.pl\/index.php?rest_route=\/wp\/v2\/pages"}],"about":[{"href":"https:\/\/swagh.agh.edu.pl\/index.php?rest_route=\/wp\/v2\/types\/page"}],"author":[{"embeddable":true,"href":"https:\/\/swagh.agh.edu.pl\/index.php?rest_route=\/wp\/v2\/users\/1"}],"replies":[{"embeddable":true,"href":"https:\/\/swagh.agh.edu.pl\/index.php?rest_route=%2Fwp%2Fv2%2Fcomments&post=76"}],"version-history":[{"count":7,"href":"https:\/\/swagh.agh.edu.pl\/index.php?rest_route=\/wp\/v2\/pages\/76\/revisions"}],"predecessor-version":[{"id":4523,"href":"https:\/\/swagh.agh.edu.pl\/index.php?rest_route=\/wp\/v2\/pages\/76\/revisions\/4523"}],"wp:attachment":[{"href":"https:\/\/swagh.agh.edu.pl\/index.php?rest_route=%2Fwp%2Fv2%2Fmedia&parent=76"}],"curies":[{"name":"wp","href":"https:\/\/api.w.org\/{rel}","templated":true}]}}