{"id":81,"date":"2011-07-23T13:07:49","date_gmt":"2011-07-23T13:07:49","guid":{"rendered":"http:\/\/localhost\/swagh\/?page_id=81"},"modified":"2016-04-08T10:07:51","modified_gmt":"2016-04-08T10:07:51","slug":"jubileusz-65-lecia-swagh","status":"publish","type":"page","link":"https:\/\/swagh.agh.edu.pl\/?page_id=81","title":{"rendered":"Jubileusze"},"content":{"rendered":"<h4 align=\"justify\"><span style=\"text-decoration: underline; color: #ff0000;\">70-lecie SW AGH<\/span><\/h4>\n<p>18 i 19 wrze\u015bnia 2015 roku okaza\u0142y si\u0119 wspania\u0142ymi dniami dla Stowarzyszenia Wychowank\u00f3w AGH.\u00a0 Jubileusz 70-lecia istnienie naszego stowarzyszenia \u015bwi\u0119towa\u0142o niemal 800 os\u00f3b, kt\u00f3re wys\u0142ucha\u0142y wyk\u0142ad\u00f3w zwi\u0105zanych z edukacj\u0105, badaniami naukowymi, przemys\u0142em i nasz\u0105 uczelni\u0105. W\u015br\u00f3d zaproszonych go\u015bci byli przedstawiciele w\u0142adz miasta i wojew\u00f3dztwa, naszej uczelni, przemys\u0142u i \u015bwiata naukowego. Nie zabrak\u0142o polskich i zagranicznych rzecznik\u00f3w k\u00f3\u0142 SW AGH.<\/p>\n<p><a href=\"http:\/\/galaxy.agh.edu.pl\/~swagh\/?p=1261\">http:\/\/galaxy.agh.edu.pl\/~swagh\/?p=1261<\/a><\/p>\n<p>Adres strony jubileuszowej<em>:<\/em><strong> <a href=\"http:\/\/www.swagh70.agh.edu.pl\">www.swagh70.agh.edu.pl<\/a><\/strong><\/p>\n<p>zdj\u0119cia:<\/p>\n<p><a href=\"http:\/\/foto.agh.edu.pl\/thumbnails.php?album=403\" rel=\"noreferrer\" target=\"_blank\">http:\/\/foto.agh.edu.pl\/thumbnails.php?album=403<\/a><\/p>\n<p><a href=\"http:\/\/foto.agh.edu.pl\/thumbnails.php?album=404\" rel=\"noreferrer\" target=\"_blank\">http:\/\/foto.agh.edu.pl\/thumbnails.php?album=404<\/a><\/p>\n<p><a href=\"http:\/\/albumy.ksaf.pl\/v\/70swagh\/\" rel=\"noreferrer\" target=\"_blank\">http:\/\/albumy.ksaf.pl\/v\/70swagh\/<\/a><\/p>\n<p>&nbsp;<\/p>\n<h4 align=\"justify\"><span style=\"text-decoration: underline; color: #ff0000;\">65-lecie SW AGH<\/span><\/h4>\n<h4 align=\"justify\"><\/h4>\n<p align=\"justify\">Min\u0119\u0142o 65 lat od powo\u0142ania do \u017cycia Stowarzyszenia Wychowank\u00f3w Akademii G\u00f3rniczo Hutniczej im. Stanis\u0142awa Staszica w Krakowie. Za\u0142o\u017cycielom Stowarzyszenia przy\u015bwieca\u0142 cel utrzymywania sta\u0142ej wi\u0119zi Wychowank\u00f3w z Uczelni\u0105, a ponadto piel\u0119gnowanie przyja\u017ani absolwent\u00f3w, kultywowanie tradycji g\u00f3rniczych i hutniczych, ochrona interes\u00f3w zawodowych i pomoc materialna dla cz\u0142onk\u00f3w Stowarzyszenia oraz ich rodzin. Celom tym Stowarzyszenie pozostaje wierne do dzi\u015b. W swej dzia\u0142alno\u015bci cieszy si\u0119 uznaniem i pomoc\u0105 w\u0142adz Uczelni oraz \u017cyczliwo\u015bci\u0105 kieruj\u0105cych polskim przemys\u0142em.<br \/>\n65-lecie Stowarzyszenia Wychowank\u00f3w AGH nie mo\u017ce oby\u0107 si\u0119 bez spotkania absolwent\u00f3w i\u00a0 naszych Wychowawc\u00f3w, bez refleksji nad przesz\u0142o\u015bci\u0105 i przysz\u0142o\u015bci\u0105\u00a0 naszej Uczelni, bez sentymentalnego powrotu do naszej Alma Mater. Rozsy\u0142amy wi\u0119c wici o Jubileuszowej Konferencji Naukowej pod has\u0142em:<\/p>\n<p align=\"justify\"><strong><em>\u201eRola Stowarzyszenia Wychowank\u00f3w AGH w integracji Uczelni z Wychowankami i Przemys\u0142em&#8221;<\/em><\/strong><\/p>\n<p align=\"justify\"><strong>Konferencja odb\u0119dzie si\u0119 22 pa\u017adziernika 2010r.<\/strong><\/p>\n<p><strong>Program uroczysto\u015bci Jubileuszowych:<\/strong><\/p>\n<p><strong>22.10.2010 r. (pi\u0105tek)<br \/>\n<\/strong>godz.\u00a0 9.00\u00a0 Msza \u015aw. (kolegiata \u015aw. Anny)<br \/>\ngodz. 10.00 Recepcja uczestnik\u00f3w<br \/>\ngodz. 12.00 Uroczysto\u015bci Jubileuszowe wraz z Konferencj\u0105\u00a0<strong>\u201eRola Stowarzyszenia Wychowank\u00f3w AGH w Integracji Uczelni z Wychowankami i Przemys\u0142em&#8221;<\/strong>\u00a0(aula A-O) godz. 14.30 Obiad<br \/>\ngodz. 16.00 \u00a0Spotkanie kole\u017ce\u0144skie uczestnik\u00f3w<\/p>\n<p>Koszt udzia\u0142u w Konferencji Jubileuszowej wynosi 250 z\u0142 dla uczestnik\u00f3w skierowanych przez Zak\u0142ad Pracy.<br \/>\nZg\u0142oszenia udzia\u0142u w Konferencji Jubileuszowej prosimy przesy\u0142a\u0107 na za\u0142\u0105czonych kartach zg\u0142osze\u0144 na adres:<\/p>\n<p align=\"center\"><strong><em>Stowarzyszenie Wychowank\u00f3w AGH al. Mickiewicza 30, 30-059 Krak\u00f3w<\/em><\/strong><\/p>\n<p>lub elektronicznie na adres:<\/p>\n<p align=\"center\"><strong><em>swagh@agh.edu.pl<\/em><\/strong><\/p>\n<p align=\"center\"><strong>termin zg\u0142osze\u0144 30 wrze\u015bnia 2010 r.<\/strong><\/p>\n<p align=\"justify\">Wp\u0142aty za udzia\u0142 w Konferencji nale\u017cy wnosi\u0107 na konto:<\/p>\n<p align=\"center\"><strong>Stowarzyszenie Wychowank\u00f3w AGH<br \/>\n<\/strong><strong>al. Mickiewicza 30, 30-059 Krak\u00f3w<\/strong><\/p>\n<p align=\"center\"><strong>91 1020 2892 0000 5002 0015 7412<\/strong><\/p>\n<p align=\"center\"><strong>z dopiskiem: udzia\u0142 w Konferencji Jubileuszowej<\/strong><\/p>\n<p align=\"justify\">Organizatorzy nie zapewniaj\u0105 zakwaterowania. Noclegi oferuje Miasteczko Studenckie w Domach Studenckich AGH. Kontakt (12)617 34 71<\/p>\n<p align=\"justify\">Wszelkie informacje o Zje\u017adzie Jubileuszowym i dokumenty mo\u017cna znale\u017a\u0107 na stronie internetowej AGH:<\/p>\n<p align=\"center\"><strong><em>http:\/\/www.agh.edu.pl<\/em><\/strong><\/p>\n<p>lub uzyska\u0107 telefonicznie pod numerami:<\/p>\n<p align=\"justify\"><strong>+(48) (12) 617-32-84,<br \/>\n+(48) (12) 617-23-55.<\/strong><\/p>\n<p align=\"justify\"><strong><span style=\"color: #0000ff;\"><a title=\"informacja o Jubileuszu\" href=\"\/swagh\/pdf\/jubileusz\/informacja.pdf\">informacja o Jubileuszu<\/a><\/span><\/strong><\/p>\n<p align=\"justify\"><strong><span style=\"color: #0000ff;\"><a title=\"karta zg\u0142oszenia\" href=\"\/swagh\/pdf\/jubileusz\/zgloszenie.doc\">karta zg\u0142oszenia<\/a><\/span><\/strong><\/p>\n","protected":false},"excerpt":{"rendered":"<p>70-lecie SW AGH 18 i 19 wrze\u015bnia 2015 roku okaza\u0142y si\u0119 wspania\u0142ymi dniami dla Stowarzyszenia Wychowank\u00f3w AGH.\u00a0 Jubileusz 70-lecia istnienie naszego stowarzyszenia \u015bwi\u0119towa\u0142o niemal 800 os\u00f3b, kt\u00f3re wys\u0142ucha\u0142y wyk\u0142ad\u00f3w zwi\u0105zanych z edukacj\u0105, badaniami naukowymi, przemys\u0142em<\/p>\n","protected":false},"author":1,"featured_media":0,"parent":0,"menu_order":0,"comment_status":"closed","ping_status":"open","template":"","meta":{"footnotes":"","_links_to":"","_links_to_target":""},"class_list":["post-81","page","type-page","status-publish","hentry"],"_links":{"self":[{"href":"https:\/\/swagh.agh.edu.pl\/index.php?rest_route=\/wp\/v2\/pages\/81","targetHints":{"allow":["GET"]}}],"collection":[{"href":"https:\/\/swagh.agh.edu.pl\/index.php?rest_route=\/wp\/v2\/pages"}],"about":[{"href":"https:\/\/swagh.agh.edu.pl\/index.php?rest_route=\/wp\/v2\/types\/page"}],"author":[{"embeddable":true,"href":"https:\/\/swagh.agh.edu.pl\/index.php?rest_route=\/wp\/v2\/users\/1"}],"replies":[{"embeddable":true,"href":"https:\/\/swagh.agh.edu.pl\/index.php?rest_route=%2Fwp%2Fv2%2Fcomments&post=81"}],"version-history":[{"count":21,"href":"https:\/\/swagh.agh.edu.pl\/index.php?rest_route=\/wp\/v2\/pages\/81\/revisions"}],"predecessor-version":[{"id":1382,"href":"https:\/\/swagh.agh.edu.pl\/index.php?rest_route=\/wp\/v2\/pages\/81\/revisions\/1382"}],"wp:attachment":[{"href":"https:\/\/swagh.agh.edu.pl\/index.php?rest_route=%2Fwp%2Fv2%2Fmedia&parent=81"}],"curies":[{"name":"wp","href":"https:\/\/api.w.org\/{rel}","templated":true}]}}